{"id":968,"date":"2021-08-06T18:09:24","date_gmt":"2021-08-06T16:09:24","guid":{"rendered":"https:\/\/akupunktur-freystaetter.de\/?page_id=968"},"modified":"2025-08-28T09:44:38","modified_gmt":"2025-08-28T07:44:38","slug":"imprint","status":"publish","type":"page","link":"https:\/\/akupunktur-freystaetter.de\/en\/imprint\/","title":{"rendered":"ImPRINT"},"content":{"rendered":"<p><strong>Heilpraktiker Werner Freyst\u00e4tter<\/strong><br \/>\nPraxisname: Two Rivers Acupuncture in der Praxis Ishikawa<br \/>\nPraxisr\u00e4ume: Sch\u00e4rfeng\u00e4\u00dfchen 4-6, 60311 Frankfurt<br \/>\nMobiltelefon: + 49 1573 798 2037<br \/>\nE-mail: praxis@freystaetter.com<\/p>\n<p>Die Praxis liegt drei Fu\u00dfminuten (ca. 250 m) von der Hauptwache entfernt zwischen Zeil und Liebfrauenberg.<\/p>\n<p><a href=\"https:\/\/goo.gl\/maps\/QEzFNWXrKMA2\" target=\"_blank\" rel=\"noopener noreferrer\">Siehe Googlemaps<\/a><\/p>\n<p><strong>Inhaltlich Verantwortlicher gem\u00e4\u00df \u00a7 5 TMG<\/strong><br \/>\nWerner Freyst\u00e4tter<br \/>\nSch\u00e4rfeng\u00e4\u00dfchen 4-6<br \/>\n60311 Frankfurt<br \/>\nMobile: +49 1573 798 2037<\/p>\n<p>Als Heilpraktiker t\u00e4tig aufgrund der Erlaubnis zur berufsm\u00e4\u00dfigen Aus\u00fcbung der Heilkunde ohne Bestallung nach dem Heilpraktikergesetz vom 17. Februar 1939. Die Erlaubnis zur berufsm\u00e4\u00dfigen Aus\u00fcbung der Heilkunde wurde erteilt am 14. Juni 2014 durch das Gesundheitsamt Kreis Offenbach.<\/p>\n<p>Es gelten folgende berufsrechtliche Regelungen einsehbar unter:<\/p>\n<p><a title=\"Gesetz \u00fcber die berufsm\u00e4\u00dfige Aus\u00fcbung der Heilkunde ohne Bestallung\" href=\"https:\/\/www.gesetze-im-internet.de\/heilprg\/BJNR002510939.html\" target=\"_blank\" rel=\"noopener noreferrer\">Heilpraktikergesetz<\/a><\/p>\n<p>Die Praxis ist gemeldet beim zust\u00e4ndigen Gesundheitsamt in Frankfurt am Main:<\/p>\n<p>Gesundheitsamt Frankfurt<br \/>\n53.21 Heilpraktiker und Gesundheitsberufe<br \/>\nBreite Gasse 28<br \/>\n60313 Frankfurt am Main<\/p>\n<p><strong>Abbmahnungen oder Rechteverletzungen<\/strong><br \/>\nSollten Sie nach Ihrer Meinung rechtswidrige Inhalte, insbesondere auch im Hinblick auf urheberrechtliche Vorschriften entdecken, fordere ich Sie auf, mich direkt und pers\u00f6nlich ohne kostenpflichtige Einschaltung eines<br \/>\nRechtsbeistandes zu kontaktieren. Dieser ist nicht erforderlich, da ich zusichere, im Falle des berechtigten Vorbringens unverz\u00fcglich auf erstes Anfordern f\u00fcr Abhilfe zu sorgen und die bedenklichen Inhalte zu entfernen. Die Einschaltung eines Rechtsbeistandes ist somit nicht erforderlich. Gegen dabei entstehende Kosten werde ich Einspruch erheben.<\/p>\n<p><strong>Heilversprechen \u2013 Heilmittelwerbegesetz<\/strong><br \/>\nAus rechtlichen Gr\u00fcnden weise ich darauf hin:<br \/>\nGrunds\u00e4tzlich soll bei der aufgef\u00fchrten Therapie nicht der Eindruck erweckt werden, dass diesem ein Heilversprechen zugrunde liegt.<\/p>\n<p>Ebenso wenig kann aus den Ausf\u00fchrungen abgeleitet werden, dass Linderung oder Verbesserung eines Krankheitszustandes garantiert oder versprochen werden.<\/p>\n<p><strong>\u00dcber die Traditionelle Chinesische Medizin (TCM)<\/strong><br \/>\nAus rechtlichen Gr\u00fcnden weise ich darauf hin:<br \/>\nWie die meisten Naturheilverfahren wird die Traditionelle Chinesische Medizin in ihren verschiedenen Therapieformen bw. nur in Teilbereichen von der evidenz-basierten Medizin nicht anerkannt. Die TCM geh\u00f6rt nicht zum allgemeinen medizinischen Standard in Deutschland.<\/p>\n<p>Wissenschaftliche Beweise seien noch nicht ausreichend erbracht worden und die Wirksamkeit ist nicht hinreichend gesichert und anerkannt.<\/p>\n<p><a href=\"https:\/\/akupunktur-freystaetter.de\/wp-content\/uploads\/\/AGTCM-Fachverband-Chin.-Medizin--200x81.png\" target=\"_blank\" rel=\"attachment wp-att-44 noopener noreferrer\"><img loading=\"lazy\" decoding=\"async\" class=\"alignnone wp-image-1191 size-thumbnail\" src=\"https:\/\/akupunktur-freystaetter.de\/wp-content\/uploads\/\/AGTCM-Fachverband-Chin.-Medizin--200x81.png\" alt=\"\" width=\"200\" height=\"81\" title=\"\" srcset=\"https:\/\/akupunktur-freystaetter.de\/wp-content\/uploads\/AGTCM-Fachverband-Chin.-Medizin--200x81.png 200w, https:\/\/akupunktur-freystaetter.de\/wp-content\/uploads\/AGTCM-Fachverband-Chin.-Medizin-.png 352w\" sizes=\"auto, (max-width: 200px) 100vw, 200px\" \/><\/a><\/p>\n<p><strong>Werner Freyst\u00e4tter ist Mitglied der AGTCM<\/strong><br \/>\nDie AGTCM ist ein gemeinn\u00fctziger Interessenverband f\u00fcr Heilpraktiker und \u00c4rzte. Weitere Vollmitglieder mit einer Praxis in Frankfurt und Umgebung finden Sie hier: <a href=\"https:\/\/www.agtcm.de\/patienten\/therapeuten-suche.htm\" target=\"_blank\" rel=\"noopener\">Therapeut:innen finden &#8211; AGTCM e.V. &#8211; Akupunktur und TCM<\/a><\/p>\n","protected":false},"excerpt":{"rendered":"<p>Heilpraktiker Werner Freyst\u00e4tter Praxisname: Two Rivers Acupuncture in der Praxis Ishikawa Praxisr\u00e4ume: Sch\u00e4rfeng\u00e4\u00dfchen 4-6, 60311 Frankfurt Mobiltelefon: + 49 1573 798 2037 E-mail: praxis@freystaetter.com Die Praxis liegt drei Fu\u00dfminuten (ca. 250 m) von der Hauptwache entfernt zwischen Zeil und Liebfrauenberg. Siehe Googlemaps Inhaltlich Verantwortlicher gem\u00e4\u00df \u00a7 5 TMG Werner Freyst\u00e4tter Sch\u00e4rfeng\u00e4\u00dfchen 4-6 60311 Frankfurt Mobile: +49 1573 798 2037 Als Heilpraktiker t\u00e4tig aufgrund der Erlaubnis zur berufsm\u00e4\u00dfigen Aus\u00fcbung der Heilkunde ohne Bestallung nach dem Heilpraktikergesetz [&hellip;]<\/p>\n","protected":false},"author":1,"featured_media":0,"parent":0,"menu_order":70,"comment_status":"closed","ping_status":"closed","template":"","meta":{"footnotes":""},"class_list":["post-968","page","type-page","status-publish","hentry"],"_links":{"self":[{"href":"https:\/\/akupunktur-freystaetter.de\/en\/wp-json\/wp\/v2\/pages\/968","targetHints":{"allow":["GET"]}}],"collection":[{"href":"https:\/\/akupunktur-freystaetter.de\/en\/wp-json\/wp\/v2\/pages"}],"about":[{"href":"https:\/\/akupunktur-freystaetter.de\/en\/wp-json\/wp\/v2\/types\/page"}],"author":[{"embeddable":true,"href":"https:\/\/akupunktur-freystaetter.de\/en\/wp-json\/wp\/v2\/users\/1"}],"replies":[{"embeddable":true,"href":"https:\/\/akupunktur-freystaetter.de\/en\/wp-json\/wp\/v2\/comments?post=968"}],"version-history":[{"count":2,"href":"https:\/\/akupunktur-freystaetter.de\/en\/wp-json\/wp\/v2\/pages\/968\/revisions"}],"predecessor-version":[{"id":2111,"href":"https:\/\/akupunktur-freystaetter.de\/en\/wp-json\/wp\/v2\/pages\/968\/revisions\/2111"}],"wp:attachment":[{"href":"https:\/\/akupunktur-freystaetter.de\/en\/wp-json\/wp\/v2\/media?parent=968"}],"curies":[{"name":"wp","href":"https:\/\/api.w.org\/{rel}","templated":true}]}}