{"id":930,"date":"2021-08-04T15:19:46","date_gmt":"2021-08-04T13:19:46","guid":{"rendered":"https:\/\/akupunktur-freystaetter.de\/?page_id=930"},"modified":"2025-08-28T10:04:54","modified_gmt":"2025-08-28T08:04:54","slug":"contact-directions","status":"publish","type":"page","link":"https:\/\/akupunktur-freystaetter.de\/en\/contact-directions\/","title":{"rendered":"CONTACT &#038; DIRECTIONS"},"content":{"rendered":"\n<p><strong>How to reach me:<\/strong><\/p>\n\n\n<p><strong>How to reach me:<\/strong><\/p>\n<ul>\n<li>Give me a call<br \/>or send me a text message (SMS)<\/li>\n<li>Mobile <a href=\"tel:+4915737982037\">01573 7982 037<\/a><br \/>Mon \u2013 Fri from 9.00 \u2013 18.00<br \/>(Don&#8217;t hide your phone number. \u00a0When I am busy treating patients, I will call you back!)<\/li>\n<li>or book an appointment online<\/li>\n<li><a href=\"https:\/\/www.doctolib.de\/heilpraktiker\/frankfurt-am-main\/werner-freystaetter\" target=\"_blank\" rel=\"noopener\">Werner Freyst\u00e4tter, Heilpraktiker in Frankfurt am Main &#8211; Doctolib<\/a><\/li>\n<li>or send me an E-Mail<br \/><a href=\"mailto:praxis@freystaetter.com\" target=\"_blank\" rel=\"noopener noreferrer\">praxis@freystaetter.com<\/a><\/li>\n<li>or send me a voicemail (button on the right of the website)<\/li>\n<\/ul>\n<p>I am checking my inboxes \/ messages twice daily (early mornings and late evenings).<\/p>\n<p><strong>Werner Freyst\u00e4tter<\/strong><br \/>TCM: Tuina &amp; Acupuncture<br \/>Two Rivers Acupuncture<br \/>c\/o Praxis Ishikawa<br \/>Sch\u00e4rfeng\u00e4\u00dfchen 6<br \/>60311 Frankfurt am Main<br \/>Mobile \u00a0<a href=\"tel:+4915737982037\">01573 7982 037<\/a><br \/><a href=\"mailto:praxis@freystaetter.com\" target=\"_blank\" rel=\"noopener noreferrer\">praxis@freystaetter.com<\/a><\/p>\n<p><b>Directions<\/b><\/p>\n<p>The clinic is 3 minutes on foot away from the S-Bahn station\u00a0&#8216;Hauptwache&#8217; between Zeil and Liebfrauenberg, one of two of the ancient public spaces in Frankfurt.<\/p>\n<p>The entry on Google-Maps:<br \/><a href=\"https:\/\/goo.gl\/maps\/QEzFNWXrKMA2\" target=\"_blank\" rel=\"noopener noreferrer\">https:\/\/goo.gl\/maps\/QEzFNWXrKMA2<\/a><\/p>\n<p><iframe loading=\"lazy\" style=\"border: 0;\" src=\"https:\/\/www.google.com\/maps\/embed?pb=!1m18!1m12!1m3!1d2558.5446262168707!2d8.679551915087623!3d50.11352991946601!2m3!1f0!2f0!3f0!3m2!1i1024!2i768!4f13.1!3m3!1m2!1s0x47bd0ea5879e1d13%3A0x151118bc249490a1!2sTwo+Rivers+Acupuncture+in+der+Praxis+Ishikawa!5e0!3m2!1sde!2sde!4v1458899542292\" width=\"600\" height=\"450\" frameborder=\"0\" allowfullscreen=\"allowfullscreen\"><\/iframe><!--more--><\/p>\n<p>S-Bahn Stationen in der N\u00e4he: Hauptwache und Konstablerwache<br \/>Parkh\u00e4user in der N\u00e4he: Hauptwache, Konstablerwache und R\u00f6mer<\/p>\n<p>My colleague Tadashi Ishikawa and I have our clinic with separate treatment rooms<br \/>on the third floor in Sch\u00e4rfeng\u00e4\u00dfchen 4-6. We use the same entrance as the hairstylist Mi Manchi.<\/p>\n<p><strong>&#8220;Sch\u00e4rfeng\u00e4\u00dfchen 4 -6&#8221;<\/strong> is the official street address, yet nobody but the postman can locate the entrance by that number. Once you are walking down this tiny street, look for the N2 and Mi Manchi signs<br \/>adjacent to the door. If the entrance door is not open, ring the bell. Otherwise, take the lift to the 3rd floor.<\/p>\n<p>Just look to the left, when stepping out of the lift and you will find our clinic.<\/p>\n<figure id=\"attachment_734\" aria-describedby=\"caption-attachment-734\" style=\"width: 600px\" class=\"wp-caption alignnone\"><img loading=\"lazy\" decoding=\"async\" class=\"size-medium wp-image-734\" src=\"https:\/\/akupunktur-freystaetter.de\/wp-content\/uploads\/\/praxis-wegbeschreibung-600x258.jpg\" alt=\"\" width=\"600\" height=\"258\" title=\"\" srcset=\"https:\/\/akupunktur-freystaetter.de\/wp-content\/uploads\/praxis-wegbeschreibung-600x258.jpg 600w, https:\/\/akupunktur-freystaetter.de\/wp-content\/uploads\/praxis-wegbeschreibung-200x86.jpg 200w, https:\/\/akupunktur-freystaetter.de\/wp-content\/uploads\/praxis-wegbeschreibung.jpg 739w\" sizes=\"auto, (max-width: 600px) 100vw, 600px\" \/><figcaption id=\"caption-attachment-734\" class=\"wp-caption-text\">Heilpraktiker Werner Freyst\u00e4tter f\u00fcr Chinesische Medizin in der Praxis Ishikawa Sch\u00e4rfeng\u00e4\u00dfchen 4 -6 im 3.Stock<\/figcaption><\/figure>\n<p>When the entrance door is closed, please ring the doorbell. \u00a0The clinic is on the 3rd floor and can only be reached with the lift.<\/p>\n\n\n<ul class=\"wp-block-list\">\n<li>Give me a call or send me a text message (SMS)<\/li>\n\n\n\n<li>Mobile <a href=\"tel:+4915737982037\">01573 7982 037<\/a> Mon \u2013 Fri from 9.00 \u2013 18.00 (Don&#8217;t hide your phone number. \u00a0When I am busy treating patients, I will call you back!)<\/li>\n\n\n\n<li>or book an appointment online: <a href=\"https:\/\/tworiversacupuncture.simplybook.it\/v2\/#book\" target=\"_blank\" rel=\"noreferrer noopener\"><a href=\"https:\/\/www.doctolib.de\/heilpraktiker\/frankfurt-am-main\/werner-freystaetter\" target=\"_blank\" rel=\"noopener\">Werner Freyst\u00e4tter, Heilpraktiker in Frankfurt am Main &#8211; Doctolib<\/a>\u00a0<\/a><\/li>\n\n\n\n<li>or send me an E-Mail <a href=\"mailto:praxis@freystaetter.com\" target=\"_blank\" rel=\"noreferrer noopener\">praxis@freystaetter.com<\/a><\/li>\n<\/ul>\n\n\n\n<p>I am checking my inboxes \/ messages twice daily (early mornings and late evenings).<\/p>\n\n\n\n<p><a href=\"mailto:praxis@freystaetter.com\" target=\"_blank\" rel=\"noreferrer noopener\">praxis@freystaetter.com<\/a><\/p>\n\n\n\n<p><\/p>\n\n\n\n<p><\/p>\n\n\n\n<p><\/p>\n","protected":false},"excerpt":{"rendered":"<p>How to reach me: How to reach me: Give me a callor send me a text message (SMS) Mobile 01573 7982 037Mon \u2013 Fri from 9.00 \u2013 18.00(Don&#8217;t hide your phone number. \u00a0When I am busy treating patients, I will call you back!) or book an appointment online Werner Freyst\u00e4tter, Heilpraktiker in Frankfurt am Main &#8211; Doctolib or send me an E-Mailpraxis@freystaetter.com or send me a voicemail (button on the right of the website) I [&hellip;]<\/p>\n","protected":false},"author":1,"featured_media":0,"parent":0,"menu_order":20,"comment_status":"closed","ping_status":"closed","template":"","meta":{"footnotes":""},"class_list":["post-930","page","type-page","status-publish","hentry"],"_links":{"self":[{"href":"https:\/\/akupunktur-freystaetter.de\/en\/wp-json\/wp\/v2\/pages\/930","targetHints":{"allow":["GET"]}}],"collection":[{"href":"https:\/\/akupunktur-freystaetter.de\/en\/wp-json\/wp\/v2\/pages"}],"about":[{"href":"https:\/\/akupunktur-freystaetter.de\/en\/wp-json\/wp\/v2\/types\/page"}],"author":[{"embeddable":true,"href":"https:\/\/akupunktur-freystaetter.de\/en\/wp-json\/wp\/v2\/users\/1"}],"replies":[{"embeddable":true,"href":"https:\/\/akupunktur-freystaetter.de\/en\/wp-json\/wp\/v2\/comments?post=930"}],"version-history":[{"count":2,"href":"https:\/\/akupunktur-freystaetter.de\/en\/wp-json\/wp\/v2\/pages\/930\/revisions"}],"predecessor-version":[{"id":2127,"href":"https:\/\/akupunktur-freystaetter.de\/en\/wp-json\/wp\/v2\/pages\/930\/revisions\/2127"}],"wp:attachment":[{"href":"https:\/\/akupunktur-freystaetter.de\/en\/wp-json\/wp\/v2\/media?parent=930"}],"curies":[{"name":"wp","href":"https:\/\/api.w.org\/{rel}","templated":true}]}}