{"id":632,"date":"2020-05-11T14:28:55","date_gmt":"2020-05-11T12:28:55","guid":{"rendered":"https:\/\/akupunktur-freystaetter.de\/?page_id=632"},"modified":"2025-06-10T16:45:17","modified_gmt":"2025-06-10T14:45:17","slug":"injektionen-neuraltherapie","status":"publish","type":"page","link":"https:\/\/akupunktur-freystaetter.de\/en\/injektionen-neuraltherapie\/","title":{"rendered":"Injektionen &#038; Neuraltherapie"},"content":{"rendered":"\n<p><b>Als Erg\u00e4nzung zur K\u00f6rperakupunktur und zum Auffrischen von Vitalstoffdefiziten <\/b><\/p>\n\n\n\n<p>Subkutane Injektionen in Bauch oder Oberarm:<\/p>\n\n\n\n<ul class=\"wp-block-list\">\n<li>zur Unterst\u00fctzung der <a href=\"https:\/\/akupunktur-freystaetter.de\/kinderwunsch-akupunktur\/\">Fertilit\u00e4t<\/a> (z.B. Fols\u00e4ure bei Frauen)<\/li>\n\n\n\n<li>zur Auffrischung mit Vitaminen und anderen Mikron\u00e4hrstoffen (z.B. Vit B12)<\/li>\n\n\n\n<li>zur Behandlung mit hom\u00f6opathischen Komplexmitteln (je nach Beschwerdebild z.B. zur Unterst\u00fctzung bei Tinnitus Behandlungen)<\/li>\n<\/ul>\n\n\n\n<p>Subkutane Injektionen f\u00fcr die Lokalan\u00e4sthesie bei akuten und chronischen Schmerzen (Pr\u00e4parate mit dem Wirkstoff <a href=\"https:\/\/de.wikipedia.org\/wiki\/Lidocain\" target=\"_blank\" rel=\"noopener\">Lidocain<\/a> oder <a href=\"https:\/\/de.wikipedia.org\/wiki\/Procain\" target=\"_blank\" rel=\"noopener\">Procain<\/a>) oder die lokale Injektion von hom\u00f6opathischen Mitteln wie Traumeel vom Hersteller Heel.<\/p>\n\n\n\n<ul class=\"wp-block-list\">\n<li>Lokalisation der Einstichpunkte basiert auf dem Meridian- \/ Leitbahen- \/ und Akupunkturpunkt-konzepten der chinesischen Medizin oder physiotherapeutisch-anatomie basierten Konzepten (Triggerpunkte, Dry Needling Anatomie)<\/li>\n\n\n\n<li>Die Injektion erfolgt subkutan mit kurzen Kan\u00fclen aus dem kosmetischen-chirurgischen Sortiment (<a href=\"https:\/\/de.wikipedia.org\/wiki\/Mesotherapie\" target=\"_blank\" rel=\"noopener\">Mesotherapie<\/a>)<\/li>\n\n\n\n<li>Typisch f\u00fcr diese Anwendungen ist das tempor\u00e4re Erscheinen von Quaddeln<\/li>\n<\/ul>\n\n\n\n<figure class=\"wp-block-image\"><a href=\"https:\/\/akupunktur-freystaetter.de\/wp-content\/uploads\/Subkutane_Injektionsnadel_Mesotherapie_HP_Freystaetter_Frankfurt_Main.jpg\"><img loading=\"lazy\" decoding=\"async\" width=\"200\" height=\"60\" src=\"https:\/\/akupunktur-freystaetter.de\/wp-content\/uploads\/Subkutane_Injektionsnadel_Mesotherapie_HP_Freystaetter_Frankfurt_Main-200x60.jpg\" alt=\"\" class=\"wp-image-638\" title=\"\" srcset=\"https:\/\/akupunktur-freystaetter.de\/wp-content\/uploads\/Subkutane_Injektionsnadel_Mesotherapie_HP_Freystaetter_Frankfurt_Main-200x60.jpg 200w, https:\/\/akupunktur-freystaetter.de\/wp-content\/uploads\/Subkutane_Injektionsnadel_Mesotherapie_HP_Freystaetter_Frankfurt_Main-600x181.jpg 600w, https:\/\/akupunktur-freystaetter.de\/wp-content\/uploads\/Subkutane_Injektionsnadel_Mesotherapie_HP_Freystaetter_Frankfurt_Main.jpg 800w\" sizes=\"auto, (max-width: 200px) 100vw, 200px\" \/><\/a><\/figure>\n\n\n\n<p>Dieser Behandlungen eignen sich f\u00fcr:<\/p>\n\n\n\n<ul class=\"wp-block-list\">\n<li>Erg\u00e4nzungen zur Akupunktur der Chinesischen Medizin und dem Dry Needling,<\/li>\n\n\n\n<li>Erg\u00e4nzungen zur Tuina (manuellen Therapie),<\/li>\n\n\n\n<li>Regulationstherapien: Injektion ins \u00e4u\u00dfere Ohr oder subkutane Injektion der Schilddr\u00fcsenregion (<a href=\"https:\/\/de.wikipedia.org\/wiki\/Neuraltherapie\" target=\"_blank\" rel=\"noopener\">Neuraltherapie<\/a>)<\/li>\n<\/ul>\n\n\n<div class=\"wp-block-image\">\n<figure class=\"alignleft\"><a href=\"https:\/\/akupunktur-freystaetter.de\/wp-content\/uploads\/Lidocain_Ampullen_Nadeln_Neuraltherapie_Lokalan\u00e4sthetikum_HP_Freystaetter_Frankfurt_Main.jpg\"><img loading=\"lazy\" decoding=\"async\" width=\"200\" height=\"184\" src=\"https:\/\/akupunktur-freystaetter.de\/wp-content\/uploads\/Lidocain_Ampullen_Nadeln_Neuraltherapie_Lokalan\u00e4sthetikum_HP_Freystaetter_Frankfurt_Main-200x184.jpg\" alt=\"\" class=\"wp-image-640\" title=\"\" srcset=\"https:\/\/akupunktur-freystaetter.de\/wp-content\/uploads\/Lidocain_Ampullen_Nadeln_Neuraltherapie_Lokalan\u00e4sthetikum_HP_Freystaetter_Frankfurt_Main-200x184.jpg 200w, https:\/\/akupunktur-freystaetter.de\/wp-content\/uploads\/Lidocain_Ampullen_Nadeln_Neuraltherapie_Lokalan\u00e4sthetikum_HP_Freystaetter_Frankfurt_Main-600x552.jpg 600w, https:\/\/akupunktur-freystaetter.de\/wp-content\/uploads\/Lidocain_Ampullen_Nadeln_Neuraltherapie_Lokalan\u00e4sthetikum_HP_Freystaetter_Frankfurt_Main.jpg 800w\" sizes=\"auto, (max-width: 200px) 100vw, 200px\" \/><\/a><\/figure><\/div>\n\n\n<p><\/p>\n\n\n\n<p><\/p>\n","protected":false},"excerpt":{"rendered":"<p>Als Erg\u00e4nzung zur K\u00f6rperakupunktur und zum Auffrischen von Vitalstoffdefiziten Subkutane Injektionen in Bauch oder Oberarm: Subkutane Injektionen f\u00fcr die Lokalan\u00e4sthesie bei akuten und chronischen Schmerzen (Pr\u00e4parate mit dem Wirkstoff Lidocain oder Procain) oder die lokale Injektion von hom\u00f6opathischen Mitteln wie Traumeel vom Hersteller Heel. Dieser Behandlungen eignen sich f\u00fcr:<\/p>\n","protected":false},"author":1,"featured_media":0,"parent":0,"menu_order":0,"comment_status":"closed","ping_status":"closed","template":"","meta":{"footnotes":""},"class_list":["post-632","page","type-page","status-publish","hentry"],"_links":{"self":[{"href":"https:\/\/akupunktur-freystaetter.de\/en\/wp-json\/wp\/v2\/pages\/632","targetHints":{"allow":["GET"]}}],"collection":[{"href":"https:\/\/akupunktur-freystaetter.de\/en\/wp-json\/wp\/v2\/pages"}],"about":[{"href":"https:\/\/akupunktur-freystaetter.de\/en\/wp-json\/wp\/v2\/types\/page"}],"author":[{"embeddable":true,"href":"https:\/\/akupunktur-freystaetter.de\/en\/wp-json\/wp\/v2\/users\/1"}],"replies":[{"embeddable":true,"href":"https:\/\/akupunktur-freystaetter.de\/en\/wp-json\/wp\/v2\/comments?post=632"}],"version-history":[{"count":2,"href":"https:\/\/akupunktur-freystaetter.de\/en\/wp-json\/wp\/v2\/pages\/632\/revisions"}],"predecessor-version":[{"id":2089,"href":"https:\/\/akupunktur-freystaetter.de\/en\/wp-json\/wp\/v2\/pages\/632\/revisions\/2089"}],"wp:attachment":[{"href":"https:\/\/akupunktur-freystaetter.de\/en\/wp-json\/wp\/v2\/media?parent=632"}],"curies":[{"name":"wp","href":"https:\/\/api.w.org\/{rel}","templated":true}]}}