{"id":529,"date":"2017-09-11T10:46:36","date_gmt":"2017-09-11T08:46:36","guid":{"rendered":"https:\/\/akupunktur-freystaetter.de\/?page_id=529"},"modified":"2023-06-01T09:48:20","modified_gmt":"2023-06-01T07:48:20","slug":"chinesische-medizin-immunsystem","status":"publish","type":"page","link":"https:\/\/akupunktur-freystaetter.de\/en\/chinesische-medizin-immunsystem\/","title":{"rendered":"TCM und das Immunsystem"},"content":{"rendered":"<h2>Immunsystem, Erk\u00e4ltungen &amp; Abwehrkr\u00e4fte<\/h2>\n<p>Kalter Wind, k\u00fchle Abende, Regen und der Wetterumschwung greifen unser Immunsystem an.<\/p>\n<p>Betroffen im Abwehrkampf sind vor allem:<\/p>\n<ul>\n<li><strong>Lymphe:<\/strong> Der Lymphfluss wird mit Tuina angeregt<\/li>\n<li><strong>Milz und Darm:<\/strong> Akupunktur und Tuina, entspannen den Muskeltonus und behandeln symptombezogen<\/li>\n<li><strong>Lunge:<\/strong> Die Atemhilfsmuskulatur wird gezielt entspannt und die Durchblutung f\u00f6rdern<\/li>\n<\/ul>\n<p>Neben einem geschw\u00e4chten Immunsystem zieht die Diagnose der Chinesischen Medizin typische Symptome wie:<\/p>\n<ul>\n<li>Kalte F\u00fc\u00dfe und kalte H\u00e4nde<\/li>\n<li>Kalter R\u00fccken und oder kalter Bauch<\/li>\n<\/ul>\n<p>in Betracht.<\/p>\n<p>Behandelt wird mit:<\/p>\n<ul>\n<li><strong>Akupunktur:<\/strong> Mit empirisch erprobten Punktkombination zur St\u00e4rkung des Immunsystems<\/li>\n<li><strong>Tuina:<\/strong> Die manuelle Therapie der Chinesischen Medizin<\/li>\n<li><strong>Moxibustion:<\/strong> Das Anw\u00e4rmen von Akupunkturpunkten<\/li>\n<li><strong>Gua Sha<\/strong> und <strong>Schr\u00f6pfen<\/strong>: F\u00f6rdert die Durchblutung in der Haut und bei Anwendung an R\u00fccken stimuliert \u00fcber die Nervenans\u00e4tze an der Wirbels\u00e4ule gezielt bestimmte Organe.<\/li>\n<li><strong>TDP W\u00e4rmelampe:<\/strong> W\u00e4rmt unterk\u00fchlte K\u00f6rperpartien<\/li>\n<\/ul>\n<p>Hier geht es zum Buchen eines Termins:<br \/>\n<a href=\"https:\/\/tworiversacupuncture.simplybook.it\/v2\/#book\/category\/2\/\" rel=\"attachment wp-att-4 noopener\" target=\"_blank\"><img loading=\"lazy\" decoding=\"async\" class=\"alignnone size-thumbnail wp-image-4\" src=\"https:\/\/akupunktur-freystaetter.de\/wp-content\/uploads\/termin_online_blau.jpg\" alt=\"termin_online_blau\" width=\"160\" height=\"80\" title=\"\"><\/a><\/p>\n","protected":false},"excerpt":{"rendered":"<p>Immunsystem, Erk\u00e4ltungen &amp; Abwehrkr\u00e4fte Kalter Wind, k\u00fchle Abende, Regen und der Wetterumschwung greifen unser Immunsystem an. Betroffen im Abwehrkampf sind vor allem: Lymphe: Der Lymphfluss wird mit Tuina angeregt Milz und Darm: Akupunktur und Tuina, entspannen den Muskeltonus und behandeln symptombezogen Lunge: Die Atemhilfsmuskulatur wird gezielt entspannt und die Durchblutung f\u00f6rdern Neben einem geschw\u00e4chten Immunsystem zieht die Diagnose der Chinesischen Medizin typische Symptome wie: Kalte F\u00fc\u00dfe und kalte H\u00e4nde Kalter R\u00fccken und oder kalter Bauch [&hellip;]<\/p>\n","protected":false},"author":3,"featured_media":0,"parent":0,"menu_order":0,"comment_status":"closed","ping_status":"closed","template":"","meta":{"footnotes":""},"class_list":["post-529","page","type-page","status-publish","hentry"],"_links":{"self":[{"href":"https:\/\/akupunktur-freystaetter.de\/en\/wp-json\/wp\/v2\/pages\/529","targetHints":{"allow":["GET"]}}],"collection":[{"href":"https:\/\/akupunktur-freystaetter.de\/en\/wp-json\/wp\/v2\/pages"}],"about":[{"href":"https:\/\/akupunktur-freystaetter.de\/en\/wp-json\/wp\/v2\/types\/page"}],"author":[{"embeddable":true,"href":"https:\/\/akupunktur-freystaetter.de\/en\/wp-json\/wp\/v2\/users\/3"}],"replies":[{"embeddable":true,"href":"https:\/\/akupunktur-freystaetter.de\/en\/wp-json\/wp\/v2\/comments?post=529"}],"version-history":[{"count":0,"href":"https:\/\/akupunktur-freystaetter.de\/en\/wp-json\/wp\/v2\/pages\/529\/revisions"}],"wp:attachment":[{"href":"https:\/\/akupunktur-freystaetter.de\/en\/wp-json\/wp\/v2\/media?parent=529"}],"curies":[{"name":"wp","href":"https:\/\/api.w.org\/{rel}","templated":true}]}}