{"id":467,"date":"2017-08-09T08:31:01","date_gmt":"2017-08-09T06:31:01","guid":{"rendered":"https:\/\/akupunktur-freystaetter.de\/?page_id=467"},"modified":"2025-08-28T09:36:56","modified_gmt":"2025-08-28T07:36:56","slug":"parken-in-frankfurt-stadtmitte","status":"publish","type":"page","link":"https:\/\/akupunktur-freystaetter.de\/en\/parken-in-frankfurt-stadtmitte\/","title":{"rendered":"Parken in Frankfurt Stadtmitte"},"content":{"rendered":"<p>Meine Praxis liegt in der Stadtmitte von Frankfurt.\u00a0 Die Anreise mit den \u00f6ffentlichen Verkehrsmitteln ist stressfreier.\u00a0 Wer von weiter her mit dem Auto kommt, kann eines der vielen umliegenden Parkh\u00e4user nutzen.<\/p>\n<p>Die n\u00e4chsten Parkh\u00e4user sind:<\/p>\n<ul>\n<li>Parkhaus Konstabler<\/li>\n<li>Parkhaus Dom am R\u00f6mer<\/li>\n<li>Parkhaus Hauptwache<\/li>\n<\/ul>\n<p>Alle 3 werden vom st\u00e4dtischen Betreiber bewirtschaftet.\u00a0 Die privat gef\u00fchrten Parkh\u00e4user &#8216;Karstadt&#8217; und &#8216;My Zeil&#8217; liegen auch in der N\u00e4he.\u00a0 Sie haben aber andere Tarife und \u00d6ffnungszeiten.<\/p>\n<p><img loading=\"lazy\" decoding=\"async\" class=\"alignnone size-medium wp-image-468\" src=\"https:\/\/akupunktur-freystaetter.de\/wp-content\/uploads\/Parkh\u00e4user-in-der-Umgebung-Two-Rivers-Acupuncture-Stadtmitte-Frankfurt-600x412.png\" alt=\"Parkm\u00f6glichkeiten in der N\u00e4he von Two Rivers Acupuncture in Frankfurt\" width=\"600\" height=\"412\" title=\"\" srcset=\"https:\/\/akupunktur-freystaetter.de\/wp-content\/uploads\/Parkh\u00e4user-in-der-Umgebung-Two-Rivers-Acupuncture-Stadtmitte-Frankfurt-600x412.png 600w, https:\/\/akupunktur-freystaetter.de\/wp-content\/uploads\/Parkh\u00e4user-in-der-Umgebung-Two-Rivers-Acupuncture-Stadtmitte-Frankfurt-200x137.png 200w, https:\/\/akupunktur-freystaetter.de\/wp-content\/uploads\/Parkh\u00e4user-in-der-Umgebung-Two-Rivers-Acupuncture-Stadtmitte-Frankfurt.png 739w\" sizes=\"auto, (max-width: 600px) 100vw, 600px\" \/><\/p>\n<p>\u00d6ffentliche (Bezahl)-Parkpl\u00e4tze gibt es auch in der T\u00f6ngesgasse gegen\u00fcber dem <a href=\"https:\/\/shops.oxfam.de\/shops\/frankfurt-buch\" target=\"_blank\" rel=\"noopener\">Oxfam Buchladen<\/a>.\u00a0 Diese sind jedoch meistens belegt.<\/p>\n<p>Weitere Parkh\u00e4user in Laufn\u00e4he von der Zeil und meiner Praxis sind:<\/p>\n<ul>\n<li>Konrad-Adenauer Stra\u00dfe<\/li>\n<li>Am Gericht<\/li>\n<\/ul>\n<p>Ausf\u00fchrliche Informationen \u00fcber die Parksituation finden Sie bei dem <a href=\"https:\/\/www.parkhausfrankfurt.de\/de\/\" target=\"_blank\" rel=\"noopener\">st\u00e4dtischen Betreiber der Park\u00e4user PBG<\/a>.<\/p>\n<h2>Das g\u00fcnstigste Parkhaus in der N\u00e4he: Karstadt Zeil<\/h2>\n<p>Parkhaus Karstadt Zeil \u00b7 Br\u00f6nnerstra\u00dfe 6 \u00b7 60313 Frankfurt am Main<\/p>\n<p>\u00d6ffnungszeiten:<br \/>\nMontag-Samstag: 06:30-20:00 Uhr An Tagen mit verl\u00e4ngerter \u00d6ffnungszeit (wie Weihnachten) hat das Parkhausvon 06:15 Uhr \u2013 21:30 Uhr ge\u00f6ffnet.\u00a0 Achtung: Das Parkhaus ist nur \u00fcber das Kaufhaus Karstadt zug\u00e4nglich.<br \/>\nParkgeb\u00fchren:<br \/>\n2 Euro \/ 1 Stunde, 4 Euro \/ 2 Stunden, 2,50 Euro \/ jede weiter Stunde<\/p>\n<h2>Teurer aber durchgehend offen: Parkhaus My Zeil<\/h2>\n<p>Parkhaus My Zeil \u00b7 Grosse Eschenheimer Strasse 10 \u00b7 60313 Frankfurt<br \/>\n\u00d6ffnungszeiten durchgehend<br \/>\nParkgeb\u00fchren:\u00a0 Die ersten 50 Minuten 2,70 \u20ac. \u00b7 Jede weitere angefangenen 50 Minuten 2,70 \u20ac<\/p>\n<h2>Weiter weg: Parkhaus Alt-Sachsenhausen u. in die Innenstadt laufen<\/h2>\n<p>Mein Geheimtipp ist das Parkhaus Alt-Sachsenhausen in Sachsenhausen gegen\u00fcber vom Mainufer.\u00a0 Es hat zur Zeit die geringsten Parkgeb\u00fchren von den zentrum-nahen Parkh\u00e4usern mit 1 \u20ac pro angefangener Stunde.<\/p>\n<p>Mit einem kleinen Spaziergang \u00fcber den Eisernen Steg und dem Dom-R\u00f6mer zum Liebfrauen Berg brauchen Sie ca. 10 Minuten zu meiner Praxis.<\/p>\n<p>Weitere Anbindungen mit \u00d6ffentlichen Verkehrsmitteln<\/p>\n<p>Andere \u00f6ffentliche Verkehrsmittel:<\/p>\n<ul>\n<li>Die Stra\u00dfenbahnen am Dom R\u00f6mer<\/li>\n<li>Stra\u00dfenbahn und Bushaltestellen an der Konstablerwache<\/li>\n<\/ul>\n<p>Mehr Informationen gibt es \u00fcber die Webseite des <a href=\"https:\/\/www.rmv.de\/de\/\" target=\"_blank\" rel=\"noopener\">RMV<\/a>.<\/p>\n<h2>Weitere\u00a0 Akupunktur und Chinesische Medizin Therapeuten in anderen Stadtteilen von Frankfurt<\/h2>\n<p>Sie suchen einen Heilpraktiker oder Arzt f\u00fcr Chinesische Medizin und Akupunktur au\u00dferhalb der Frankfurter Innenstadt?\u00a0 Ich habe Kollegen, welche auch Mitglied in der <a href=\"https:\/\/www.agtcm.de\/patienten\/index.htm\" target=\"_blank\" rel=\"noopener\">AGTCM<\/a> sind unter anderem in den Stadtteilen Sachsenhausen, Bornheim, Bockenheim und Stadtmitte.<\/p>\n<p>Diese finden Sie \u00fcber den <a href=\"https:\/\/www.agtcm.de\/patienten\/therapeuten-suche.htm\" target=\"_blank\" rel=\"noopener\">Eintrag im Register der AGTCM<\/a>.<\/p>\n","protected":false},"excerpt":{"rendered":"<p>Meine Praxis liegt in der Stadtmitte von Frankfurt.\u00a0 Die Anreise mit den \u00f6ffentlichen Verkehrsmitteln ist stressfreier.\u00a0 Wer von weiter her mit dem Auto kommt, kann eines der vielen umliegenden Parkh\u00e4user nutzen. Die n\u00e4chsten Parkh\u00e4user sind: Parkhaus Konstabler Parkhaus Dom am R\u00f6mer Parkhaus Hauptwache Alle 3 werden vom st\u00e4dtischen Betreiber bewirtschaftet.\u00a0 Die privat gef\u00fchrten Parkh\u00e4user &#8216;Karstadt&#8217; und &#8216;My Zeil&#8217; liegen auch in der N\u00e4he.\u00a0 Sie haben aber andere Tarife und \u00d6ffnungszeiten. \u00d6ffentliche (Bezahl)-Parkpl\u00e4tze gibt es auch [&hellip;]<\/p>\n","protected":false},"author":3,"featured_media":0,"parent":0,"menu_order":0,"comment_status":"closed","ping_status":"closed","template":"","meta":{"footnotes":""},"class_list":["post-467","page","type-page","status-publish","hentry"],"_links":{"self":[{"href":"https:\/\/akupunktur-freystaetter.de\/en\/wp-json\/wp\/v2\/pages\/467","targetHints":{"allow":["GET"]}}],"collection":[{"href":"https:\/\/akupunktur-freystaetter.de\/en\/wp-json\/wp\/v2\/pages"}],"about":[{"href":"https:\/\/akupunktur-freystaetter.de\/en\/wp-json\/wp\/v2\/types\/page"}],"author":[{"embeddable":true,"href":"https:\/\/akupunktur-freystaetter.de\/en\/wp-json\/wp\/v2\/users\/3"}],"replies":[{"embeddable":true,"href":"https:\/\/akupunktur-freystaetter.de\/en\/wp-json\/wp\/v2\/comments?post=467"}],"version-history":[{"count":2,"href":"https:\/\/akupunktur-freystaetter.de\/en\/wp-json\/wp\/v2\/pages\/467\/revisions"}],"predecessor-version":[{"id":2105,"href":"https:\/\/akupunktur-freystaetter.de\/en\/wp-json\/wp\/v2\/pages\/467\/revisions\/2105"}],"wp:attachment":[{"href":"https:\/\/akupunktur-freystaetter.de\/en\/wp-json\/wp\/v2\/media?parent=467"}],"curies":[{"name":"wp","href":"https:\/\/api.w.org\/{rel}","templated":true}]}}