{"id":319,"date":"2017-03-10T07:48:31","date_gmt":"2017-03-10T06:48:31","guid":{"rendered":"https:\/\/akupunktur-freystaetter.de\/?page_id=319"},"modified":"2025-06-10T15:45:41","modified_gmt":"2025-06-10T13:45:41","slug":"akupunktur-zum-ersten-mal-in-frankfurt","status":"publish","type":"page","link":"https:\/\/akupunktur-freystaetter.de\/en\/akupunktur-zum-ersten-mal-in-frankfurt\/","title":{"rendered":"Der erste Termin f\u00fcr Akupunktur"},"content":{"rendered":"\n<p>Auf dieser Seite beschreibe ich den typischen Ablauf eines Ersttermins:<\/p>\n\n\n\n<h2 class=\"wp-block-heading\">Kontaktaufnahme &amp; Termin buchen<\/h2>\n\n\n\n<p>1. Sie rufen an oder buchen einen Termin per Doctolib oder E-mail.<\/p>\n\n\n\n<p>2. Wenn Sie anrufen, beantworte ich gerne allgemeine Fragen zu meinen Angeboten und Ihrem Anliegen. Schon im Gespr\u00e4ch h\u00f6ren Sie meine Stimme und bekommen einen ersten Eindruck.<\/p>\n\n\n\n<p>3. F\u00fcr eine genaue Einsch\u00e4tzung ist ein Treffen aber unumg\u00e4nglich.<\/p>\n\n\n\n<h2 class=\"wp-block-heading\">Die ersten 30 Minuten &#8211; ein unverbindliches Beratungsgespr\u00e4ch<\/h2>\n\n\n\n<p>4. Deswegen sind <strong>die ersten 30 Minuten beim Ersttermin Teil eines unverbindlichen Beratungsgespr\u00e4ch<\/strong>. Hier gehen wir genau auf Ihr Anliegen ein. Ich beantworte konkrete Fragen in Bezug auf die Therapieoptionen. Und Sie k\u00f6nnen in Ruhe eine Entscheidung treffen.<\/p>\n\n\n\n<h2 class=\"wp-block-heading\">Patientenvertrag, Aufkl\u00e4rungsbogen, Dokumentation &amp; Informationsblatt<\/h2>\n\n\n\n<p>5. Wenn Sie sich f\u00fcr eine Behandlung entschliessen, bekommen Sie einen <strong>Patientenvertrag<\/strong>. Der Patiententvertrag gibt Ihnen im verst\u00e4ndlichen Deutsch:<\/p>\n\n\n\n<ul class=\"wp-block-list\">\n<li>Informationen \u00fcber die <a href=\"https:\/\/akupunktur-freystaetter.de\/preise-akupunktur-tuina-frankfurt-main\/\">Behandlungskosten<\/a><\/li>\n\n\n\n<li>Informationen \u00fcber die eventuelle \u00dcbernahme von Kosten durch eine private Krankenkasse<\/li>\n\n\n\n<li>Informationen rund um das Buchen von Terminen<\/li>\n\n\n\n<li>Informationen \u00fcber die Handhabung der Patientendaten<\/li>\n<\/ul>\n\n\n\n<p>6. Dann gibt es ein<strong> Aufkl\u00e4rungsgespr\u00e4ch bez\u00fcglich der Behandlungstechnik Akupunktur<\/strong> (und den weiteren Anwendungen). Akupunktur ist eine invasive, medizinische Behandlung, somit kl\u00e4re ich sie \u00fcber die H\u00e4ufigkeit und Art von Komplikationen aus.<\/p>\n\n\n\n<p>7. Als n\u00e4chstes folgt der erste Teil des Anamnesegeschpr\u00e4chs: Die <strong>Dokumentation \u00e4rztlich diagnostizierter Krankheiten<\/strong>, vorherige Behandlungen, sowie ein Abchecken ihrer pers\u00f6nlichen Risikofaktoren. Pers\u00f6nliche Risikofaktoren sind z.B. ausgeheilte Erkrankungen, Operationen, gegenw\u00e4rtige Medikationen, Kreislaufbeschwerden und auch (schwere) Unf\u00e4lle in der Vergangenheit.<\/p>\n\n\n\n<p>8. F\u00fcr Ihre Unterlagen bekommen Sie auch ein <strong>Informationsblatt \u00fcber die Vorgehensweise bei Akupunkturbehandlungen<\/strong>.<\/p>\n\n\n\n<h2 class=\"wp-block-heading\">Die Anamnese in der Chinesischen Medizin &amp; die Behandlung<\/h2>\n\n\n\n<p>9. Nach diesen Formalit\u00e4ten erfolgt der zweite Teil des Anamanesegespr\u00e4chs: Die <strong>Anamnese nach den Prinzipien der Chinesischen Medizin<\/strong>. Dies ist das eigentliche Gespr\u00e4ch, das mir bei der Erstellung der Behandlungsstrategie als Basis dient. Hierbei handelt es sich um Fragen, die sehr detailliert Ihre Sicht auf die Beschwerden herausarbeiten.<\/p>\n\n\n\n<p>Dazu kommen noch:<\/p>\n\n\n\n<ul class=\"wp-block-list\">\n<li>Zungendiagnose<\/li>\n\n\n\n<li>Pulsdiagnose<\/li>\n\n\n\n<li>Eine Untersuchung der Beweglichkeit, K\u00f6rperhaltung bzw. Palpation der Bereiche, die Ihnen Beschwerden machen<\/li>\n\n\n\n<li>bei Sportverletzungen: ein kurzer Parcours an Qigong Figuren, \u00a0Funktionstests, um Beschwerden und Befindlichkeiten zu lokalisieren<\/li>\n<\/ul>\n\n\n\n<p>10. Ich frage auch nach Ihren vorherigen Erfahrungn mit Akupunktur (Haben Sie Angst vor dem Nadeln? Empfanden Sie Akupunktur als schmerzhaft?&nbsp; Wieviele Nadeln (ungef\u00e4hre Anzahl) wurden bei Ihnen in einer Sitzung genommen? Gab es Komplikationen (Kreislaufschw\u00e4che, M\u00fcdigkeit nach der Akupunktur, sonstige unangenehme bzw. auch angenehme Erfahrungen nach einer Behandlung)?<\/p>\n\n\n\n<p>Zum Abschluss, behandle ich Sie dann mit Akupunktur.<\/p>\n\n\n\n<p>11. Akupunkturbehandlungen erfolgen im Liegen. Nach dem Nadelsetzen bedarf es einer Ruhephase von ca. 20 Minuten. Danach ziehe ich die Nadeln.<\/p>\n\n\n\n<h2 class=\"wp-block-heading\">Nach der Behandlung<\/h2>\n\n\n\n<p>12. Nach der Akupunktur, bitte ich sie f\u00fcr den Verlauf des Tages anstrengende k\u00f6rperliche T\u00e4tigkeiten einzuschr\u00e4nken. Sie geben Ihrem K\u00f6rper Zeit auf die Behandlung zu reagieren.<\/p>\n\n\n\n<p>13. Beim n\u00e4chsten Termin besprechen wir Ihre Erfahrung.<\/p>\n","protected":false},"excerpt":{"rendered":"<p>Auf dieser Seite beschreibe ich den typischen Ablauf eines Ersttermins: Kontaktaufnahme &amp; Termin buchen 1. Sie rufen an oder buchen einen Termin per Doctolib oder E-mail. 2. Wenn Sie anrufen, beantworte ich gerne allgemeine Fragen zu meinen Angeboten und Ihrem Anliegen. Schon im Gespr\u00e4ch h\u00f6ren Sie meine Stimme und bekommen einen ersten Eindruck. 3. F\u00fcr eine genaue Einsch\u00e4tzung ist ein Treffen aber unumg\u00e4nglich. Die ersten 30 Minuten &#8211; ein unverbindliches Beratungsgespr\u00e4ch 4. Deswegen sind die [&hellip;]<\/p>\n","protected":false},"author":3,"featured_media":0,"parent":0,"menu_order":0,"comment_status":"closed","ping_status":"closed","template":"","meta":{"footnotes":""},"class_list":["post-319","page","type-page","status-publish","hentry"],"_links":{"self":[{"href":"https:\/\/akupunktur-freystaetter.de\/en\/wp-json\/wp\/v2\/pages\/319","targetHints":{"allow":["GET"]}}],"collection":[{"href":"https:\/\/akupunktur-freystaetter.de\/en\/wp-json\/wp\/v2\/pages"}],"about":[{"href":"https:\/\/akupunktur-freystaetter.de\/en\/wp-json\/wp\/v2\/types\/page"}],"author":[{"embeddable":true,"href":"https:\/\/akupunktur-freystaetter.de\/en\/wp-json\/wp\/v2\/users\/3"}],"replies":[{"embeddable":true,"href":"https:\/\/akupunktur-freystaetter.de\/en\/wp-json\/wp\/v2\/comments?post=319"}],"version-history":[{"count":1,"href":"https:\/\/akupunktur-freystaetter.de\/en\/wp-json\/wp\/v2\/pages\/319\/revisions"}],"predecessor-version":[{"id":2056,"href":"https:\/\/akupunktur-freystaetter.de\/en\/wp-json\/wp\/v2\/pages\/319\/revisions\/2056"}],"wp:attachment":[{"href":"https:\/\/akupunktur-freystaetter.de\/en\/wp-json\/wp\/v2\/media?parent=319"}],"curies":[{"name":"wp","href":"https:\/\/api.w.org\/{rel}","templated":true}]}}