{"id":23,"date":"2016-03-11T11:44:39","date_gmt":"2016-03-11T10:44:39","guid":{"rendered":"https:\/\/akupunktur-freystaetter.de\/?page_id=23"},"modified":"2025-08-28T11:39:29","modified_gmt":"2025-08-28T09:39:29","slug":"blog","status":"publish","type":"page","link":"https:\/\/akupunktur-freystaetter.de\/en\/blog\/","title":{"rendered":"Blog"},"content":{"rendered":"\n<p>Verschiedene Artikel, die meine Schwerpunkte wiederspiegeln:<\/p>\n\n\n\n<p><a href=\"https:\/\/akupunktur-freystaetter.de\/de\/schroepfen-in-der-chinesischen-medizin-blog\/\">Schr\u00f6pfen in der Chinesischen Medizin (Blog) &#8211; Heilpraktiker Akupunktur u. Chinesische Medizin an der Hauptwache<\/a><\/p>\n\n\n\n<p><a href=\"https:\/\/akupunktur-freystaetter.de\/de\/gefuehrte-meditation-zur-verbesserung-der-atmung\/\">Gef\u00fchrte Meditation zur Verbesserung der Atmung &#8211; Heilpraktiker Akupunktur u. Chinesische Medizin an der Hauptwache<\/a><\/p>\n\n\n\n<p><a href=\"https:\/\/akupunktur-freystaetter.de\/de\/massnahmen-und-behandlung-von-chronischer-obstipation\/\">Ma\u00dfnahmen und Behandlung von chronischer Obstipation &#8211; Heilpraktiker Akupunktur u. Chinesische Medizin an der Hauptwache<\/a><\/p>\n\n\n\n<p><a href=\"https:\/\/akupunktur-freystaetter.de\/de\/chinesische-medizin-immunsystem\/\">TCM und das Immunsystem &#8211; Heilpraktiker Akupunktur u. Chinesische Medizin an der Hauptwache<\/a><\/p>\n\n\n\n<p><a href=\"https:\/\/akupunktur-freystaetter.de\/de\/akupunkturprotokoll-fuer-schmerzen-nach-zahn-implantate-op-blog\/\">Ein Akupunkturprotokoll f\u00fcr Schmerzen nach Zahnimplantate OP (Blog) &#8211; Heilpraktiker Akupunktur u. Chinesische Medizin an der Hauptwache<\/a><\/p>\n\n\n\n<p><a href=\"https:\/\/akupunktur-freystaetter.de\/de\/long-covid-chinesische-medizin-und-behandlungstechniken-wie-tuina-anmo-manuelle-therapie-schroepfen-und-moxibustion\/\">Long Covid, Chinesische Medizin und Behandlungstechniken wie Tuina Anmo (manuelle Therapie), Schr\u00f6pfen und MoxibustioN &#8211; Heilpraktiker Akupunktur u. Chinesische Medizin an der Hauptwache<\/a><\/p>\n\n\n\n<p><a href=\"https:\/\/akupunktur-freystaetter.de\/de\/ein-behandlungsprotokoll-mit-akupunktur-und-moxa-bei-reizdarmsyndrom-mit-durchfaellen-ibs-d-icd-10-k58-0-blog\/\">Ein Behandlungsprotokoll mit Akupunktur und Moxa bei Reizdarmsyndrom mit Durchf\u00e4llen (IBS-D, ICD-10 K58.0) &#8211; (Blog) &#8211; Heilpraktiker Akupunktur u. Chinesische Medizin an der Hauptwache<\/a><\/p>\n\n\n\n<p><a href=\"https:\/\/akupunktur-freystaetter.de\/de\/akupunkturprotokoll_behandlung_pre_post_embryotransfer_blogbeitrag\/\">Ein Akupunkturprotokoll f\u00fcr die Behandlung direkt vor &amp; nach dem Embryotransfer (Blog) &#8211; Heilpraktiker Akupunktur u. Chinesische Medizin an der Hauptwache<\/a><\/p>\n\n\n\n<p><a href=\"https:\/\/akupunktur-freystaetter.de\/de\/akupunktur-bei-patienten-mit-blutverduennern-antikoagulantien-gerinnnungshemmern_blogbeitrag\/\">Akupunktur bei Patienten mit Blutverd\u00fcnnern-Antikoagulantien-Gerinnnungshemmern (Blog) &#8211; Heilpraktiker Akupunktur u. Chinesische Medizin an der Hauptwache<\/a><\/p>\n\n\n\n<p><a href=\"https:\/\/akupunktur-freystaetter.de\/de\/kniearthrose-bi-syndrom-chinesischen-medizin-blog\/\">Kniearthrose und das Bi Syndrom in der Chinesischen Medizin (Blog) &#8211; Heilpraktiker Akupunktur u. Chinesische Medizin an der Hauptwache<\/a><\/p>\n\n\n\n<p><a href=\"https:\/\/akupunktur-freystaetter.de\/de\/die-sondermeridiane-in-der-chinesischen-medizin-tcm-teil-1\/\">Die Sondermeridiane in der Chinesischen Medizin \/ TCM (Teil 1) &#8211; Heilpraktiker Akupunktur u. Chinesische Medizin an der Hauptwache<\/a><\/p>\n\n\n\n<p><a href=\"https:\/\/akupunktur-freystaetter.de\/de\/die-sondermeridiane-in-der-tcm-teil-2\/\">Die Sondermeridiane in der TCM (Teil 2) &#8211; Heilpraktiker Akupunktur u. Chinesische Medizin an der Hauptwache<\/a><\/p>\n\n\n\n<p><a href=\"https:\/\/akupunktur-freystaetter.de\/de\/buddha-bauch-und-die-rolle-des-bauches-in-der-tcm-blog\/\">\u201eBuddha-Bauch\u201c und die Rolle des Bauches in der TCM (Blog) &#8211; Heilpraktiker Akupunktur u. Chinesische Medizin an der Hauptwache<\/a><\/p>\n\n\n\n<p><a href=\"https:\/\/akupunktur-freystaetter.de\/de\/chinesische-medizin-konventionelle-medizin-auf-einem-flur-im-krankenhaus-blog\/\">Chinesische Medizin &amp; konventionelle Medizin auf einem Flur im Krankenhaus (Blog) &#8211; Heilpraktiker Akupunktur u. Chinesische Medizin an der Hauptwache<\/a><\/p>\n\n\n\n<p><\/p>\n\n\n\n<p><strong>Hintergrund Informationen: Der Gesundheitsmarkt in Deutschland<\/strong><\/p>\n\n\n\n<p><a href=\"https:\/\/akupunktur-freystaetter.de\/de\/chinesische-medizin-heilpraktiker-u-aerzte-hintergrundinformationen\/\">Chinesische Medizin: Heilpraktiker u. \u00c4rzte &#8211; Hintergrundinformationen &#8211; Heilpraktiker Akupunktur u. Chinesische Medizin an der Hauptwache<\/a><\/p>\n\n\n\n<p><a href=\"https:\/\/akupunktur-freystaetter.de\/de\/der-hp-als-garant-im-markt-der-therapien-blog\/\">Der HP als Garant im Markt der Therapien (Blog) &#8211; Heilpraktiker Akupunktur u. Chinesische Medizin an der Hauptwache<\/a><\/p>\n\n\n\n<p><\/p>\n\n\n\n<p><\/p>\n","protected":false},"excerpt":{"rendered":"<p>Verschiedene Artikel, die meine Schwerpunkte wiederspiegeln: Schr\u00f6pfen in der Chinesischen Medizin (Blog) &#8211; Heilpraktiker Akupunktur u. Chinesische Medizin an der Hauptwache Gef\u00fchrte Meditation zur Verbesserung der Atmung &#8211; Heilpraktiker Akupunktur u. Chinesische Medizin an der Hauptwache Ma\u00dfnahmen und Behandlung von chronischer Obstipation &#8211; Heilpraktiker Akupunktur u. Chinesische Medizin an der Hauptwache TCM und das Immunsystem &#8211; Heilpraktiker Akupunktur u. Chinesische Medizin an der Hauptwache Ein Akupunkturprotokoll f\u00fcr Schmerzen nach Zahnimplantate OP (Blog) &#8211; Heilpraktiker Akupunktur [&hellip;]<\/p>\n","protected":false},"author":2,"featured_media":0,"parent":0,"menu_order":80,"comment_status":"closed","ping_status":"closed","template":"","meta":{"footnotes":""},"class_list":["post-23","page","type-page","status-publish","hentry"],"_links":{"self":[{"href":"https:\/\/akupunktur-freystaetter.de\/en\/wp-json\/wp\/v2\/pages\/23","targetHints":{"allow":["GET"]}}],"collection":[{"href":"https:\/\/akupunktur-freystaetter.de\/en\/wp-json\/wp\/v2\/pages"}],"about":[{"href":"https:\/\/akupunktur-freystaetter.de\/en\/wp-json\/wp\/v2\/types\/page"}],"author":[{"embeddable":true,"href":"https:\/\/akupunktur-freystaetter.de\/en\/wp-json\/wp\/v2\/users\/2"}],"replies":[{"embeddable":true,"href":"https:\/\/akupunktur-freystaetter.de\/en\/wp-json\/wp\/v2\/comments?post=23"}],"version-history":[{"count":3,"href":"https:\/\/akupunktur-freystaetter.de\/en\/wp-json\/wp\/v2\/pages\/23\/revisions"}],"predecessor-version":[{"id":2163,"href":"https:\/\/akupunktur-freystaetter.de\/en\/wp-json\/wp\/v2\/pages\/23\/revisions\/2163"}],"wp:attachment":[{"href":"https:\/\/akupunktur-freystaetter.de\/en\/wp-json\/wp\/v2\/media?parent=23"}],"curies":[{"name":"wp","href":"https:\/\/api.w.org\/{rel}","templated":true}]}}