{"id":228,"date":"2017-01-16T16:15:07","date_gmt":"2017-01-16T15:15:07","guid":{"rendered":"https:\/\/akupunktur-freystaetter.de\/?page_id=228"},"modified":"2025-08-28T11:54:29","modified_gmt":"2025-08-28T09:54:29","slug":"tcm-methoden","status":"publish","type":"page","link":"https:\/\/akupunktur-freystaetter.de\/en\/tcm-methoden\/","title":{"rendered":"Meine Methoden"},"content":{"rendered":"<p><strong>TCM &#8211; die andere Vorgehensweise<\/strong><\/p>\n<p>Die Traditionelle Chinesische Medizin (TCM) er\u00f6ffnet einen Perspektivwechsel: Sie betrachtet Natur, Symptome und Beschwerden aus einem ganzheitlichen, aber logisch nachvollziehbaren Zusammenhang. Ihre Sichtweise basiert auf jahrtausendealten Prinzipien, die den Menschen als Teil eines gr\u00f6\u00dferen energetischen Gef\u00fcges begreifen. Daraus ergeben sich vielf\u00e4ltige M\u00f6glichkeiten, Beschwerden zu behandeln und Gesundheit zu f\u00f6rdern.<\/p>\n<h3>\ud83d\udd0d Diagnostik nach TCM-Prinzipien<\/h3>\n<p>Akupunktur und Tuina \u2013 zwei zentrale Therapieformen der TCM \u2013 arbeiten mit traditionellen Diagnosemethoden wie:<\/p>\n<ul>\n<li>Pulsdiagnose<\/li>\n<li>Zungendiagnose<\/li>\n<li>ausf\u00fchrlicher Befragung<\/li>\n<\/ul>\n<p>Dabei werden nicht nur k\u00f6rperliche Symptome ber\u00fccksichtigt, sondern auch:<\/p>\n<ul>\n<li>Ern\u00e4hrung und Verdauung<\/li>\n<li>Schlafqualit\u00e4t und -rhythmus<\/li>\n<li>Umweltfaktoren und Stressoren<\/li>\n<li>emotionale Befindlichkeit<\/li>\n<li>Herausforderungen im jeweiligen Lebensabschnitt<\/li>\n<\/ul>\n<h3>\ud83e\udde0 Moderne Einfl\u00fcsse und alte Weisheiten<\/h3>\n<p>Die TCM, heute oft auch als Chinesische Medizin (CM) bezeichnet, wurzelt in klassischen Texten, die vor \u00fcber 2500 Jahren am Hof des chinesischen Kaisers entstanden. Gleichzeitig flie\u00dfen moderne Erkenntnisse aus Bereichen wie Triggerpunkt-therapie, Faszien-techniken, Neurophysiologie, regenerativer Medizin, Physiotherapie und Sportwissenschaften mit ein.<\/p>\n<h3>\ud83e\uddd8\u200d\u2640\ufe0f Mein erweitertes Angebot<\/h3>\n<p>Neben verschiedenen Akupunkturstilen biete ich erg\u00e4nzende Methoden an, die K\u00f6rper und Geist gleicherma\u00dfen ansprechen:<\/p>\n<ul>\n<li>Individuelle Zusammenstellung von <strong>Qigong- und Reha-Sport\u00fcbungen<\/strong><\/li>\n<li><strong>Teemischungen aus westlichen Kr\u00e4utern<\/strong> \u2013 aus der TCM-Apotheke oder als Rezept zur eigenen Zubereitung<\/li>\n<li>Integration von Ans\u00e4tzen aus der <strong>Alexander-Technik und anderen K\u00f6rperhaltungsschulen<\/strong><\/li>\n<li>Informationen und Impulse zum eigenst\u00e4ndigen Lernen \u00fcber <strong>Traumatherapie<\/strong> sowie<strong> k\u00f6rper- und meditationsbasierte Techniken<\/strong><\/li>\n<li><strong>Selbstkultivierung und Selbstpflege<\/strong> nach Prinzipien der Chinesischen Medizin: Yang Sheng, Dao Yin, Chinesische Di\u00e4tetik und Ern\u00e4hrung nach den 5 Elementen<\/li>\n<\/ul>\n<p><!--more--><\/p>\n<h2>Akupunktur nach der TCM Syndromlehre<\/h2>\n<p><strong>Traditionelle Chinesische Medizin &#8211; Klassische Akupunktur <\/strong><br \/>\nEin Behandlungsstil, der Symptome und Beschwerden nach Mustern der Chinesischen Medizin aufschl\u00fcsselt und damit eine Behandlungsstrategie aufzeigt. In die Diagnose fliessen eine Zungen-, Puls- und Gesichtsdiagnose sowie eine umfangreiche Anamese nach den Fragekriterien der TCM ein.<\/p>\n<p><strong>Dauer der Behandlung<\/strong><br \/>\nErstanamenese: ca. 1.5 Stunden<br \/>\nFolgebehandlung: ca. 50 Minuten<br \/>\nEmpfohlener Behandlungszyklus: 6 bis 7 Behandlungen<\/p>\n<h2>5 Elemente Akupunktur<\/h2>\n<p><strong>Konstitutionelle Akupunktur nach den Wandlungsphasen<\/strong><br \/>\nEin Akupunkturstil, der sich mit den antiken Beschreibungen der Akupunkturpunkte auseinandersetzt. Diese Behandlungsweise ist gut einsetzbar bei chronischen Erkrankungen, insbesondere bei denen, die einen psychosomatischen, stressbedingten Hintergrund aufweisen, sowie bei Lebensabschnitten mit Trennung, Verlust von Partnern, Neuorientierung im Berufsleben und anderen Krisensituationen.<\/p>\n<p><strong>Dauer der Behandlung<\/strong><br \/>\nErstanamenese: ca. 1.5 Stunden<br \/>\nFolgebehandlung: ca. 50 Min<br \/>\nEmpfohlener Behandlungszyklus: 10 Behandlungen im w\u00f6chentlichen Abstand<\/p>\n<h2>Ohrakupunktur<\/h2>\n<p><strong>Nach dem Konzept von Paul Nogier<\/strong><br \/>\nDie Ohrakupukunktur wurde mit den Publikationen von dem Neurologen Paul Nogier systematisiert. \u00c4rzte wenden sie oft als alleinstehende Therapie an. Ich kombiniere die Ohrakupunktur mit Tuina Anmo (manuelle Therapie der Chinesischen Medizin) und der K\u00f6rperakupunktur bzw. biete sie auch <strong>als alleinstehendes Behandlungskonzept<\/strong> an.<\/p>\n<p>Das Ohr besteht aus Zonen, die &#8211; aufgrund der Entwicklung des Menschen von der befruchteten Eizelle bis zum F\u00f6tus &#8211; eine \u00fcber das Nervensystem gehende Verbindungen mit anderen K\u00f6rperregionen und Organfunktionen haben. Nach Nogier bilden sich Disbalancen am K\u00f6rper und in den Organen linear in der Ohranatomie ab. Mit dem Abtasten und Nadeln drucksensitiver Stellen wird somit das gesamte Krankheitsbild behandelt.<\/p>\n<p><strong>Dauer der Behandlung<\/strong><br \/>\nErstanamenese: ca. 60 Minuten<br \/>\nFolgebehandlung: ca. 50 Minuten<br \/>\nEmpfohlener Behandlungszyklus: 1 mal die Woche, Anzahl der Termine nach Befinden<\/p>\n<h2>Dry Needling<\/h2>\n<p><strong>Trockenes Nadeln &#8211; Functional Integrated Needling (FIN)<\/strong><br \/>\nZiel der Behandlung ist eine Schmerzreduktion und\/oder die Verbesserung der Beweglichkeit nach Verletzung von Muskulatur und Bindegewebe, zum Beispiel nach Sportverletzungen oder bei chronischer \u00dcberlastung.<\/p>\n<p>Da zum Teil eine sehr tiefe und nervennahe Behandlung erfolgt, k\u00f6nnen einzelne Behandlungsschritte als schmerzhaft empfunden werden. Es ist f\u00fcr das Trockene Nadeln (FIN \/ Dry Needling) aber notwendig, gerade diese schmerzhaften Regionen zu behandeln, da sie f\u00fcr die Schmerzentwicklung und Schmerzverarbeitung von zentraler Bedeutung sind.<\/p>\n<p>Das sog. Dry Needling:<\/p>\n<ul>\n<li>ist evidenz-basiert.<\/li>\n<li>beruht auf der Behandlung von Triggerpunkten, wissenschaftlich untersuchten bzw. postulierten Pathomechanismen und physiologisch erkl\u00e4rbaren Wirkungsprozessen.<\/li>\n<li>ist ein Bestandteil der Sport Medizin (Wettkampfvorbereitung, Wettkampfbetreuung, Nachbehandlung und Behandlung von Sportverletzungen).<\/li>\n<li>wird im englischen Sprachraum als einer der Grundlagen f\u00fcr die sog. Western Medical Acupuncture (WMA) angesehen.<\/li>\n<\/ul>\n<p><strong>Dauer der Behandlung<\/strong><br \/>\nErstanamenese: ca. 60 Min<br \/>\nFolgebehandlung: ca. 50 Min<br \/>\nEmpfohlener Behandlungszyklus: 7 Behandlungen in kurzen Abst\u00e4nden (2 bis 3 Tage, dann Umsteigen auf Behandlung nach Bedarf).<\/p>\n<h2>Meridian Therapie<\/h2>\n<p><b>Die japanische Akupunktur<\/b><br \/>\nDie japanische Akupunktur hat folgende Merkmale:<\/p>\n<ul>\n<li>Einteilung der Patienten in 4 unterschiedliche Behandlungstypen<\/li>\n<li>Ein festes Behandlungsprotokoll nach dem in kleinen Schritten durch eine wiederkehrende Pulsdiagnose die Punktauswahl vorgenommen wird.<\/li>\n<li>Die Nutzung von japanischen, sehr d\u00fcnnen Nadeln (0,16 und 0,18 mm).<\/li>\n<li>Die Nadeln werden nur 1 bis 2 mm in die Haut gesetzt.<\/li>\n<\/ul>\n<p>Dieser Behandlungsstil eignet sich f\u00fcr:<\/p>\n<ul>\n<li>sensible Menschen,<\/li>\n<li>geschw\u00e4chte Patienten,<\/li>\n<li>Menschen mit Angst vor Nadeln,<\/li>\n<li>\u00e4ltere Patienten mit hohem Schmerzempfinden beim Nadeln<\/li>\n<li>Patienten, die sich mit Energiearbeit besch\u00e4ftigen.<\/li>\n<\/ul>\n<p><strong>Dauer der Behandlung<\/strong><br \/>\nErstanamenese: ca. 90 Min<br \/>\nFolgebehandlung: ca. 45 &#8211; 50 Min<br \/>\nEmpfohlener Behandlungszyklus:<\/p>\n<p>Bei emotionalen St\u00f6rungen: 7 Behandlungen in kurzen Abst\u00e4nden (2 bis 3 Tage, dann Umsteigen auf Behandlung nach Bedarf).<\/p>\n<p>Bei physischen Beschwerden: \u00a07 Behandlungen im w\u00f6chentlichen Rhythmus<\/p>\n<h2>Sch\u00e4delakupunktur<\/h2>\n<p><b>Als Erg\u00e4nzung zur K\u00f6rperakupunktur oder als eigenst\u00e4ndige Behandlung<\/b><br \/>\nVerschiedene Stile der Sch\u00e4delakupunktur wurden in den 70iger Jahren in China entwickelt. Hierbei haben immer einzelne Behandler \/ \u00c4rzte mit empirischen Erfahrungen einen Behandlungsansatz definiert.<\/p>\n<p>Am bekanntesten sind:<\/p>\n<ul>\n<li>Sch\u00e4delakupunktur Punktlokalisation nach dem WHO Standard (1984)<\/li>\n<li>Sch\u00e4delakupunktur nach Dr. Jiao Sun-Fa (&#8216;Jiao&#8217;s Scalp Acupuncture&#8217;)<\/li>\n<li>Sch\u00e4delakupunktur nach Lin Xue-Jian (&#8216;Lin&#8217;s Scalp Acupuncture&#8217;)<\/li>\n<\/ul>\n<p>Die Nadeln k\u00f6nnen f\u00fcr mehrere Stunden am Kopf verweilen, w\u00e4hrend der Patient beschwerden-spezifische \u00dcbungen absolviert: Z.B. Lesen, lautes Vorlesen, Singen, Spazieren gehen, \u00dcbungen die die Handmotorik trainieren (Basteln mit Knetmasse, Speisezubereitung unter Aufsicht (Kartoffelsch\u00e4len), Kuchen backen, einfachen Sport\u00fcbungen (Tai Chi Chuan, Qigong).<\/p>\n<p>Die Sch\u00e4delakupunktur aus China hat folgende Merkmale:<\/p>\n<ul>\n<li>Lokalisation der Einstichpunkte basiert auf der Erkenntnis der unterschiedlichen Funktion von Hirnarealen<\/li>\n<li>Die Nadeln punktieren die Kopfhaut und nicht die Sch\u00e4deldecke<\/li>\n<li>Die Nadeln werden nur 1 bis 2 mm in die Haut gesetzt.<\/li>\n<li>Elektrostimulation der Nadeln ist m\u00f6glich.<\/li>\n<\/ul>\n<p>Dieser Behandlungsansatz eignet sich bei:<\/p>\n<ul>\n<li>senso-motorischen Beschwerden,<\/li>\n<li>eingschr\u00e4nkten Hirnfunktionen nach Schlaganfall,<\/li>\n<li>Depressionen,<\/li>\n<li>Sprachschwierigkeiten nach Sch\u00e4deltraumen oder Schlaganf\u00e4llen<\/li>\n<li>Koordinationsproblemen (Handmotorik, Beinmotorik).<\/li>\n<\/ul>\n<p>In Deutschland hat sich auch der japanische Stil YNSA in der Sch\u00e4delakupunktur besonders unter \u00c4rzten verbreitet. Bei Interesse an YNSA kann ich Kolleg\/Innen in Frankfurt empfehlen.<\/p>\n<p><strong>Dauer der Behandlung<\/strong><br \/>\nErstanamenese: ca. 90 Min<br \/>\nFolgebehandlung: ca. 45 &#8211; 50 Min<br \/>\nEmpfohlener Behandlungszyklus:<\/p>\n<p>3 Abschnitte mit 10 Sitzungen in 2 Wochen<br \/>\nDazwischen 1 Woche Pause.<br \/>\nGesamtdauer des Behandlungszyklus: 3 Monate<\/p>\n<h2>Injektionstherapien<\/h2>\n<p><b>Als Erg\u00e4nzung zur K\u00f6rperakupunktur und zum Auffrischen von Vitalstoffdefiziten <\/b><\/p>\n<p>1. Subkutane Injektionen in Bauch oder Oberarm:<\/p>\n<ul>\n<li>zur Unterst\u00fctzung der Fertilit\u00e4t (z.B. Fols\u00e4ure bei Frauen)<\/li>\n<li>zur Auffrischung mit Vitaminen und anderen Mikron\u00e4hrstoffen (z.B. Vit B12)<\/li>\n<li>zur Behandlung mit hom\u00f6opathischen Komplexmittellen (je nach Beschwerdebild z.B. zur Unterst\u00fctzung bei Tinnitus Behandlungen)<\/li>\n<\/ul>\n<p>2. Subkutane Injektionen f\u00fcr die Lokalan\u00e4sthesie bei akuten und chronischen Schmerzen (Pr\u00e4parate mit dem Wirkstoff Lidocain oder Procain) oder die lokale Injektion von hom\u00f6opathischen Mitteln wie Traumeel:<\/p>\n<ul>\n<li>Lokalisation der Einstichpunkte basiert auf dem Meridian- \/ Leitbahen- \/ und Akupunkturpunkt-konzepten der chinesischen Medizin oder physiotherapeutisch-anatomie basierten Konzepten (Triggerpunkte, Dry Needling Anatomie)<\/li>\n<li>Die Injektion erfolgt subkutan mit kurzen Kan\u00fclen aus dem kosmetischen-chirugischen Sortiment (Mesotherapie)<\/li>\n<li>Typisch f\u00fcr diese Anwendungen ist das tempor\u00e4re Erscheinen von Quaddeln<\/li>\n<\/ul>\n<p>Dieser Behandlungen eignen sich f\u00fcr:<\/p>\n<ul>\n<li>Erg\u00e4nzungen zur Akupunktur der Chinesischen Medizin und dem Dry Needling,<\/li>\n<li>Erg\u00e4nzungen zur Tuina (manuellen Therapie),<\/li>\n<li>Regulationstherapien: Injektion ins \u00e4u\u00dfere Ohr oder subkutane Injektion der Schilddr\u00fcsenregion.<\/li>\n<\/ul>\n<p><strong>Dauer der Behandlung<\/strong><br \/>\nFolgebehandlung: ca. 30 Min<\/p>\n<p>Empfohlener Behandlungszyklus:<br \/>\nJe nach Anwendung als Zusatz bei den regul\u00e4ren Terminen f\u00fcr Akupunktur oder Tuina.<\/p>\n","protected":false},"excerpt":{"rendered":"<p>TCM &#8211; die andere Vorgehensweise Die Traditionelle Chinesische Medizin (TCM) er\u00f6ffnet einen Perspektivwechsel: Sie betrachtet Natur, Symptome und Beschwerden aus einem ganzheitlichen, aber logisch nachvollziehbaren Zusammenhang. Ihre Sichtweise basiert auf jahrtausendealten Prinzipien, die den Menschen als Teil eines gr\u00f6\u00dferen energetischen Gef\u00fcges begreifen. Daraus ergeben sich vielf\u00e4ltige M\u00f6glichkeiten, Beschwerden zu behandeln und Gesundheit zu f\u00f6rdern. \ud83d\udd0d Diagnostik nach TCM-Prinzipien Akupunktur und Tuina \u2013 zwei zentrale Therapieformen der TCM \u2013 arbeiten mit traditionellen Diagnosemethoden wie: Pulsdiagnose Zungendiagnose [&hellip;]<\/p>\n","protected":false},"author":3,"featured_media":0,"parent":0,"menu_order":0,"comment_status":"closed","ping_status":"closed","template":"","meta":{"footnotes":""},"class_list":["post-228","page","type-page","status-publish","hentry"],"_links":{"self":[{"href":"https:\/\/akupunktur-freystaetter.de\/en\/wp-json\/wp\/v2\/pages\/228","targetHints":{"allow":["GET"]}}],"collection":[{"href":"https:\/\/akupunktur-freystaetter.de\/en\/wp-json\/wp\/v2\/pages"}],"about":[{"href":"https:\/\/akupunktur-freystaetter.de\/en\/wp-json\/wp\/v2\/types\/page"}],"author":[{"embeddable":true,"href":"https:\/\/akupunktur-freystaetter.de\/en\/wp-json\/wp\/v2\/users\/3"}],"replies":[{"embeddable":true,"href":"https:\/\/akupunktur-freystaetter.de\/en\/wp-json\/wp\/v2\/comments?post=228"}],"version-history":[{"count":3,"href":"https:\/\/akupunktur-freystaetter.de\/en\/wp-json\/wp\/v2\/pages\/228\/revisions"}],"predecessor-version":[{"id":2167,"href":"https:\/\/akupunktur-freystaetter.de\/en\/wp-json\/wp\/v2\/pages\/228\/revisions\/2167"}],"wp:attachment":[{"href":"https:\/\/akupunktur-freystaetter.de\/en\/wp-json\/wp\/v2\/media?parent=228"}],"curies":[{"name":"wp","href":"https:\/\/api.w.org\/{rel}","templated":true}]}}