{"id":1934,"date":"2023-07-24T12:15:05","date_gmt":"2023-07-24T10:15:05","guid":{"rendered":"https:\/\/akupunktur-freystaetter.de\/?page_id=1934"},"modified":"2025-06-10T15:44:24","modified_gmt":"2025-06-10T13:44:24","slug":"das-dilemma-mit-den-schmerzmedikamenten-und-pschyopharmaka-auch-bei-off-label-anwendung","status":"publish","type":"page","link":"https:\/\/akupunktur-freystaetter.de\/en\/das-dilemma-mit-den-schmerzmedikamenten-und-pschyopharmaka-auch-bei-off-label-anwendung\/","title":{"rendered":"Das Dilemma mit den Schmerzmedikamenten und Pschyopharmaka &#8211; auch bei Off-Label Anwendung"},"content":{"rendered":"\n<p><strong>Schmerzmittel:<\/strong> Sind sinnvoll, wirken und werden von \u00c4rzten verschrieben. Sie erf\u00fcllen in den meisten F\u00e4llen ihren Zweck. Doch irgendwann kommt der Zeitpunkt, da\u00df sie abgesetzt werden m\u00fcssen:<\/p>\n\n\n\n<ul class=\"wp-block-list\">\n<li>weil die zur Indikation f\u00fchrende Verletzung, Operation oder Schmerzust\u00e4nde sich ver\u00e4ndert haben.<\/li>\n\n\n\n<li>weil die Nebenwirkungen anfangen zu st\u00f6ren.<\/li>\n\n\n\n<li>weil die akkumulierende Wirkung des Medikaments Beschwerden und (neue) Krankheitssymptome hervorbringt.<\/li>\n\n\n\n<li>weil die Gefahr einer Abh\u00e4ngigkeit besteht.<\/li>\n\n\n\n<li>weil der \/ die Patient:in von einer therapeutischen Einnahme in ein Suchtverhalten gerutscht ist (Medikamenten Abusus)<\/li>\n<\/ul>\n\n\n\n<p>Viele \u00c4rzte haben den Augenmerk auf die Verschreibung, aber m\u00f6chten es nicht wahrhaben, da? selbst die kurzzeitige Einahme von Schlaf-, Schmerz- und Beruhigungs-mitteln bei chronisch kranken Menschen ,entweder schon mit der Einnahme und den Einnahme-intervallen oder beim Absetzen, Entzugserscheinungen hervorrufen. Haus\u00e4rzte bzw. auch viele Kliniken sind darauf gar nicht eingestellt, da\u00df es beim Absetzen von Schmerzmitteln zu starken Symptomen kommt.<\/p>\n\n\n\n<p>Dann gibt es auch verschreibungspflichtige Schmerzmittel und Psychopharmaka, die im Off-label use bzw. auch durch illegalen Konsum, zu einer starken Abh\u00e4ngigkeit f\u00fchren. Sp\u00e4testens wenn dann zumindestens beim Absetzen (eventuell auch noch CT (Cold Turkey) &#8211; d.h. Absetzen ohne das Auschleichen durch eine kontinuierliche kleiner werdende Dosis) ein ganze Latte an unangenehmen Empfindungen hervorgerufen wird, wie:<\/p>\n\n\n\n<ol class=\"wp-block-list\">\n<li>Panikattacken<\/li>\n\n\n\n<li>Stimmungsschwankungen<\/li>\n\n\n\n<li>Angstzust\u00e4nde<\/li>\n\n\n\n<li>Kalter Schweiss<\/li>\n\n\n\n<li>Tremor und K\u00f6rperzucken<\/li>\n<\/ol>\n\n\n\n<p>ist es wichtig sich Unterst\u00fctzung zu suchen.<\/p>\n\n\n\n<h2 class=\"wp-block-heading\">Grundvorraussetzungen, da\u00df ich Sie begleitend unterst\u00fctzen kann<\/h2>\n\n\n\n<p>Sie nehmen ein \u00e4rztlich verschriebenes oder rezeptpflichtiges Arzneimittel (illegal beschafft) ein.<br>Egal ob verschrieben oder mit illegalem Konsum: <span style=\"text-decoration: underline;\">Sie brauchen einen Arzt, der einen Entw\u00f6hnungsplan vorschl\u00e4gt und der Sie in dieser Zeit begleitet<\/span>. Grund: Dem Heilpraktiker ist es verboten Patienten einen Entw\u00f6hnungsplan zu geben und bei Bedarf anzupassen.<\/p>\n\n\n\n<p>D.h. der Arzt gibt Anweisungen zur Dosierung, als Patient folgen sie den \u00e4rztlichen Anweisungen; und ich k\u00fcmmere mich, um eine Behandlung der Nebenwirkungen \/ Symptome und gebe Ihnen Werkzeuge, um eigenst\u00e4ndig Nebenwirkungen zu lindern bzw. den K\u00f6rper mental und physisch zu st\u00e4rken, damit Sie durchhalten.<\/p>\n\n\n\n<p>Sie brauchen dazu:<\/p>\n\n\n\n<p>Physische Robustheit \/ eine physische Verfassung, dass Sie Qigong, Tai Chi, Krafttraining bzw. auch Yoga und \/ oder Pilates trainieren k\u00f6nnen.<\/p>\n\n\n\n<p>Ein soziales Umfeld und Familie, die Sie unterst\u00fctzen und Ihnen im besten Fall finanziell helfen und f\u00fcr den Zeitaufwand Raum geben, um einen strukturierten Alltag mit Trainingszeiten und &#8216;Me-Time&#8217; zu haben.<\/p>\n\n\n\n<p>Die Finanzkraft \/ finanziellen M\u00f6glichkeiten sich im (freien) Gesundheitsmarkt begleitende Unterst\u00fctzung einkaufen zu k\u00f6nnen. Meine Behandlungen werden nicht von den gesetzlichen Krankenkassen bezahlt.<\/p>\n\n\n\n<p>Klarstellung:<br>Ich biete meine Dienstleistungen im Rahmen des HP Gesetzes an und beziehe mich auf Behandlungsmethoden aus der Chin. Medizin und dazu erg\u00e4nzend Ma\u00dfnahmen in Bezug auf Lebensf\u00fchrung.<\/p>\n\n\n\n<p>Was biete ich an:<\/p>\n\n\n\n<ul class=\"wp-block-list\">\n<li>Diagnosen nach der Chin. Medizin<\/li>\n\n\n\n<li>Zunge<\/li>\n\n\n\n<li>Puls<\/li>\n\n\n\n<li>Anatomische Zeichen<\/li>\n\n\n\n<li>Erscheinungsbild<\/li>\n\n\n\n<li>Einordnung der Symptome nach den Theorien der Chin. Medizin<\/li>\n<\/ul>\n\n\n\n<p>Ich gebe Ihnen Erkl\u00e4rungen von Zusammenh\u00e4ngen aus Sicht der Chin. Medizin, die Ihnen helfen besser klarzukommen.<\/p>\n\n\n\n<p>Behandlung bei Terminen in meiner Praxis<\/p>\n\n\n\n<p>Ich behandle mit:<\/p>\n\n\n\n<ul class=\"wp-block-list\">\n<li>Akupunktur<\/li>\n\n\n\n<li>Tuina\u00a0 (manuelle Therapie)<\/li>\n\n\n\n<li>Qigong \u00dcbungen<\/li>\n<\/ul>\n\n\n\n<p>Dazu kommen Empfehlungen im Zusammenhang mit dem Bioryhthmus (&#8220;Organuhr der TCM&#8221;) und der Chin. Di\u00e4tetik (&#8220;5 Elemente Ern\u00e4hrung&#8221;)<\/p>\n\n\n\n<h3 class=\"wp-block-heading\">Details zu meinem Ansatz<\/h3>\n\n\n\n<p><strong>Akupunktur: <\/strong>Sch\u00e4del, Ohr, Elektroakupunktur, Dry Needling.&nbsp; Zum Einsatz kommen Akupunkturprotokolle, die sich im praktischen Einsatz bew\u00e4hrt haben.<\/p>\n\n\n\n<p>Bei meinen Behandlungen st\u00fctze ich mich auf folgende Literatur:<br>Giovani Maciocia: Buchtitel: &#8220;Die Psyche in der chinesischen Medizin: Behandlung von emotionalem und psychischem Ungleichgewicht mit Akupunktur und chinesischen Kr\u00e4utern&#8221;Jost Sauer (Organuhr, Drogenentw\u00f6hnung):&nbsp; Buchtitel: &#8220;Wie neugeboren mit moderner TCM&#8221;; &#8220;Drug Repair that works&#8221;<\/p>\n\n\n\n<p>Akupunkturprotokolle aus verschiedenen medizinischen Publikationen aus der Datenbank Pubmed.<\/p>\n\n\n\n<p><strong>Manuelle Therapien<\/strong><br>Neben Tuina setze ich Gua Sha und IASTM (Instrument Assisted Soft Tissue Manipulaton) ein.<\/p>\n\n\n\n<p>Damit setze ich neue Impulsen am ganzen K\u00f6rper f\u00fcr das Gehirn.&nbsp; Ziel ist das herbeif\u00fchren eines neuen K\u00f6rpergef\u00fchls und Zustand, der Sie motiviert in Eigenregie Sport, Ausgleichs\u00fcbungen und Reflektion im Alltag einzubauen.<\/p>\n\n\n\n<p><strong>Qigong \u00dcbungen<\/strong><\/p>\n\n\n\n<p>Oft basierend auf einer Indikation nach den 5 Elementen, um emotionale und k\u00f6rperliche Resourcen bereitzustellen.<\/p>\n","protected":false},"excerpt":{"rendered":"<p>Schmerzmittel: Sind sinnvoll, wirken und werden von \u00c4rzten verschrieben. Sie erf\u00fcllen in den meisten F\u00e4llen ihren Zweck. Doch irgendwann kommt der Zeitpunkt, da\u00df sie abgesetzt werden m\u00fcssen: Viele \u00c4rzte haben den Augenmerk auf die Verschreibung, aber m\u00f6chten es nicht wahrhaben, da? selbst die kurzzeitige Einahme von Schlaf-, Schmerz- und Beruhigungs-mitteln bei chronisch kranken Menschen ,entweder schon mit der Einnahme und den Einnahme-intervallen oder beim Absetzen, Entzugserscheinungen hervorrufen. Haus\u00e4rzte bzw. auch viele Kliniken sind darauf gar [&hellip;]<\/p>\n","protected":false},"author":3,"featured_media":0,"parent":0,"menu_order":0,"comment_status":"closed","ping_status":"closed","template":"","meta":{"footnotes":""},"class_list":["post-1934","page","type-page","status-publish","hentry"],"_links":{"self":[{"href":"https:\/\/akupunktur-freystaetter.de\/en\/wp-json\/wp\/v2\/pages\/1934","targetHints":{"allow":["GET"]}}],"collection":[{"href":"https:\/\/akupunktur-freystaetter.de\/en\/wp-json\/wp\/v2\/pages"}],"about":[{"href":"https:\/\/akupunktur-freystaetter.de\/en\/wp-json\/wp\/v2\/types\/page"}],"author":[{"embeddable":true,"href":"https:\/\/akupunktur-freystaetter.de\/en\/wp-json\/wp\/v2\/users\/3"}],"replies":[{"embeddable":true,"href":"https:\/\/akupunktur-freystaetter.de\/en\/wp-json\/wp\/v2\/comments?post=1934"}],"version-history":[{"count":1,"href":"https:\/\/akupunktur-freystaetter.de\/en\/wp-json\/wp\/v2\/pages\/1934\/revisions"}],"predecessor-version":[{"id":2054,"href":"https:\/\/akupunktur-freystaetter.de\/en\/wp-json\/wp\/v2\/pages\/1934\/revisions\/2054"}],"wp:attachment":[{"href":"https:\/\/akupunktur-freystaetter.de\/en\/wp-json\/wp\/v2\/media?parent=1934"}],"curies":[{"name":"wp","href":"https:\/\/api.w.org\/{rel}","templated":true}]}}