{"id":1218,"date":"2023-05-23T12:52:18","date_gmt":"2023-05-23T10:52:18","guid":{"rendered":"https:\/\/akupunktur-freystaetter.de\/?page_id=1218"},"modified":"2025-08-28T14:59:54","modified_gmt":"2025-08-28T12:59:54","slug":"tuina-manuelle-therapie-und-akupunktur-vor-der-op","status":"publish","type":"page","link":"https:\/\/akupunktur-freystaetter.de\/en\/tuina-manuelle-therapie-und-akupunktur-vor-der-op\/","title":{"rendered":"Tuina &#8211; Manuelle Therapie und Akupunktur vor der OP"},"content":{"rendered":"\n<h2 class=\"wp-block-heading\">Warum ein \u201eKobe Steak\u201c ein Vorbild f\u00fcr Ihre OP-Vorbereitung ist<\/h2>\n\n\n\n<p>Haben Sie schon einmal vom ber\u00fchmten Fleisch der Kobe-Rinder aus Japan geh\u00f6rt? Es ist bekannt f\u00fcr seine feine Marmorierung, zarte Struktur und das Fehlen von Verh\u00e4rtungen, Knubbeln oder sehnigen Gewebeteilen. Der Grund daf\u00fcr liegt nicht nur in den strengen Aufzuchtregeln, sondern vor allem im gro\u00dfz\u00fcgigen Auslauf \u2013 und bei Bedarf: regelm\u00e4\u00dfiger Massage.<\/p>\n\n\n\n<p>In diesem Sinne sind Kobe-Rinder ein \u00fcberraschendes Vorbild f\u00fcr Patient:innen, die sich auf eine Operation vorbereiten m\u00f6chten.<\/p>\n\n\n\n<h3 class=\"wp-block-heading\">Gut durchblutetes Gewebe \u2013 besser operierbar<\/h3>\n\n\n\n<p>Ein gut durchblutetes, entspanntes Muskel- und Bindegewebe l\u00e4sst sich chirurgisch leichter und pr\u00e4ziser behandeln. Die Strukturen sind klarer voneinander abgrenzbar, Schnitte verlaufen sauberer, und die Heilung wird beg\u00fcnstigt.<\/p>\n\n\n\n<p>Sie m\u00fcssen daf\u00fcr nicht auf der Weide stehen oder t\u00e4glich massiert werden \u2013 bereits <strong>5 bis 6 Behandlungen mit Tuina und Akupunktur<\/strong> k\u00f6nnen:<\/p>\n\n\n\n<ul class=\"wp-block-list\">\n<li>die Durchblutung Ihrer Muskulatur verbessern<\/li>\n\n\n\n<li>das sympathische Nervensystem beruhigen<\/li>\n\n\n\n<li>Gelenke mobilisieren und Verspannungen l\u00f6sen<\/li>\n<\/ul>\n\n\n\n<h3 class=\"wp-block-heading\">Tuina &amp; Akupunktur \u2013 gezielte Vorbereitung auf chirurgische Eingriffe<\/h3>\n\n\n\n<p>Die Kombination aus Akupunktur und Tuina, der manuellen Therapie der Chinesischen Medizin, wirkt nachhaltig auf die Gewebequalit\u00e4t:<\/p>\n\n\n\n<ul class=\"wp-block-list\">\n<li>F\u00f6rderung der Gelenkmobilit\u00e4t<\/li>\n\n\n\n<li>Reduktion muskul\u00e4rer Spastizit\u00e4t<\/li>\n\n\n\n<li>Aktivierung von Blut- und Lymphfluss<\/li>\n\n\n\n<li>Verbesserung der N\u00e4hrstoffversorgung im Gewebe<\/li>\n<\/ul>\n\n\n\n<p>Dadurch kann der K\u00f6rper eine h\u00f6here Verletzungsreserve aufbauen und sich nach einem Eingriff schneller regenerieren.<\/p>\n\n\n\n<p>\ud83d\udd17 Studienbeispiel: Tuina verbessert Muskelfunktion nach Schlaganfall<\/p>\n\n\n\n<h2 class=\"wp-block-heading\">Mehr Resilienz f\u00fcr K\u00f6rper und Organe \u2013 besonders vor Operationen<\/h2>\n\n\n\n<p>Operationen an Knie, H\u00fcfte oder Wirbels\u00e4ule sind pr\u00e4zise geplante, aber dennoch traumatische Eingriffe ins K\u00f6rpergewebe. Eine gezielte Vorbereitung mit Tuina und Akupunktur kann helfen, den K\u00f6rper widerstandsf\u00e4higer zu machen und die Belastung besser zu bew\u00e4ltigen.<\/p>\n\n\n\n<h3 class=\"wp-block-heading\">Bessere Narkoseaufnahme durch bessere Durchblutung<\/h3>\n\n\n\n<p>Ob Vollnarkose oder lokale Bet\u00e4ubung \u2013 die Medikamente m\u00fcssen sich im K\u00f6rper gleichm\u00e4\u00dfig verteilen. Eine gute Durchblutung unterst\u00fctzt:<\/p>\n\n\n\n<ul class=\"wp-block-list\">\n<li>die optimale Aufnahme und Wirkung der Narkosemittel<\/li>\n\n\n\n<li>eine pr\u00e4zisere Dosierung durch den An\u00e4sthesisten<\/li>\n\n\n\n<li>eine geringere Belastung durch Schmerzmittel und Muskelrelaxantien<\/li>\n<\/ul>\n\n\n\n<p>Je fitter und ausgeglichener Sie in die OP gehen, desto besser kann Ihr K\u00f6rper auf die medizinischen Ma\u00dfnahmen reagieren.<\/p>\n","protected":false},"excerpt":{"rendered":"<p>Warum ein \u201eKobe Steak\u201c ein Vorbild f\u00fcr Ihre OP-Vorbereitung ist Haben Sie schon einmal vom ber\u00fchmten Fleisch der Kobe-Rinder aus Japan geh\u00f6rt? Es ist bekannt f\u00fcr seine feine Marmorierung, zarte Struktur und das Fehlen von Verh\u00e4rtungen, Knubbeln oder sehnigen Gewebeteilen. Der Grund daf\u00fcr liegt nicht nur in den strengen Aufzuchtregeln, sondern vor allem im gro\u00dfz\u00fcgigen Auslauf \u2013 und bei Bedarf: regelm\u00e4\u00dfiger Massage. In diesem Sinne sind Kobe-Rinder ein \u00fcberraschendes Vorbild f\u00fcr Patient:innen, die sich auf [&hellip;]<\/p>\n","protected":false},"author":6,"featured_media":0,"parent":0,"menu_order":0,"comment_status":"closed","ping_status":"closed","template":"","meta":{"footnotes":""},"class_list":["post-1218","page","type-page","status-publish","hentry"],"_links":{"self":[{"href":"https:\/\/akupunktur-freystaetter.de\/en\/wp-json\/wp\/v2\/pages\/1218","targetHints":{"allow":["GET"]}}],"collection":[{"href":"https:\/\/akupunktur-freystaetter.de\/en\/wp-json\/wp\/v2\/pages"}],"about":[{"href":"https:\/\/akupunktur-freystaetter.de\/en\/wp-json\/wp\/v2\/types\/page"}],"author":[{"embeddable":true,"href":"https:\/\/akupunktur-freystaetter.de\/en\/wp-json\/wp\/v2\/users\/6"}],"replies":[{"embeddable":true,"href":"https:\/\/akupunktur-freystaetter.de\/en\/wp-json\/wp\/v2\/comments?post=1218"}],"version-history":[{"count":1,"href":"https:\/\/akupunktur-freystaetter.de\/en\/wp-json\/wp\/v2\/pages\/1218\/revisions"}],"predecessor-version":[{"id":2228,"href":"https:\/\/akupunktur-freystaetter.de\/en\/wp-json\/wp\/v2\/pages\/1218\/revisions\/2228"}],"wp:attachment":[{"href":"https:\/\/akupunktur-freystaetter.de\/en\/wp-json\/wp\/v2\/media?parent=1218"}],"curies":[{"name":"wp","href":"https:\/\/api.w.org\/{rel}","templated":true}]}}