{"id":101,"date":"2016-03-25T05:00:04","date_gmt":"2016-03-25T04:00:04","guid":{"rendered":"https:\/\/akupunktur-freystaetter.de\/?page_id=101"},"modified":"2025-06-10T16:35:25","modified_gmt":"2025-06-10T14:35:25","slug":"indikationen-fuer-akupunktur-chinesische-medizin","status":"publish","type":"page","link":"https:\/\/akupunktur-freystaetter.de\/en\/indikationen-fuer-akupunktur-chinesische-medizin\/","title":{"rendered":"Indikationen"},"content":{"rendered":"\n<h2 class=\"wp-block-heading\">Die Anwendung von Akupunktur<\/h2>\n\n\n\n<p>Akupunktur ist vor allem f\u00fcr ihre Wirkung zur Behandlung von Schmerzsyndromen und Erkrankungen im Muskelapparat bekannt.<\/p>\n\n\n\n<p>Hinzu kommen eine Reihe anderer Bereiche, bei denen je nach Schwere der Erkrankung Akupunktur und Tuina als begleitende Therapie oder als Haupttherapie eingesetzt werden kann, zum Beispiel:<\/p>\n\n\n\n<ul class=\"wp-block-list\">\n<li>\u00dcberbeanspruchung von Extremit\u00e4ten oder Rumpf (Mausarm, Tennisellbogen, steifer Nacken, Schulterschmerzen)<\/li>\n\n\n\n<li>Augenleiden (wiederkehrende Entz\u00fcndungen, abweichender Augendruck)<\/li>\n\n\n\n<li>Allergien (Heuschnupfen)<\/li>\n\n\n\n<li>Lungenerkrankungen (Asthma, Hustenreiz, verschleimte Lunge)<\/li>\n\n\n\n<li>Sport- und Freizeitverletzungen<\/li>\n\n\n\n<li>Systemischen Erkrankungen (Fibromyalgie)<\/li>\n\n\n\n<li>Depression<\/li>\n\n\n\n<li>M\u00fcdigkeit (saisonal-, stress- oder krankheitsbedingt)<\/li>\n\n\n\n<li>Zur Linderung von Nebenwirkungen bei Dauereinnahme von Medikamenten<\/li>\n\n\n\n<li>Optimierung der Verdauungsfunktion und der Ern\u00e4hrung zur Gewichtsabnahme<\/li>\n\n\n\n<li>Als Zusatztherapie bei komplexen Krankheitsbildern, die in der westlichen Medizin nur mit Schmerzmitteln behandelt werden<\/li>\n\n\n\n<li>Bei Frauen zyklusbedingte Beschwerden und gyn\u00e4kologische Erkrankungen, Fertilit\u00e4t<\/li>\n\n\n\n<li>Bei M\u00e4nner Prostatabeschwerden, Sexualit\u00e4t, Fertilit\u00e4t<\/li>\n<\/ul>\n\n\n\n<h2 class=\"wp-block-heading\">\u00dcber die Traditionelle Chinesische Medizin (TCM)<\/h2>\n\n\n\n<p>Aus rechtlichen Gr\u00fcnden weise ich darauf hin:<br>Wie die meisten Naturheilverfahren wird die Traditionelle Chinesische Medizin in ihren verschiedenen Therapieformen von der Schulmedizin nicht anerkannt. Sie geh\u00f6rt nicht zum allgemeinen medizinischen Standard. Wissenschaftliche Beweise werden von Bef\u00fcrwortern und Skeptikern pr\u00e4sentiert und die Wirksamkeit ist nicht hinreichend gesichert und anerkannt. Gesetzliche Krankenkassen \u00fcbernehmen die Kosten nur bei bestimmten Indikationen und bei Behandlung durch \u00c4rzte. Private Krankenversicherungen haben unterschiedliche Regelungen f\u00fcr die (teilweise) \u00dcbernahme der Kosten durch die Behandlung von Heilpraktikern.<\/p>\n\n\n\n<h2 class=\"wp-block-heading\">Weitere Indikationslisten<\/h2>\n\n\n\n<ul class=\"wp-block-list\">\n<li>Die AGTCM beschreibt das Anwendungsgebiet in einem kurzen <a href=\"https:\/\/www.youtube.com\/watch?v=2h_GAQZd2Mo\" target=\"_blank\" rel=\"noopener noreferrer\">Videoclip<\/a>.<\/li>\n\n\n\n<li>Die Deutsche \u00c4rzte Gesellschaft umschreibt das Anwendungsgebiet so: <a href=\"http:\/\/www.daegfa.de\/PatientenPortal\/Anwendungsgebiete.Anwendungsgebiete.aspx\" target=\"_blank\" rel=\"noopener noreferrer\">Anwendungsgebiete<\/a><\/li>\n\n\n\n<li>Die Internationale Gesellschaft f\u00fcr Chinesische Medizin e.V. (SMS) f\u00fchrt eine <a href=\"http:\/\/www.tcm.edu\/chinesische-medizin\/indikationsliste\/\" target=\"_blank\" rel=\"noopener noreferrer\">Liste<\/a>.<\/li>\n\n\n\n<li>Die British Medical Acupuncture Society (BMAS) hat diese Positionspapiern ver\u00f6ffentlicht.<\/li>\n<\/ul>\n\n\n\n<p>In der BMAS Publikation wird f\u00fcr die Wirksamkeit von Akupunktur f\u00fcr folgende Indikationen argumentiert:<\/p>\n\n\n\n<ul class=\"wp-block-list\">\n<li>Chronische untere R\u00fcckenschmerzen<\/li>\n\n\n\n<li>Chronische Kopfschmerzen<\/li>\n\n\n\n<li>Arthrose (engl.Osteoarthritis) im Knie<\/li>\n\n\n\n<li>Nackenschmerzen<\/li>\n\n\n\n<li>Schulterschmerzen<\/li>\n\n\n\n<li>Schwindel und Erbrechen (durch \u00dcbelkeit)<\/li>\n\n\n\n<li>Blasen\u00fcberfunktion<\/li>\n\n\n\n<li>Allergische Rhinnitis<\/li>\n<\/ul>\n","protected":false},"excerpt":{"rendered":"<p>Die Anwendung von Akupunktur Akupunktur ist vor allem f\u00fcr ihre Wirkung zur Behandlung von Schmerzsyndromen und Erkrankungen im Muskelapparat bekannt. Hinzu kommen eine Reihe anderer Bereiche, bei denen je nach Schwere der Erkrankung Akupunktur und Tuina als begleitende Therapie oder als Haupttherapie eingesetzt werden kann, zum Beispiel: \u00dcber die Traditionelle Chinesische Medizin (TCM) Aus rechtlichen Gr\u00fcnden weise ich darauf hin:Wie die meisten Naturheilverfahren wird die Traditionelle Chinesische Medizin in ihren verschiedenen Therapieformen von der Schulmedizin [&hellip;]<\/p>\n","protected":false},"author":2,"featured_media":0,"parent":0,"menu_order":30,"comment_status":"closed","ping_status":"closed","template":"","meta":{"footnotes":""},"class_list":["post-101","page","type-page","status-publish","hentry"],"_links":{"self":[{"href":"https:\/\/akupunktur-freystaetter.de\/en\/wp-json\/wp\/v2\/pages\/101","targetHints":{"allow":["GET"]}}],"collection":[{"href":"https:\/\/akupunktur-freystaetter.de\/en\/wp-json\/wp\/v2\/pages"}],"about":[{"href":"https:\/\/akupunktur-freystaetter.de\/en\/wp-json\/wp\/v2\/types\/page"}],"author":[{"embeddable":true,"href":"https:\/\/akupunktur-freystaetter.de\/en\/wp-json\/wp\/v2\/users\/2"}],"replies":[{"embeddable":true,"href":"https:\/\/akupunktur-freystaetter.de\/en\/wp-json\/wp\/v2\/comments?post=101"}],"version-history":[{"count":1,"href":"https:\/\/akupunktur-freystaetter.de\/en\/wp-json\/wp\/v2\/pages\/101\/revisions"}],"predecessor-version":[{"id":2083,"href":"https:\/\/akupunktur-freystaetter.de\/en\/wp-json\/wp\/v2\/pages\/101\/revisions\/2083"}],"wp:attachment":[{"href":"https:\/\/akupunktur-freystaetter.de\/en\/wp-json\/wp\/v2\/media?parent=101"}],"curies":[{"name":"wp","href":"https:\/\/api.w.org\/{rel}","templated":true}]}}