{"id":93,"date":"2016-03-25T04:00:02","date_gmt":"2016-03-25T03:00:02","guid":{"rendered":"https:\/\/akupunktur-freystaetter.de\/?page_id=93"},"modified":"2025-08-28T12:39:04","modified_gmt":"2025-08-28T10:39:04","slug":"kontakt","status":"publish","type":"page","link":"https:\/\/akupunktur-freystaetter.de\/de\/kontakt\/","title":{"rendered":"Kontakt und Anreise"},"content":{"rendered":"\n<h2 class=\"wp-block-heading\">Termine ausmachen &amp; Anfragen<\/h2>\n\n\n\n<p>So erreichen Sie mich:<\/p>\n\n\n\n<ul class=\"wp-block-list\">\n<li>Rufen Sie mich an<br>oder schicken Sie eine SMS<br>Mobil <a href=\"tel:+4915737982037\">01573 7982 037<\/a><br>Mo \u2013 Fr von 9.00 \u2013 18.00 Uhr<br>(Bitte unterdr\u00fccken Sie nicht Ihre Rufnummer: Wenn ich in einer Behandlung bin, rufe ich Sie sp\u00e4ter zur\u00fcck!)<\/li>\n\n\n\n<li>oder buchen Sie Ihren Termin online: <a href=\"https:\/\/www.doctolib.de\/heilpraktiker\/frankfurt-am-main\/werner-freystaetter\" target=\"_blank\" rel=\"noopener\">Online Buchung<\/a><\/li>\n\n\n\n<li>oder senden Sie mir eine E-Mail<br><a href=\"mailto:praxis@freystaetter.com\" target=\"_blank\" rel=\"noopener noreferrer\">praxis@freystaetter.com<\/a><\/li>\n<\/ul>\n\n\n\n<h2 class=\"wp-block-heading\">Meine Anschrift<\/h2>\n\n\n\n<p><strong>Werner Freyst\u00e4tter<\/strong><br>Heilpraktiker Akupunktur<br>Two Rivers Acupuncture<br>c\/o Praxis Ishikawa<br>Sch\u00e4rfeng\u00e4\u00dfchen 6<br>60311 Frankfurt am Main<\/p>\n\n\n\n<h2 class=\"wp-block-heading\">Die Anfahrt<\/h2>\n\n\n\n<p>Die Praxis liegt 3 Fu\u00dfminuten von der Hauptwache entfernt zwischen Zeil und Liebfrauenberg.<br>Siehe Google-Karte: <a href=\"https:\/\/goo.gl\/maps\/QEzFNWXrKMA2\" target=\"_blank\" rel=\"noopener noreferrer\">https:\/\/goo.gl\/maps\/QEzFNWXrKMA2<\/a><\/p>\n\n\n\n<p><iframe loading=\"lazy\" style=\"border: 0px currentColor;\" src=\"https:\/\/www.google.com\/maps\/embed?pb=!1m18!1m12!1m3!1d2558.5446262168707!2d8.679551915087623!3d50.11352991946601!2m3!1f0!2f0!3f0!3m2!1i1024!2i768!4f13.1!3m3!1m2!1s0x47bd0ea5879e1d13%3A0x151118bc249490a1!2sTwo+Rivers+Acupuncture+in+der+Praxis+Ishikawa!5e0!3m2!1sde!2sde!4v1458899542292\" width=\"600\" height=\"450\" frameborder=\"0\" allowfullscreen=\"allowfullscreen\"><\/iframe><\/p>\n\n\n\n<p>S-Bahn Stationen in der N\u00e4he: Hauptwache und Konstablerwache<br>Parkh\u00e4user in der N\u00e4he: Hauptwache, Konstablerwache und R\u00f6mer<\/p>\n\n\n\n<p>Mehr Informationen zu der<a href=\"https:\/\/akupunktur-freystaetter.de\/parken-in-frankfurt-stadtmitte\/\"> Anreise mit Auto und \u00f6ffentlichem Verkehr<\/a> finden Sie <a href=\"https:\/\/akupunktur-freystaetter.de\/parken-in-frankfurt-stadtmitte\/\">hier<\/a>.<\/p>\n\n\n\n<h2 class=\"wp-block-heading\">Der Eingang im Sch\u00e4rfeng\u00e4\u00dfchen<\/h2>\n\n\n\n<p>Mein Kollege Tadashi Ishikawa und ich haben unsere Praxisr\u00e4ume im 3. Stock im gleichen Geb\u00e4ude wie der <a href=\"https:\/\/salvatore-piccione.de\" target=\"_blank\" rel=\"noopener\">Friseur Salvatore Piccione<\/a>.<br>\u00bbSch\u00e4rfeng\u00e4\u00dfchen 4 -6\u00ab ist die offizielle Anschrift, allerdings findet nur der Postbote die Praxis so. Wenn Sie das Sch\u00e4rfeng\u00e4\u00dfchen entlanggehen, halten Sie Aussschau nach dem Eingang mit den Schildern \u00bbN2\u00ab und \u00bbSalvatore Piccione\u00ab.<\/p>\n\n\n\n<figure class=\"wp-block-image\"><a href=\"https:\/\/akupunktur-freystaetter.de\/wp-content\/uploads\/Stra\u00dfenschild_Sch\u00e4rfeng\u00e4\u00dfchen-4-6-Frankfurt-Eingang-Praxis-Ishikawa.png\"><img decoding=\"async\" src=\"https:\/\/akupunktur-freystaetter.de\/wp-content\/uploads\/Stra\u00dfenschild_Sch\u00e4rfeng\u00e4\u00dfchen-4-6-Frankfurt-Eingang-Praxis-Ishikawa-600x331.png\" alt=\"\" title=\"\"><\/a><\/figure>\n\n\n\n<p>Im Sch\u00e4rfeng\u00e4\u00dfchen zwischen dem Restaurant <a href=\"https:\/\/gocpho.de\/\" rel=\"noopener\" target=\"_blank\">Goc Pho<\/a>&nbsp;und der Euro Spielhalle befindet sich der Eingang.&nbsp;<\/p>\n\n\n\n<figure class=\"wp-block-image\"><a href=\"https:\/\/akupunktur-freystaetter.de\/wp-content\/uploads\/Von-Gegen\u00fcber_Sch\u00e4rfeng\u00e4\u00dfchen-4-6-Frankfurt-Eingang-Praxis-Ishikawa.jpg\"><img decoding=\"async\" src=\"https:\/\/akupunktur-freystaetter.de\/wp-content\/uploads\/Von-Gegen\u00fcber_Sch\u00e4rfeng\u00e4\u00dfchen-4-6-Frankfurt-Eingang-Praxis-Ishikawa-600x450.jpg\" alt=\"\" title=\"\"><\/a><\/figure>\n\n\n\n<p>&nbsp;Wenn die Eingangst\u00fcr nicht offen ist, klingeln Sie bitte.<br>Die Praxis befindet sich im 3. Stock und ist nur \u00fcber den Aufzug erreichbar.<\/p>\n\n\n\n<figure class=\"wp-block-image\"><img loading=\"lazy\" decoding=\"async\" width=\"600\" height=\"261\" src=\"https:\/\/akupunktur-freystaetter.de\/wp-content\/uploads\/Oberbalken_Sch\u00e4rfeng\u00e4\u00dfchen-4-6-Frankfurt-Eingang-Praxis-Ishikawa.jpg\" alt=\"\" class=\"wp-image-660\" title=\"\" srcset=\"https:\/\/akupunktur-freystaetter.de\/wp-content\/uploads\/Oberbalken_Sch\u00e4rfeng\u00e4\u00dfchen-4-6-Frankfurt-Eingang-Praxis-Ishikawa.jpg 600w, https:\/\/akupunktur-freystaetter.de\/wp-content\/uploads\/Oberbalken_Sch\u00e4rfeng\u00e4\u00dfchen-4-6-Frankfurt-Eingang-Praxis-Ishikawa-200x87.jpg 200w\" sizes=\"auto, (max-width: 600px) 100vw, 600px\" \/><\/figure>\n\n\n\n<p>Der historische T\u00fcrbalken vom Eingang.<\/p>\n\n\n\n<figure class=\"wp-block-image\"><img loading=\"lazy\" decoding=\"async\" width=\"600\" height=\"692\" src=\"https:\/\/akupunktur-freystaetter.de\/wp-content\/uploads\/Fahrstuhl_Sch\u00e4rfeng\u00e4\u00dfchen-4-6-Frankfurt-Eingang-Praxis-Ishikawa.jpg\" alt=\"\" class=\"wp-image-658\" title=\"\" srcset=\"https:\/\/akupunktur-freystaetter.de\/wp-content\/uploads\/Fahrstuhl_Sch\u00e4rfeng\u00e4\u00dfchen-4-6-Frankfurt-Eingang-Praxis-Ishikawa.jpg 600w, https:\/\/akupunktur-freystaetter.de\/wp-content\/uploads\/Fahrstuhl_Sch\u00e4rfeng\u00e4\u00dfchen-4-6-Frankfurt-Eingang-Praxis-Ishikawa-200x231.jpg 200w\" sizes=\"auto, (max-width: 600px) 100vw, 600px\" \/><\/figure>\n\n\n\n<p><\/p>\n","protected":false},"excerpt":{"rendered":"<p>Termine ausmachen &amp; Anfragen So erreichen Sie mich: Meine Anschrift Werner Freyst\u00e4tterHeilpraktiker AkupunkturTwo Rivers Acupuncturec\/o Praxis IshikawaSch\u00e4rfeng\u00e4\u00dfchen 660311 Frankfurt am Main Die Anfahrt Die Praxis liegt 3 Fu\u00dfminuten von der Hauptwache entfernt zwischen Zeil und Liebfrauenberg.Siehe Google-Karte: https:\/\/goo.gl\/maps\/QEzFNWXrKMA2 S-Bahn Stationen in der N\u00e4he: Hauptwache und KonstablerwacheParkh\u00e4user in der N\u00e4he: Hauptwache, Konstablerwache und R\u00f6mer Mehr Informationen zu der Anreise mit Auto und \u00f6ffentlichem Verkehr finden Sie hier. Der Eingang im Sch\u00e4rfeng\u00e4\u00dfchen Mein Kollege Tadashi Ishikawa und [&hellip;]<\/p>\n","protected":false},"author":2,"featured_media":0,"parent":0,"menu_order":20,"comment_status":"closed","ping_status":"closed","template":"","meta":{"footnotes":""},"class_list":["post-93","page","type-page","status-publish","hentry"],"_links":{"self":[{"href":"https:\/\/akupunktur-freystaetter.de\/de\/wp-json\/wp\/v2\/pages\/93","targetHints":{"allow":["GET"]}}],"collection":[{"href":"https:\/\/akupunktur-freystaetter.de\/de\/wp-json\/wp\/v2\/pages"}],"about":[{"href":"https:\/\/akupunktur-freystaetter.de\/de\/wp-json\/wp\/v2\/types\/page"}],"author":[{"embeddable":true,"href":"https:\/\/akupunktur-freystaetter.de\/de\/wp-json\/wp\/v2\/users\/2"}],"replies":[{"embeddable":true,"href":"https:\/\/akupunktur-freystaetter.de\/de\/wp-json\/wp\/v2\/comments?post=93"}],"version-history":[{"count":4,"href":"https:\/\/akupunktur-freystaetter.de\/de\/wp-json\/wp\/v2\/pages\/93\/revisions"}],"predecessor-version":[{"id":2180,"href":"https:\/\/akupunktur-freystaetter.de\/de\/wp-json\/wp\/v2\/pages\/93\/revisions\/2180"}],"wp:attachment":[{"href":"https:\/\/akupunktur-freystaetter.de\/de\/wp-json\/wp\/v2\/media?parent=93"}],"curies":[{"name":"wp","href":"https:\/\/api.w.org\/{rel}","templated":true}]}}