{"id":88,"date":"2016-03-25T03:06:59","date_gmt":"2016-03-25T02:06:59","guid":{"rendered":"https:\/\/akupunktur-freystaetter.de\/?page_id=88"},"modified":"2026-02-03T13:42:00","modified_gmt":"2026-02-03T12:42:00","slug":"preise-akupunktur-tuina-frankfurt-main","status":"publish","type":"page","link":"https:\/\/akupunktur-freystaetter.de\/de\/preise-akupunktur-tuina-frankfurt-main\/","title":{"rendered":"Behandlungskosten"},"content":{"rendered":"\n<p>Eine qualifizierte Behandlung mit Akupunktur oder Tuina nach den diagnostischen Grundlagen der Chinesischen Medizin (CM) dauert etwa 60 Minuten.<\/p>\n\n\n\n<h2 class=\"wp-block-heading\">Akupunktur Behandlungen Preise<\/h2>\n\n\n\n<p><strong>Akupunktur u\/o Tuina u\/o Qigong an einem Termin<\/strong><br>Eine Behandlung mit Akupunktur. Tuina (manuelle Therapie) u. Qigong werden eingesetzt, um den K\u00f6rper auf die Nadeln vorzubereiten.<\/p>\n\n\n\n<p>Montag bis Freitag<\/p>\n\n\n\n<ul class=\"wp-block-list\">\n<li>Von 9 bis 17 Uhr mittags \u2013 125 Euro &#8211; Behandlungsdauer: 60 min<\/li>\n\n\n\n<li>17 Uhr und sp\u00e4ter \u2013 150 Euro &#8211; Behandlungsdauer: 60 min<\/li>\n<\/ul>\n\n\n\n<p>Behandlungen, die l\u00e4nger als 60 (+10) Minuten dauern werden in 30 Minuten-Intervallen mit zus\u00e4tzlich 50 Euro berechnet.&nbsp; Ich weise immer auf die Mehrberechnung vorher hin und frage nach Ihrem Einverst\u00e4ndnis.<\/p>\n\n\n\n<p>Weitere Termine auf Anfrage &#8211; gerne auch fr\u00fcher am Morgen.<\/p>\n\n\n\n<h2 class=\"wp-block-heading\">Preise f\u00fcr den ersten Termin \/ Erstanamnese und &#8222;nur&#8220; Tuina Behandlungen<\/h2>\n\n\n\n<p><strong>Anamanese mit Erstbehandlung \u2013 ca. 90 Minuten<\/strong><br>Erster Termin &#8211; Anamanese mit Erstbehandlung: 175 Euro<br>Die ersten 30 Minuten beim Ersttermin sind Teil eines unverbindlichen Beratungsgespr\u00e4ch. So entscheiden Sie sich erst f\u00fcr eine kostenpflichtige Behandlung, nach dem wir Ihr Anliegen in der Praxis besprechen konnten.<\/p>\n\n\n\n<p><strong>&#8222;Nur&#8220; Tuina Behandlungen \u2013 ca. 75 min<\/strong><br>Jeweils: 150 Euro<\/p>\n\n\n\n<p>Reine Tuina Behandlungen haben ein l\u00e4ngeres Behandlungsskript \u2013 mehr Griffe, mehr Akupressur, mehr Mobilisation und mehr Massage zur Vorbereitung und Nachbereitung.<\/p>\n\n\n\n<p>Tuina Behandlungen sind gut f\u00fcr:<\/p>\n\n\n\n<ul class=\"wp-block-list\">\n<li>Ganzk\u00f6rper Anwendungen<\/li>\n\n\n\n<li>Muskelkater (nach Wettk\u00e4mpfen wie Marathons, Triathlons etc.)<\/li>\n\n\n\n<li>Beine und Knie (f\u00fcr T\u00e4nzer, Verk\u00e4ufer, Briefkuriere, Taxifahrer, Krankenhauspersonal )<\/li>\n\n\n\n<li>H\u00fcftbeschwerden (ohne Einschr\u00e4nkung durch k\u00fcnstliche Gelenke)<\/li>\n\n\n\n<li>Schulterbehandlungen (Friseure, Handwerker)<\/li>\n<\/ul>\n\n\n\n<h2 class=\"wp-block-heading\">Preise f\u00fcr Akupunktur Behandlungsserien<\/h2>\n\n\n\n<p><strong>Behandeln wie im Chinesischen Krankenhaus<\/strong><br>10 t\u00e4glich aufeinanderfolgende Behandlungen (jeweils 50 min) \u00fcber 14 Tage: Preis auf Anfrage<\/p>\n\n\n\n<p>Mehr \u00fcber dieses Konzept: <a href=\"https:\/\/akupunktur-freystaetter.de\/behandlungsserien\/\">Behandlungsserien<\/a><\/p>\n\n\n\n<h2 class=\"wp-block-heading\">Kostenerstattung<\/h2>\n\n\n\n<p>Die <strong>gesetzlichen Krankenkasse \u00fcbernehmen die Behandlungskosten nicht<\/strong>. Einige private Krankenkassen mit Zusatzversicherung bieten eine Teilerstattung der Heilpraktiker Kosten.<\/p>\n\n\n\n<p>Patienten bezahlen die Behandlung bar und erhalten eine Quittung \u00fcber die Barzahlung. Auf Wunsch stelle ich nach einer abgeschlossenen Behandlungsserie eine nach der Geb\u00fchrenordnung f\u00fcr Heilpraktiker (Gb\u00fcH) aufgestellte Best\u00e4tigung und Sammelrechnung aus.<\/p>\n\n\n\n<p>Hier noch einmal die Vorteile f\u00fcr Selbstzahler:<\/p>\n\n\n\n<ul class=\"wp-block-list\">\n<li>Sie haben meine volle Aufmerksamkeit w\u00e4hrend des Termins<\/li>\n\n\n\n<li>Keine Datenweitergabe an Krankenkassen<\/li>\n\n\n\n<li>Schnelle Termine<\/li>\n\n\n\n<li>Alle begleitenden Therapien wie Moxa, Schr\u00f6pfen, W\u00e4rmelampe sind inklusive<\/li>\n\n\n\n<li>Ich kombiniere Tuina (Manuelle Therapie) mit Akupunktur &#8211; oft in einer Sitzung<\/li>\n<\/ul>\n\n\n\n<h2 class=\"wp-block-heading\">Intensive Betreuung &amp; Stammpatienten<\/h2>\n\n\n\n<p>Aufgrund Ihrer gesundheitlichen Situation w\u00fcnschen Sie eine intensive Betreuung oder m\u00f6chten Stammpatient werden?<\/p>\n\n\n\n<p>Stammpatienten sind Patienten, die eine fest Terminserie quartalsweise buchen.<\/p>\n\n\n\n<p>Intensive Betreuungsangebote stelle ich gerne zusammen f\u00fcr:<\/p>\n\n\n\n<ul class=\"wp-block-list\">\n<li>Sportler, Schauspieler, Musiker, T\u00e4nzer<\/li>\n\n\n\n<li>Projekt Manager<\/li>\n\n\n\n<li>Angestellte in der Entlassungsphase<\/li>\n\n\n\n<li>Mitarbeiter&nbsp;im Krisenmanagement oder Mitarbeiter in der Krise<\/li>\n\n\n\n<li>Politiker<\/li>\n\n\n\n<li>\u00c4rzte u. Heilpraktiker<\/li>\n\n\n\n<li>Firmeninhaber<\/li>\n<\/ul>\n\n\n\n<p>Mein Angebot ist eine medizinische Dienstleistung als Heilpraktiker.<\/p>\n\n\n\n<p>Personalabteilungen k\u00f6nnen mich auch f\u00fcr eine freiwillige Mitarbeiterbetreuung buchen. &nbsp; &nbsp; Die Firma zahlt und die Mitarbeiter d\u00fcrfen freiwillig meine Leistung in Anspruch nehmen. &nbsp;Abgerechnet wird diese Dienstleistung mit der Personalabteilung und nur nach erfolgter Inanspruchnahme.<\/p>\n\n\n\n<p>Kontaktieren Sie mich per E-mail: praxis@freystaetter.com und ich berate Sie gerne.<\/p>\n\n\n\n<p>Stand:\u00a0 08.2025<\/p>\n","protected":false},"excerpt":{"rendered":"<p>Eine qualifizierte Behandlung mit Akupunktur oder Tuina nach den diagnostischen Grundlagen der Chinesischen Medizin (CM) dauert etwa 60 Minuten. Akupunktur Behandlungen Preise Akupunktur u\/o Tuina u\/o Qigong an einem TerminEine Behandlung mit Akupunktur. Tuina (manuelle Therapie) u. Qigong werden eingesetzt, um den K\u00f6rper auf die Nadeln vorzubereiten. Montag bis Freitag Behandlungen, die l\u00e4nger als 60 (+10) Minuten dauern werden in 30 Minuten-Intervallen mit zus\u00e4tzlich 50 Euro berechnet.&nbsp; Ich weise immer auf die Mehrberechnung vorher hin [&hellip;]<\/p>\n","protected":false},"author":2,"featured_media":0,"parent":0,"menu_order":40,"comment_status":"closed","ping_status":"closed","template":"","meta":{"footnotes":""},"class_list":["post-88","page","type-page","status-publish","hentry"],"_links":{"self":[{"href":"https:\/\/akupunktur-freystaetter.de\/de\/wp-json\/wp\/v2\/pages\/88","targetHints":{"allow":["GET"]}}],"collection":[{"href":"https:\/\/akupunktur-freystaetter.de\/de\/wp-json\/wp\/v2\/pages"}],"about":[{"href":"https:\/\/akupunktur-freystaetter.de\/de\/wp-json\/wp\/v2\/types\/page"}],"author":[{"embeddable":true,"href":"https:\/\/akupunktur-freystaetter.de\/de\/wp-json\/wp\/v2\/users\/2"}],"replies":[{"embeddable":true,"href":"https:\/\/akupunktur-freystaetter.de\/de\/wp-json\/wp\/v2\/comments?post=88"}],"version-history":[{"count":2,"href":"https:\/\/akupunktur-freystaetter.de\/de\/wp-json\/wp\/v2\/pages\/88\/revisions"}],"predecessor-version":[{"id":2235,"href":"https:\/\/akupunktur-freystaetter.de\/de\/wp-json\/wp\/v2\/pages\/88\/revisions\/2235"}],"wp:attachment":[{"href":"https:\/\/akupunktur-freystaetter.de\/de\/wp-json\/wp\/v2\/media?parent=88"}],"curies":[{"name":"wp","href":"https:\/\/api.w.org\/{rel}","templated":true}]}}