{"id":85,"date":"2016-03-25T00:57:58","date_gmt":"2016-03-24T23:57:58","guid":{"rendered":"https:\/\/akupunktur-freystaetter.de\/?page_id=85"},"modified":"2025-08-28T13:06:47","modified_gmt":"2025-08-28T11:06:47","slug":"mitglied-agtcm-in-frankfurt-chinesische-medizin","status":"publish","type":"page","link":"https:\/\/akupunktur-freystaetter.de\/de\/mitglied-agtcm-in-frankfurt-chinesische-medizin\/","title":{"rendered":"Berufliche Qualifikation"},"content":{"rendered":"\n<p><strong>Heilpraktiker Werner Freyst\u00e4tter<\/strong><\/p>\n\n\n\n<figure class=\"wp-block-image size-large is-resized\"><img loading=\"lazy\" decoding=\"async\" width=\"1024\" height=\"768\" src=\"https:\/\/akupunktur-freystaetter.de\/wp-content\/uploads\/Werner-Freystaetter-Akupunktur-Tuina-Chinesische-Medizin-043-1024x768.jpg\" alt=\"\" class=\"wp-image-1355\" style=\"width:645px;height:auto\" title=\"\" srcset=\"https:\/\/akupunktur-freystaetter.de\/wp-content\/uploads\/Werner-Freystaetter-Akupunktur-Tuina-Chinesische-Medizin-043-1024x768.jpg 1024w, https:\/\/akupunktur-freystaetter.de\/wp-content\/uploads\/Werner-Freystaetter-Akupunktur-Tuina-Chinesische-Medizin-043-600x450.jpg 600w, https:\/\/akupunktur-freystaetter.de\/wp-content\/uploads\/Werner-Freystaetter-Akupunktur-Tuina-Chinesische-Medizin-043-200x150.jpg 200w, https:\/\/akupunktur-freystaetter.de\/wp-content\/uploads\/Werner-Freystaetter-Akupunktur-Tuina-Chinesische-Medizin-043.jpg 1366w\" sizes=\"auto, (max-width: 1024px) 100vw, 1024px\" \/><\/figure>\n\n\n\n<p>Meine Grundlagen sind:<\/p>\n\n\n\n<p><a href=\"https:\/\/www.agtcm.de\/patienten\/ausbildung\/diplom-ausbildung\/index.htm\" target=\"_blank\" rel=\"noopener\">Diplom der AGTCM<\/a> in klassicher Akupunktur und Traditioneller Chinesischer Medizin (TCM)<\/p>\n\n\n\n<ul class=\"wp-block-list\">\n<li>Klinischen Praktika in der Chinese Clinic im Mater Dei Krankenhaus und dem Mediterranean Center of Traditional Chinese Medicine auf Malta<\/li>\n\n\n\n<li>Weiterbildung in Tuina beim <a href=\"https:\/\/www.abz-mitte.de\" target=\"_blank\" rel=\"noopener\">ABZ MITTE<\/a> in Offenbach<\/li>\n\n\n\n<li>J\u00e4hrlichen Weiterbildungen bei <a href=\"https:\/\/www.thefitinstitute.com\/about\/dr-scappaticci\/\" target=\"_blank\" rel=\"noopener\">Dr. Scappaticci<\/a> (Kanada) und Dr. Lundgren (Schweden) in der Akupunktur f\u00fcr Sportverletzungen<\/li>\n<\/ul>\n\n\n\n<p>und:<\/p>\n\n\n\n<ul class=\"wp-block-list\">\n<li>Mitglied der <a href=\"http:\/\/www.agtcm.de\" target=\"_blank\" rel=\"noopener\">AGTCM<\/a> (Fachverband f\u00fcr Chin. Medizin: Arbeitsgemeinschaft Traditionelle Chinesische Medizin)<\/li>\n\n\n\n<li>Mitglied des Dolmetscherteams im ABZ MITTE Offenbach unter Leitung von <a href=\"http:\/\/www.akupunktur-frankfurt-tcm.de\/index.html\" target=\"_blank\" rel=\"noopener\">Silke Burkart<\/a><\/li>\n<\/ul>\n\n\n\n<p>Meine Liste der Weiterbildungen finden Sie in meinem <a href=\"https:\/\/www.xing.com\/profile\/Werner_Freystaetter\" target=\"_blank\" rel=\"noopener\">Xing Profil<\/a>.<a href=\"http:\/\/www.abz-mitte.de\" target=\"_blank\" rel=\"noopener\"><\/a><\/p>\n\n\n\n<p>Ich kombiniere die Akupunktur mit manueller Therapie und spezialisiere mich auf:<\/p>\n\n\n\n<ul class=\"wp-block-list\">\n<li>Faszien und manuelle Therapie<\/li>\n\n\n\n<li>Akupunktur bei Schmerzen im Bewegungsapparat &#8211; all den Erkrankungen bei denen Physiottherapie keinen richtigen Erfolg zeigt<\/li>\n\n\n\n<li>die Diagnose von Puls, Zunge und Lebensumst\u00e4nden f\u00fcr eine gezielte Therapie und Vorschl\u00e4gen zur pers\u00f6nlichen Ver\u00e4nderung<\/li>\n\n\n\n<li>Qigong und Taiji \u00dcbungen f\u00fcr zu Hause als Erg\u00e4nzung zur Akupunktur<\/li>\n\n\n\n<li>neuste wissenschaftliche Erkenntnisse und Behandlungsans\u00e4tze mit Erg\u00e4nzungspotential zur Chinesischen Medizin: Faszienmassagen, Dry Needling, Sch\u00e4delakupunktur, Ohrakupunktur, Massagen<\/li>\n<\/ul>\n\n\n\n<p>Mein Motto:<\/p>\n\n\n\n<ul class=\"wp-block-list\">\n<li><strong>keine Massenabfertigungen<\/strong> wie in einer gro\u00dfen (Arzt)-praxis<\/li>\n\n\n\n<li>mit <strong>mehr Methoden<\/strong> behandeln als in einem physiotherapeutischen Kontext<\/li>\n\n\n\n<li>Zugang zu Akupunktur, Eigen\u00fcbungen (Qigong) und manueller Therapie (Tuina) zu <strong>einem fairen Preis&nbsp;<\/strong>&#8211; ein Preis pro Sitzung und keine versteckten Preise oder Verkauf von Zusatzleistungen<\/li>\n\n\n\n<li>auch eine kurze Behandlungsdauer soll Erfolge zeigen<\/li>\n<\/ul>\n\n\n\n<p class=\"has-text-align-left\">Ich bin ein ehemaliger Sch\u00fcler vom ABZ MITTE, einer der Kooperationsschulen der AGTCM<\/p>\n\n\n<div class=\"wp-block-image\">\n<figure class=\"aligncenter\"><img decoding=\"async\" src=\"https:\/\/akupunktur-freystaetter.de\/wp-content\/uploads\/Proud-to-be-ABZ-Mitte-Signet-75x75.jpg\" alt=\"\" class=\"wp-image-435\" title=\"\"><\/figure><\/div>\n\n\n<p><\/p>\n","protected":false},"excerpt":{"rendered":"<p>Heilpraktiker Werner Freyst\u00e4tter Meine Grundlagen sind: Diplom der AGTCM in klassicher Akupunktur und Traditioneller Chinesischer Medizin (TCM) und: Meine Liste der Weiterbildungen finden Sie in meinem Xing Profil. Ich kombiniere die Akupunktur mit manueller Therapie und spezialisiere mich auf: Mein Motto: Ich bin ein ehemaliger Sch\u00fcler vom ABZ MITTE, einer der Kooperationsschulen der AGTCM<\/p>\n","protected":false},"author":2,"featured_media":0,"parent":0,"menu_order":60,"comment_status":"closed","ping_status":"closed","template":"","meta":{"footnotes":""},"class_list":["post-85","page","type-page","status-publish","hentry"],"_links":{"self":[{"href":"https:\/\/akupunktur-freystaetter.de\/de\/wp-json\/wp\/v2\/pages\/85","targetHints":{"allow":["GET"]}}],"collection":[{"href":"https:\/\/akupunktur-freystaetter.de\/de\/wp-json\/wp\/v2\/pages"}],"about":[{"href":"https:\/\/akupunktur-freystaetter.de\/de\/wp-json\/wp\/v2\/types\/page"}],"author":[{"embeddable":true,"href":"https:\/\/akupunktur-freystaetter.de\/de\/wp-json\/wp\/v2\/users\/2"}],"replies":[{"embeddable":true,"href":"https:\/\/akupunktur-freystaetter.de\/de\/wp-json\/wp\/v2\/comments?post=85"}],"version-history":[{"count":3,"href":"https:\/\/akupunktur-freystaetter.de\/de\/wp-json\/wp\/v2\/pages\/85\/revisions"}],"predecessor-version":[{"id":2182,"href":"https:\/\/akupunktur-freystaetter.de\/de\/wp-json\/wp\/v2\/pages\/85\/revisions\/2182"}],"wp:attachment":[{"href":"https:\/\/akupunktur-freystaetter.de\/de\/wp-json\/wp\/v2\/media?parent=85"}],"curies":[{"name":"wp","href":"https:\/\/api.w.org\/{rel}","templated":true}]}}