{"id":687,"date":"2021-02-17T18:33:03","date_gmt":"2021-02-17T17:33:03","guid":{"rendered":"https:\/\/akupunktur-freystaetter.de\/?page_id=687"},"modified":"2025-08-28T16:20:37","modified_gmt":"2025-08-28T14:20:37","slug":"nur-zur-entspannung-da-dann-sind-sie-auch-richtig","status":"publish","type":"page","link":"https:\/\/akupunktur-freystaetter.de\/de\/nur-zur-entspannung-da-dann-sind-sie-auch-richtig\/","title":{"rendered":"Nur zur Entspannung da? Dann sind sie auch richtig"},"content":{"rendered":"\n<p>Auch ohne akute Beschwerden und Erkrankungen lohnt sich Akupunktur.  <\/p>\n\n\n\n<p>Sie erhalten bei mir eine umfangreiche Behandlung bei der im Vordergrund stehen kann:<\/p>\n\n\n\n<div class=\"wp-block-group\"><div class=\"wp-block-group__inner-container is-layout-flow wp-block-group-is-layout-flow\">\n<ul class=\"wp-block-list\">\n<li>Achtsame Ber\u00fchrung<\/li>\n\n\n\n<li>Entspannung und Stress-abbau<\/li>\n\n\n\n<li>Atem\u00fcbungen und Akupunktur zur Beruhigung des Gedankenkarusells<\/li>\n\n\n\n<li>Manuelle Therapie zur Anregung des Stoffwechsels<\/li>\n\n\n\n<li>Massagen zum Fitwerden<\/li>\n\n\n\n<li>(Neu)-einstieg in eigenes Bewegungs-\/\u00dcbungs-programm<\/li>\n\n\n\n<li>Akupunktur und manuelle Therapie f\u00fcr Wellness<\/li>\n<\/ul>\n\n\n\n<p>In meiner Praxis erwartet Sie eine umfassende und achtsame Behandlung, die K\u00f6rper und Geist gleicherma\u00dfen anspricht. Je nach Ihren Bed\u00fcrfnissen stehen verschiedene Schwerpunkte im Vordergrund \u2013 stets mit dem Ziel, Ihre Selbstheilungskr\u00e4fte zu aktivieren und Ihr Wohlbefinden nachhaltig zu st\u00e4rken.<\/p>\n\n\n\n<p>Sanfte Ber\u00fchrungen und gezielte Atem\u00fcbungen helfen dabei, zur Ruhe zu kommen und ein Kreisen der Gedanken zu stoppen.  Wussten Sie das Gedankenkreisen eine eindeutige Zuordnung zu einem TCM Syndrom \/ Muster hat?  In Kombination mit Akupunktur entsteht bei der Behandlung mit Akupunktur ein tiefes Gef\u00fchl von Entspannung und innerer Klarheit.<\/p>\n\n\n\n<p>Manuelle Therapie (mit Tuina, osteopathischen und cranio-sakralen Techniken) und Massagen regen den Stoffwechsel an, l\u00f6sen Verspannungen und f\u00f6rdern die Durchblutung. So wird der K\u00f6rper wieder durchl\u00e4ssiger f\u00fcr Energie und Bewegung \u2013 ideal, um nach einer Ruhephase wieder in Schwung zu kommen. Gemeinsam entwickeln wir auch ein individuelles Bewegungs- oder \u00dcbungsprogramm, das Sie leicht in Ihren Alltag integrieren k\u00f6nnen.<\/p>\n\n\n\n<p>Ob zur Regeneration, zur Aktivierung oder einfach als wohltuende Auszeit: Akupunktur und manuelle Therapie k\u00f6nnen auch als Wellness-Anwendung genutzt werden \u2013 f\u00fcr mehr Leichtigkeit, Vitalit\u00e4t und innere Balance.<\/p>\n<\/div><\/div>\n\n\n\n<p>Ich bin Mitglied im <a href=\"https:\/\/www.netzwerk-beruehrung.de\/\" target=\"_blank\" rel=\"noreferrer noopener\">Netzwerk Ber\u00fchrung e.V<\/a>. und behandle mit Achtsamkeit, Respekt und Fokus auf ihr Wohlempfinden.<\/p>\n\n\n\n<figure class=\"wp-block-image size-large\"><img loading=\"lazy\" decoding=\"async\" width=\"1024\" height=\"347\" src=\"https:\/\/akupunktur-freystaetter.de\/wp-content\/uploads\/Logo-Netzwerk-Beruehrung-1024x347.jpg\" alt=\"\" class=\"wp-image-1788\" title=\"\" srcset=\"https:\/\/akupunktur-freystaetter.de\/wp-content\/uploads\/Logo-Netzwerk-Beruehrung-1024x347.jpg 1024w, https:\/\/akupunktur-freystaetter.de\/wp-content\/uploads\/Logo-Netzwerk-Beruehrung-600x203.jpg 600w, https:\/\/akupunktur-freystaetter.de\/wp-content\/uploads\/Logo-Netzwerk-Beruehrung-200x68.jpg 200w, https:\/\/akupunktur-freystaetter.de\/wp-content\/uploads\/Logo-Netzwerk-Beruehrung-1536x520.jpg 1536w, https:\/\/akupunktur-freystaetter.de\/wp-content\/uploads\/Logo-Netzwerk-Beruehrung.jpg 1644w\" sizes=\"auto, (max-width: 1024px) 100vw, 1024px\" \/><\/figure>\n\n\n\n<p>Hier k\u00f6nnen Sie auch online einen <a href=\"https:\/\/tworiversacupuncture.simplybook.it\/v2\/#book\" target=\"_blank\" rel=\"noreferrer noopener\">Termin buchen<\/a>.<\/p>\n","protected":false},"excerpt":{"rendered":"<p>Auch ohne akute Beschwerden und Erkrankungen lohnt sich Akupunktur. Sie erhalten bei mir eine umfangreiche Behandlung bei der im Vordergrund stehen kann: In meiner Praxis erwartet Sie eine umfassende und achtsame Behandlung, die K\u00f6rper und Geist gleicherma\u00dfen anspricht. Je nach Ihren Bed\u00fcrfnissen stehen verschiedene Schwerpunkte im Vordergrund \u2013 stets mit dem Ziel, Ihre Selbstheilungskr\u00e4fte zu aktivieren und Ihr Wohlbefinden nachhaltig zu st\u00e4rken. Sanfte Ber\u00fchrungen und gezielte Atem\u00fcbungen helfen dabei, zur Ruhe zu kommen und ein [&hellip;]<\/p>\n","protected":false},"author":1,"featured_media":0,"parent":0,"menu_order":0,"comment_status":"closed","ping_status":"closed","template":"","meta":{"footnotes":""},"class_list":["post-687","page","type-page","status-publish","hentry"],"_links":{"self":[{"href":"https:\/\/akupunktur-freystaetter.de\/de\/wp-json\/wp\/v2\/pages\/687","targetHints":{"allow":["GET"]}}],"collection":[{"href":"https:\/\/akupunktur-freystaetter.de\/de\/wp-json\/wp\/v2\/pages"}],"about":[{"href":"https:\/\/akupunktur-freystaetter.de\/de\/wp-json\/wp\/v2\/types\/page"}],"author":[{"embeddable":true,"href":"https:\/\/akupunktur-freystaetter.de\/de\/wp-json\/wp\/v2\/users\/1"}],"replies":[{"embeddable":true,"href":"https:\/\/akupunktur-freystaetter.de\/de\/wp-json\/wp\/v2\/comments?post=687"}],"version-history":[{"count":2,"href":"https:\/\/akupunktur-freystaetter.de\/de\/wp-json\/wp\/v2\/pages\/687\/revisions"}],"predecessor-version":[{"id":2233,"href":"https:\/\/akupunktur-freystaetter.de\/de\/wp-json\/wp\/v2\/pages\/687\/revisions\/2233"}],"wp:attachment":[{"href":"https:\/\/akupunktur-freystaetter.de\/de\/wp-json\/wp\/v2\/media?parent=687"}],"curies":[{"name":"wp","href":"https:\/\/api.w.org\/{rel}","templated":true}]}}