{"id":298,"date":"2017-03-07T09:05:52","date_gmt":"2017-03-07T08:05:52","guid":{"rendered":"https:\/\/akupunktur-freystaetter.de\/?page_id=298"},"modified":"2025-06-10T15:48:52","modified_gmt":"2025-06-10T13:48:52","slug":"sterbebegleitung-palliativ-medizin-akupunktur","status":"publish","type":"page","link":"https:\/\/akupunktur-freystaetter.de\/de\/sterbebegleitung-palliativ-medizin-akupunktur\/","title":{"rendered":"Et in Arcadia Ego &#8211; Palliativ Akupunktur"},"content":{"rendered":"\n<figure class=\"wp-block-image alignnone size-medium wp-image-307\"><img loading=\"lazy\" decoding=\"async\" width=\"600\" height=\"428\" src=\"https:\/\/akupunktur-freystaetter.de\/wp-content\/uploads\/Nicolas_Poussin_-_Et_in_Arcadia_ego_deuxi\u00e8me_version-600x428.jpg\" alt=\"Sterbebegleitung und Palliativ Akupunktur in der Chinesischen Medizin\" class=\"wp-image-307\" title=\"\" srcset=\"https:\/\/akupunktur-freystaetter.de\/wp-content\/uploads\/Nicolas_Poussin_-_Et_in_Arcadia_ego_deuxi\u00e8me_version-600x428.jpg 600w, https:\/\/akupunktur-freystaetter.de\/wp-content\/uploads\/Nicolas_Poussin_-_Et_in_Arcadia_ego_deuxi\u00e8me_version-200x143.jpg 200w, https:\/\/akupunktur-freystaetter.de\/wp-content\/uploads\/Nicolas_Poussin_-_Et_in_Arcadia_ego_deuxi\u00e8me_version.jpg 800w\" sizes=\"auto, (max-width: 600px) 100vw, 600px\" \/><figcaption class=\"wp-element-caption\">Et in Arcadia ego &#8211; von Nicolas Poussin. Photo von The Yorck Project: 10.000 Meisterwerke der Malerei via <a href=\"https:\/\/commons.wikimedia.org\/wiki\/File:Nicolas_Poussin_-_Et_in_Arcadia_ego_(deuxi%C3%A8me_version).jpg#globalusage\" target=\"_blank\" rel=\"noopener noreferrer\">Wikipedia<\/a><\/figcaption><\/figure>\n\n\n\n<p>Die Chinesische Medizin bietet mit dem Einsatz der klassischen Akupunktur eine M\u00f6glichkeit Patienten und Familienangeh\u00f6rige bis zum Tod zu begleiten.<\/p>\n\n\n\n<p>Hier kommt die Akupunktur nicht als Behandlungsinstrument zur Heilung der vorliegenden Krankheit (wie zum Beispiel: Krebs) zum Einsatz, sondern dient:<\/p>\n\n\n\n<ul class=\"wp-block-list\">\n<li>der Behandlung von Schmerzzust\u00e4nden.<\/li>\n\n\n\n<li>zur Beruhigung des Geistes und der Seele.<\/li>\n\n\n\n<li>zum Raumschaffen f\u00fcr ein bewusstes und w\u00fcrdevolles Leben bis zum Tod.<\/li>\n\n\n\n<li>zum Schaffen von Klarheit durch neue Einsichten, die dem Patienten helfen seinen Weg zu gehen.<\/li>\n<\/ul>\n\n\n\n<h2 class=\"wp-block-heading\">Was nicht dazugeh\u00f6rt<\/h2>\n\n\n\n<p>Die Sterbebegleitung der Chinesischen Medizin ist:<\/p>\n\n\n\n<ul class=\"wp-block-list\">\n<li><strong>keine <\/strong>Seelsorge nach dem Konezpt der Religionen (Christentum, Islam, Buddhismus bzw. Daoismus).<\/li>\n\n\n\n<li><strong>keine <\/strong>Sterbehilfe im Sinne, dass ein Tod schneller herbeigef\u00fchrt wird.<\/li>\n\n\n\n<li><strong>keine <\/strong>Verabreichung von rezeptpflichtigen oder freien Schmerzmedikamenten.<\/li>\n\n\n\n<li><strong>keine <\/strong>lebensverl\u00e4ngerende Massnahme.<\/li>\n<\/ul>\n\n\n\n<p>Die Sterbegleitung und Behandlung von austherapierten u. unheilbaren Krankheiten arbeitet mit:<\/p>\n\n\n\n<ul class=\"wp-block-list\">\n<li>der Akupunktur und der physischen sowie psychomotionalen Wirkung der Akupunkturpunkte.<\/li>\n\n\n\n<li>dem Patientengespr\u00e4ch.<\/li>\n<\/ul>\n\n\n\n<p>Im besten Fall erm\u00f6glicht die Sterbegeleitung in der Chinesischen Medizin dem Patienten und seinen Angeh\u00f6rigen Lebensqualit\u00e4t zu erhalten und k\u00f6rpereigene Kr\u00e4fte zu mobilisieren, die ein w\u00fcrdevolles Sterben und letzte Lebensphase erm\u00f6glichen.<\/p>\n\n\n\n<p>Der Patient sch\u00f6pft Kraft und Mut, um mit Klarheit offene Konflikte, Themen, W\u00fcnsche zu bearbeiten, und um ein bewussteres Erleben von Lebens-freude und -zufriedenheit \u00fcber das Erreichte zu erm\u00f6glichen.<\/p>\n\n\n\n<h2 class=\"wp-block-heading\">Sterbegleitung: Eine medizinische Dienstleistung<\/h2>\n\n\n\n<p>Sterbebegeleitung in der Chinesische Medizin ist in den gesetzlichen Rahmenbedingungen f\u00fcr medizinische Dienstleistungen von Heilpraktikern (und \u00c4rzten) eingebettet.<\/p>\n\n\n\n<p>Behandlungen bed\u00fcrfen eines <strong>Patientenvertrages<\/strong> sowie genauen <strong>Anweisungen in der Patientenverf\u00fcgung<\/strong> bei Patienten, die nicht mehr gesch\u00e4ftsf\u00e4hig sind.<\/p>\n\n\n\n<p>Bitte kontaktieren Sie mich f\u00fcr ein unverbindliches Beratungsgespr\u00e4ch. Vielen Dank f\u00fcr Ihren Mut.<\/p>\n\n\n\n<p>Hier geht es zum Buchen eines Termins:<br><a href=\"https:\/\/tworiversacupuncture.simplybook.it\/v2\/#book\/category\/2\/\" rel=\"attachment wp-att-4 noopener\" target=\"_blank\"><img loading=\"lazy\" decoding=\"async\" class=\"alignnone size-thumbnail wp-image-4\" src=\"https:\/\/akupunktur-freystaetter.de\/wp-content\/uploads\/termin_online_blau.jpg\" alt=\"termin_online_blau\" width=\"160\" height=\"80\" title=\"\"><\/a><\/p>\n\n\n\n<p><em>\u00bbWerner Freyst\u00e4tter &#8211; Ihr Heilpraktiker f\u00fcr Akupunktur, Tuina u. Chinesische Medizin an der Hauptwache\u00ab<\/em><\/p>\n","protected":false},"excerpt":{"rendered":"<p>Die Chinesische Medizin bietet mit dem Einsatz der klassischen Akupunktur eine M\u00f6glichkeit Patienten und Familienangeh\u00f6rige bis zum Tod zu begleiten. Hier kommt die Akupunktur nicht als Behandlungsinstrument zur Heilung der vorliegenden Krankheit (wie zum Beispiel: Krebs) zum Einsatz, sondern dient: Was nicht dazugeh\u00f6rt Die Sterbebegleitung der Chinesischen Medizin ist: Die Sterbegleitung und Behandlung von austherapierten u. unheilbaren Krankheiten arbeitet mit: Im besten Fall erm\u00f6glicht die Sterbegeleitung in der Chinesischen Medizin dem Patienten und seinen Angeh\u00f6rigen [&hellip;]<\/p>\n","protected":false},"author":3,"featured_media":0,"parent":0,"menu_order":0,"comment_status":"closed","ping_status":"closed","template":"","meta":{"footnotes":""},"class_list":["post-298","page","type-page","status-publish","hentry"],"_links":{"self":[{"href":"https:\/\/akupunktur-freystaetter.de\/de\/wp-json\/wp\/v2\/pages\/298","targetHints":{"allow":["GET"]}}],"collection":[{"href":"https:\/\/akupunktur-freystaetter.de\/de\/wp-json\/wp\/v2\/pages"}],"about":[{"href":"https:\/\/akupunktur-freystaetter.de\/de\/wp-json\/wp\/v2\/types\/page"}],"author":[{"embeddable":true,"href":"https:\/\/akupunktur-freystaetter.de\/de\/wp-json\/wp\/v2\/users\/3"}],"replies":[{"embeddable":true,"href":"https:\/\/akupunktur-freystaetter.de\/de\/wp-json\/wp\/v2\/comments?post=298"}],"version-history":[{"count":1,"href":"https:\/\/akupunktur-freystaetter.de\/de\/wp-json\/wp\/v2\/pages\/298\/revisions"}],"predecessor-version":[{"id":2058,"href":"https:\/\/akupunktur-freystaetter.de\/de\/wp-json\/wp\/v2\/pages\/298\/revisions\/2058"}],"wp:attachment":[{"href":"https:\/\/akupunktur-freystaetter.de\/de\/wp-json\/wp\/v2\/media?parent=298"}],"curies":[{"name":"wp","href":"https:\/\/api.w.org\/{rel}","templated":true}]}}