{"id":244,"date":"2017-01-22T13:49:42","date_gmt":"2017-01-22T12:49:42","guid":{"rendered":"https:\/\/akupunktur-freystaetter.de\/?page_id=244"},"modified":"2025-08-28T12:26:22","modified_gmt":"2025-08-28T10:26:22","slug":"datenschutz","status":"publish","type":"page","link":"https:\/\/akupunktur-freystaetter.de\/de\/datenschutz\/","title":{"rendered":"Datenschutz"},"content":{"rendered":"\n<p><strong>Einleitung<\/strong><\/p>\n\n\n\n<p>Ich freue mich \u00fcber Ihren Besuch auf meiner Webseite. Da Datenschutz f\u00fcr mich einen hohen Stellenwert hat, informiere ich Sie an dieser Stelle \u00fcber m\u00f6gliche Verwendungen personenbezogener Daten. Die Betrachtung meiner Internetseite ist grunds\u00e4tzlich ohne Angabe personenbezogener Daten m\u00f6glich. Unter bestimmten Umst\u00e4nden \u2013 etwa bei einer Kontaktaufnahme per E-Mail \u2013 werden jedoch Daten verarbeitet, die Ihrer Person zugeordnet werden k\u00f6nnen. Wie diese Daten verarbeitet werden, welche gesetzlichen Grundlagen gelten und welche Rechte Sie haben, erl\u00e4utert Ihnen diese Datenschutzerkl\u00e4rung. Gesetzliche Grundlage daf\u00fcr sind das deutsche Bundesdatenschutzgesetz (BDSG) sowie die europ\u00e4ische Datenschutz-Grundverordnung (DS-GVO). F\u00fcr weitere Ausk\u00fcnfte k\u00f6nnen Sie gerne pers\u00f6nlich Kontakt mit mir aufnehmen \u2013 entweder auf elektronischem Wege oder telefonisch. Alle n\u00f6tigen Angaben zur Kontaktaufnahme finden Sie im Impressum.<\/p>\n\n\n\n<p><strong>1 Wer ist f\u00fcr die Datenverarbeitung verantwortlich, an wen kann ich mich wenden?<\/strong><\/p>\n\n\n\n<p>Verantwortlicher nach Art. 4 Nr. 7 DS-GVO ist: Werner Freyst\u00e4tter, Heilpraktiker, Two Rivers Acupuncture, Sch\u00e4rfeng\u00e4\u00dfchen 4-6, 60311 Frankfurt am Main.<\/p>\n\n\n\n<p>Der Gesetzgeber verlangt die M\u00f6glichkeit zur schnellen elektronischen Kontaktaufnahme, dies k\u00f6nnen Sie \u00fcber die hier publizierte Email-Adresse tun: <span style=\"text-decoration: underline;\">praxis@freystaetter.com<\/span>. Die von Ihnen gesendete Email wird automatisch gespeichert und somit auch von Ihnen freiwillig \u00fcbermittelte personenbezogene Daten (z.B. Name, Telefonnummer, E-Mail-Adresse), um Ihre Anfrage beantworten zu k\u00f6nnen. Es erfolgt keine Weitergabe Ihrer pers\u00f6nlichen Daten ohne Ihre Einwilligung. Besteht keine Notwendigkeit der Speicherung mehr oder laufen gesetzlich vorgegebene Speicherfristen ab, dann werden personenbezogene Daten routinem\u00e4\u00dfig gel\u00f6scht. Bitte beachten Sie, dass E-Mails grunds\u00e4tzlich den Charakter einer elektronischen Postkarte haben und eventuell durch Dritte auf dem Daten-Versandweg mitgelesen werden k\u00f6nnen. Versenden Sie daher m\u00f6glichst keine Informationen \u00fcber diesen Weg, die sehr intim oder gesundheitsbezogen sind. M\u00f6chten Sie dieses Risiko nicht eingehen, k\u00f6nnen Sie mich gerne telefonisch kontaktieren: <span style=\"text-decoration: underline;\">01573 7982 037<\/span><\/p>\n\n\n\n<p><strong>2 Welche personenbezogenen Daten werden regelm\u00e4\u00dfig, schon bei blo\u00dfem Betrachten der Seite erhoben?<\/strong><\/p>\n\n\n\n<p>Diese Webseite erhebt und speichert automatisch eine Reihe allgemeiner Daten, welche durch Ihren Browser an uns \u00fcbermittelt werden und speichert diese in sogenannten Server Log Files. Erfasst werden k\u00f6nnen: &#8211; Browsertyp\/-version, &#8211; verwendetes Betriebssystem, &#8211; Unterseiten dieser Webseite, die besucht werden, &#8211; Referrer URL (die zuvor besuchte Seite), &#8211; Hostname des zugreifenden Rechners (IP-Adresse), &#8211; Datum und Uhrzeit der Serveranfrage, &#8211; der Internet-Service-Provider des zugreifenden Systems sowie sonstige \u00e4hnliche Daten und Informationen, die der Gefahrenabwehr im Falle von Angriffen dienen und den sicheren und stabilen Betrieb der Webseite gew\u00e4hren. Diese Daten sind f\u00fcr unsere Praxis nicht bestimmten Personen zuordenbar. Eine Zusammenf\u00fchrung dieser Daten mit anderen Datenquellen wird nicht vorgenommen, die Daten werden zudem nach einer statistischen Auswertung gel\u00f6scht. Die Rechtsgrundlage f\u00fcr die Datenerhebung ist Art. 6 Abs. 1 S. 1 f DS-GVO, da wir ein berechtigtes Interesse an der Datenerhebung durch oben genannte Gr\u00fcnde haben. Zus\u00e4tzlich zu den zuvor genannten Daten werden bei Ihrer Nutzung unserer Website Cookies auf Ihrem Rechner gespeichert. Bei Cookies handelt es sich um kleine Textdateien, die auf Ihrer Festplatte dem von Ihnen verwendeten Browser zugeordnet gespeichert werden und durch welche der Stelle, die den Cookie setzt (hier durch uns), bestimmte Informationen zuflie\u00dfen. Cookies k\u00f6nnen keine Programme ausf\u00fchren oder Viren auf Ihren Computer \u00fcbertragen. Sie dienen dazu, das Internetangebot insgesamt nutzerfreundlicher und effektiver zu machen. Es gibt zwei Arten von Cookies: dauerhafte und tempor\u00e4re (Sitzungs-Cookies). Das Setzen von Cookies durch unsere Internetseite kann verhindert werden, indem Sie in Ihrem Browser entsprechende Einstellungen machen. Dort k\u00f6nnen Sie auch gesetzte Cookies jederzeit l\u00f6schen oder das automatische L\u00f6schen von Cookies beim Schlie\u00dfen des Browsers aktivieren. Sollten Sie durch diese Einstellungen das Setzen von Cookies verhindern, ist es m\u00f6glich, dass nicht alle Funktionen unserer Internetseite in vollem Umfang nutzbar sind. Rechtsgrundlage zur Speicherung der durch Cookies verarbeiteten Daten ist Art. 6 Abs. 1 S. 1 f DS-GVO. Die Verarbeitung ist zur Wahrung der berechtigten Interessen des Verantwortlichen oder eines Dritten erforderlich. Bestimmte Inhalte Dritter, die \u00fcber so genannte Plugins (z.B. Google Maps) eingebunden werden, setzen unter Umst\u00e4nden ebenfalls Cookies.<\/p>\n\n\n\n<p><strong>3 Wie und wof\u00fcr nutzen wir Ihre Daten?<\/strong><\/p>\n\n\n\n<p>Zugriff auf personenbezogene Daten haben nur solche Personen, die \u00fcber die gesetzlichen Bestimmungen zum Datenschutz informiert sind und sich gem\u00e4\u00df den geltenden Bestimmungen verpflichtet haben, diese einzuhalten. Ein Zugriff auf die Daten erfolgt durch diese Personen jeweils nur in dem Umfang, der f\u00fcr die Durchf\u00fchrung des Vertragsverh\u00e4ltnisses erforderlich ist (Art. Abs. 1 b DS-GVO).<\/p>\n\n\n\n<p><strong>4 Welche Rechte haben Sie?<\/strong><\/p>\n\n\n\n<p>Sie haben gegen\u00fcber uns folgende Rechte hinsichtlich der Sie betreffenden personenbezogenen Daten: Recht auf Auskunft (Art. 15 DS-GVO) Recht auf Berichtigung oder L\u00f6schung (Art. 16, 17 DS-GVO), Recht auf Einschr\u00e4nkung der Verarbeitung (Art. 18 DS-GVO), Recht auf Widerspruch gegen die Verarbeitung (Art. 7, Abs. 3 DS-GVO), Recht auf Daten\u00fcbertragbarkeit (Art. 20 DS-GVO). Wenn Sie von einem dieser Rechte Gebrauch machen wollen, wenden Sie sich unter den in Ziff. 1 dieser Datenschutzerkl\u00e4rung genannten Kontaktdaten an uns. Wir werden Ihre Anfrage unverz\u00fcglich, sp\u00e4testens innerhalb der gesetzlich vorgeschriebenen Frist von derzeit einem Monat beantworten. Sie haben zudem das Recht, sich bei einer Datenschutz-Aufsichtsbeh\u00f6rde \u00fcber die Verarbeitung Ihrer personenbezogenen Daten durch uns zu beschweren (Art. 77 DS-GVO).<\/p>\n\n\n\n<p><strong>5 Widerspruch oder Widerruf gegen die Verarbeitung Ihrer Daten<\/strong><\/p>\n\n\n\n<p>Sofern Sie eine Einwilligung zur Verarbeitung Ihrer Daten erteilt haben, k\u00f6nnen Sie diese jederzeit widerrufen. Ein solcher Widerruf beeinflusst die Zul\u00e4ssigkeit der Verarbeitung Ihrer personenbezogenen Daten, nachdem Sie ihn gegen\u00fcber uns ausgesprochen haben. Soweit wir die Verarbeitung Ihrer personenbezogenen Daten auf die Interessenabw\u00e4gung st\u00fctzen, k\u00f6nnen Sie jederzeit ohne Angabe von Gr\u00fcnden Widerspruch gegen die Verarbeitung einlegen. Dies ist der Fall, wenn die Verarbeitung insbesondere nicht zur Erf\u00fcllung eines Vertrags mit Ihnen erforderlich ist, was von uns jeweils bei der nachfolgenden Beschreibung der Funktionen dargestellt wird. Bei Aus\u00fcbung eines solchen Widerspruchs bitten wir dennoch um Darlegung der Gr\u00fcnde, weshalb wir Ihre personenbezogenen Daten nicht wie von uns durchgef\u00fchrt verarbeiten sollten. Wir pr\u00fcfen dann die Sachlage und werden entweder die Datenverarbeitung einstellen bzw. anpassen oder Ihnen unsere zwingenden schutzw\u00fcrdigen Gr\u00fcnde aufzeigen, aufgrund derer wir die Verarbeitung fortf\u00fchren. Zur Aus\u00fcbung Ihres Widerrufs- oder Widerspruchsrecht richten Sie eine E-Mail an meine E-mail Anschrift im Impressum.<\/p>\n\n\n\n<p><strong>6 Einsatz eines Web-Analysetools<\/strong><\/p>\n\n\n\n<p>F\u00fcr die Analyse der Nutzung und Auswertung der Website werden Plugins in WordPress verwendet.<\/p>\n\n\n\n<p><strong>7 Kontakt<\/strong><\/p>\n\n\n\n<p>Sollten Sie Fragen zu der Verarbeitung Ihrer personenbezogenen Daten haben oder auf m\u00f6gliche Unstimmigkeiten hinweisen wollen, stehe ich Ihnen gerne zur Verf\u00fcgung. Nutzen Sie hierf\u00fcr bitte die unter Ziffer 1 dieser Datenschutzerkl\u00e4rung aufgef\u00fchrten Kontaktm\u00f6glichkeiten.<\/p>\n\n\n\n<p>Falls Sie auf Inhalte sto\u00dfen, die Ihrer Auffassung nach gegen geltendes Recht versto\u00dfen \u2013 insbesondere im Hinblick auf urheberrechtliche Bestimmungen \u2013 bitte ich Sie, sich unmittelbar und pers\u00f6nlich mit mir in Verbindung zu setzen. Die kostenpflichtige Einschaltung eines Rechtsbeistandes ist hierf\u00fcr nicht erforderlich, da ich im Falle eines berechtigten Hinweises unverz\u00fcglich und bereits auf erste Aufforderung hin geeignete Ma\u00dfnahmen ergreifen und die betreffenden Inhalte entfernen werde. Die Beauftragung eines Rechtsbeistandes ist daher sachlich nicht geboten. F\u00fcr etwaige dadurch entstehende Kosten \u00fcbernehme ich keine Verantwortung.<\/p>\n","protected":false},"excerpt":{"rendered":"<p>Einleitung Ich freue mich \u00fcber Ihren Besuch auf meiner Webseite. Da Datenschutz f\u00fcr mich einen hohen Stellenwert hat, informiere ich Sie an dieser Stelle \u00fcber m\u00f6gliche Verwendungen personenbezogener Daten. Die Betrachtung meiner Internetseite ist grunds\u00e4tzlich ohne Angabe personenbezogener Daten m\u00f6glich. Unter bestimmten Umst\u00e4nden \u2013 etwa bei einer Kontaktaufnahme per E-Mail \u2013 werden jedoch Daten verarbeitet, die Ihrer Person zugeordnet werden k\u00f6nnen. Wie diese Daten verarbeitet werden, welche gesetzlichen Grundlagen gelten und welche Rechte Sie haben, [&hellip;]<\/p>\n","protected":false},"author":3,"featured_media":0,"parent":0,"menu_order":0,"comment_status":"closed","ping_status":"closed","template":"","meta":{"footnotes":""},"class_list":["post-244","page","type-page","status-publish","hentry"],"_links":{"self":[{"href":"https:\/\/akupunktur-freystaetter.de\/de\/wp-json\/wp\/v2\/pages\/244","targetHints":{"allow":["GET"]}}],"collection":[{"href":"https:\/\/akupunktur-freystaetter.de\/de\/wp-json\/wp\/v2\/pages"}],"about":[{"href":"https:\/\/akupunktur-freystaetter.de\/de\/wp-json\/wp\/v2\/types\/page"}],"author":[{"embeddable":true,"href":"https:\/\/akupunktur-freystaetter.de\/de\/wp-json\/wp\/v2\/users\/3"}],"replies":[{"embeddable":true,"href":"https:\/\/akupunktur-freystaetter.de\/de\/wp-json\/wp\/v2\/comments?post=244"}],"version-history":[{"count":2,"href":"https:\/\/akupunktur-freystaetter.de\/de\/wp-json\/wp\/v2\/pages\/244\/revisions"}],"predecessor-version":[{"id":2172,"href":"https:\/\/akupunktur-freystaetter.de\/de\/wp-json\/wp\/v2\/pages\/244\/revisions\/2172"}],"wp:attachment":[{"href":"https:\/\/akupunktur-freystaetter.de\/de\/wp-json\/wp\/v2\/media?parent=244"}],"curies":[{"name":"wp","href":"https:\/\/api.w.org\/{rel}","templated":true}]}}