{"id":20,"date":"2016-03-11T11:44:15","date_gmt":"2016-03-11T10:44:15","guid":{"rendered":"https:\/\/akupunktur-freystaetter.de\/?page_id=20"},"modified":"2025-08-28T14:44:27","modified_gmt":"2025-08-28T12:44:27","slug":"praxis","status":"publish","type":"page","link":"https:\/\/akupunktur-freystaetter.de\/de\/","title":{"rendered":"Akupunktur, Tuina &amp; Chinesische Medizin &#8211; Traditionelle Chinesische Medizin (TCM)"},"content":{"rendered":"\n<p><\/p>\n\n\n\n<p><a href=\"https:\/\/www.doctolib.de\/heilpraktiker\/frankfurt-am-main\/werner-freystaetter\" target=\"_blank\" rel=\"noreferrer noopener\">Termin Online buchen<\/a><\/p>\n\n\n<p><img loading=\"lazy\" decoding=\"async\" class=\"\" src=\"https:\/\/akupunktur-freystaetter.de\/wp-content\/uploads\/Werner-Freystaetter-Akupunktur-Tuina-Chinesische-Medizin-079-1024x768.jpg\" sizes=\"auto, (max-width: 1024px) 100vw, 1024px\" srcset=\"https:\/\/akupunktur-freystaetter.de\/wp-content\/uploads\/Werner-Freystaetter-Akupunktur-Tuina-Chinesische-Medizin-079-1024x768.jpg 1024w, https:\/\/akupunktur-freystaetter.de\/wp-content\/uploads\/Werner-Freystaetter-Akupunktur-Tuina-Chinesische-Medizin-079-600x450.jpg 600w, https:\/\/akupunktur-freystaetter.de\/wp-content\/uploads\/Werner-Freystaetter-Akupunktur-Tuina-Chinesische-Medizin-079-200x150.jpg 200w, https:\/\/akupunktur-freystaetter.de\/wp-content\/uploads\/Werner-Freystaetter-Akupunktur-Tuina-Chinesische-Medizin-079.jpg 1366w\" alt=\"\" width=\"448\" height=\"336\" title=\"\"><\/p>\n<h3>Werner Freyst\u00e4tter<\/h3>\n<p>Ihr Heilpraktiker f\u00fcr Akupunktur und Chinesische Medizin in <strong>Frankfurt am Main zentral an der Hauptwache.<\/strong><\/p>\n<h3><a href=\"https:\/\/www.doctolib.de\/heilpraktiker\/frankfurt-am-main\/werner-freystaetter\" target=\"_blank\" rel=\"noopener\"><img loading=\"lazy\" decoding=\"async\" class=\"alignnone\" src=\"https:\/\/akupunktur-freystaetter.de\/wp-content\/uploads\/termin_online_blau-en.jpg\" sizes=\"auto, (max-width: 258px) 100vw, 258px\" srcset=\"https:\/\/akupunktur-freystaetter.de\/wp-content\/uploads\/termin_online_blau-en.jpg 258w, https:\/\/akupunktur-freystaetter.de\/wp-content\/uploads\/termin_online_blau-en-200x47.jpg 200w\" alt=\"\" width=\"258\" height=\"60\" title=\"\"><\/a><\/h3>\n<p>Oder schicken Sie mir Ihren Wunschtermin per E-Mail:<a href=\"mailto:praxis@akupunktur-freystaetter.de\" target=\"_blank\" rel=\"noopener\"><br \/>&gt;&gt; E-Mail<\/a><\/p>\n<p><strong>Praxislage:<\/strong><\/p>\n<p>3 Fu\u00dfminuten von der Hauptwache<br \/>zwischen Zeil und Liebfrauenberg. Siehe <a href=\"https:\/\/goo.gl\/maps\/ex9Rqcfh4CKq5YmW6\" target=\"_blank\" rel=\"noopener\">Google-Karte<\/a><\/p>\n<p><img loading=\"lazy\" decoding=\"async\" src=\"https:\/\/akupunktur-freystaetter.de\/wp-content\/uploads\/HP-Freystaetter-Therapeutisches-Stufenschema.jpg\" sizes=\"auto, (max-width: 705px) 100vw, 705px\" srcset=\"https:\/\/akupunktur-freystaetter.de\/wp-content\/uploads\/HP-Freystaetter-Therapeutisches-Stufenschema.jpg 705w, https:\/\/akupunktur-freystaetter.de\/wp-content\/uploads\/HP-Freystaetter-Therapeutisches-Stufenschema-200x120.jpg 200w, https:\/\/akupunktur-freystaetter.de\/wp-content\/uploads\/HP-Freystaetter-Therapeutisches-Stufenschema-600x360.jpg 600w\" alt=\"Therapeutsisches Stufenschema - Heilpraktiker Freystaetter - Anwendung verschiedener Therapiemethoden\" width=\"705\" height=\"423\" title=\"\"><\/p>\n<p>Ich behandle:<\/p>\n<p><strong>* Chronische Schmerzen<\/strong><br \/><strong>* R\u00fcckenschmerzen<\/strong><br \/><strong>* Magenschmerzen<\/strong><br \/><strong>* Knieschmerzen<\/strong><br \/><strong>* Schulterschmerzen<\/strong><br \/><strong>* Nackenschmerzen<\/strong><br \/><strong>* Kopfschmerzen<\/strong><br \/><strong>* Migr\u00e4ne<\/strong><br \/><strong>* Bandscheibenvorf\u00e4llen<\/strong><br \/><strong>* Ischias-Beschwerden<\/strong><br \/><strong>* Gelenkschmerzen<\/strong><br \/><strong>* Menstruationsschmerzen<\/strong><\/p>\n<p>&#8230; mit Akupunktur (am K\u00f6rper), Elektroakupunktur, Ohr-Akupunktur oder Sch\u00e4del-Akupunktur. Auch in Erg\u00e4nzung zu einer physischen Therapie, Psychotherapie, Osteopathischen Behandlungen bei anderen Anbietern.<\/p>\n<p>Sie haben Fragen bez\u00fcglich der Behandlung mit Akupunktur und Tuina?<a href=\"mailto:praxis@akupunktur-freystaetter.de\" target=\"_blank\" rel=\"noopener\"><br \/>&gt;&gt; E-Mail<br \/><\/a><\/p>\n<p>Sie erhalten von mir eine unverbindliche Auskunft.<\/p>\n<p>Wenn Sie mich, w\u00e4hrend ich behandle, anrufe, dann rufe ich Sie etwas sp\u00e4ter zur\u00fcck.<\/p>\n<p><a href=\"https:\/\/akupunktur-freystaetter.de\/mitglied-agtcm-in-frankfurt-chinesische-medizin\/\" target=\"_blank\" rel=\"noopener\"><br \/><img loading=\"lazy\" decoding=\"async\" class=\"\" src=\"https:\/\/akupunktur-freystaetter.de\/wp-content\/uploads\/AGTCM-Fachverband-Chin.-Medizin-.png\" sizes=\"auto, (max-width: 352px) 100vw, 352px\" srcset=\"https:\/\/akupunktur-freystaetter.de\/wp-content\/uploads\/AGTCM-Fachverband-Chin.-Medizin-.png 352w, https:\/\/akupunktur-freystaetter.de\/wp-content\/uploads\/AGTCM-Fachverband-Chin.-Medizin--200x81.png 200w\" alt=\"\" width=\"290\" height=\"117\" title=\"\"> <\/a><\/p>\n<p>Der Fachverband ist ein gemeinn\u00fctziger Interessenverband f\u00fcr Heilpraktiker und \u00c4rzte.<\/p>\n<p><a href=\"https:\/\/www.heilpraktiker-fakten.de\/\" target=\"_blank\" rel=\"noopener\"><img loading=\"lazy\" decoding=\"async\" src=\"https:\/\/akupunktur-freystaetter.de\/wp-content\/uploads\/www.heilpraktiker-fakten.de_.png\" sizes=\"auto, (max-width: 305px) 100vw, 305px\" srcset=\"https:\/\/akupunktur-freystaetter.de\/wp-content\/uploads\/www.heilpraktiker-fakten.de_.png 305w, https:\/\/akupunktur-freystaetter.de\/wp-content\/uploads\/www.heilpraktiker-fakten.de_-200x69.png 200w\" alt=\"\" width=\"305\" height=\"105\" title=\"\"><\/a><\/p>\n<p><a href=\"https:\/\/www.weils-hilft.de\/\" target=\"_blank\" rel=\"noopener\"><br \/><img loading=\"lazy\" decoding=\"async\" class=\"\" src=\"https:\/\/akupunktur-freystaetter.de\/wp-content\/uploads\/www.weils-hilft.de_.png\" sizes=\"auto, (max-width: 448px) 100vw, 448px\" srcset=\"https:\/\/akupunktur-freystaetter.de\/wp-content\/uploads\/www.weils-hilft.de_.png 448w, https:\/\/akupunktur-freystaetter.de\/wp-content\/uploads\/www.weils-hilft.de_-200x77.png 200w\" alt=\"\" width=\"334\" height=\"129\" title=\"\"><\/a><\/p>\n<p><a href=\"https:\/\/www.netzwerk-beruehrung.de\/\" target=\"_blank\" rel=\"noopener\"><br \/><img loading=\"lazy\" decoding=\"async\" class=\"\" src=\"https:\/\/akupunktur-freystaetter.de\/wp-content\/uploads\/Logo-Netzwerk-Beruehrung.jpg\" sizes=\"auto, (max-width: 1644px) 100vw, 1644px\" srcset=\"https:\/\/akupunktur-freystaetter.de\/wp-content\/uploads\/Logo-Netzwerk-Beruehrung.jpg 1644w, https:\/\/akupunktur-freystaetter.de\/wp-content\/uploads\/Logo-Netzwerk-Beruehrung-600x203.jpg 600w, https:\/\/akupunktur-freystaetter.de\/wp-content\/uploads\/Logo-Netzwerk-Beruehrung-1024x347.jpg 1024w, https:\/\/akupunktur-freystaetter.de\/wp-content\/uploads\/Logo-Netzwerk-Beruehrung-200x68.jpg 200w, https:\/\/akupunktur-freystaetter.de\/wp-content\/uploads\/Logo-Netzwerk-Beruehrung-1536x520.jpg 1536w\" alt=\"\" width=\"313\" height=\"106\" title=\"\"> <\/a><\/p>","protected":false},"excerpt":{"rendered":"<p>Termin Online buchen Werner Freyst\u00e4tter Ihr Heilpraktiker f\u00fcr Akupunktur und Chinesische Medizin in Frankfurt am Main zentral an der Hauptwache. Oder schicken Sie mir Ihren Wunschtermin per E-Mail:&gt;&gt; E-Mail Praxislage: 3 Fu\u00dfminuten von der Hauptwachezwischen Zeil und Liebfrauenberg. Siehe Google-Karte Ich behandle: * Chronische Schmerzen* R\u00fcckenschmerzen* Magenschmerzen* Knieschmerzen* Schulterschmerzen* Nackenschmerzen* Kopfschmerzen* Migr\u00e4ne* Bandscheibenvorf\u00e4llen* Ischias-Beschwerden* Gelenkschmerzen* Menstruationsschmerzen &#8230; mit Akupunktur (am K\u00f6rper), Elektroakupunktur, Ohr-Akupunktur oder Sch\u00e4del-Akupunktur. Auch in Erg\u00e4nzung zu einer physischen Therapie, Psychotherapie, Osteopathischen Behandlungen [&hellip;]<\/p>\n","protected":false},"author":3,"featured_media":0,"parent":0,"menu_order":10,"comment_status":"closed","ping_status":"closed","template":"","meta":{"footnotes":""},"class_list":["post-20","page","type-page","status-publish","hentry"],"_links":{"self":[{"href":"https:\/\/akupunktur-freystaetter.de\/de\/wp-json\/wp\/v2\/pages\/20","targetHints":{"allow":["GET"]}}],"collection":[{"href":"https:\/\/akupunktur-freystaetter.de\/de\/wp-json\/wp\/v2\/pages"}],"about":[{"href":"https:\/\/akupunktur-freystaetter.de\/de\/wp-json\/wp\/v2\/types\/page"}],"author":[{"embeddable":true,"href":"https:\/\/akupunktur-freystaetter.de\/de\/wp-json\/wp\/v2\/users\/3"}],"replies":[{"embeddable":true,"href":"https:\/\/akupunktur-freystaetter.de\/de\/wp-json\/wp\/v2\/comments?post=20"}],"version-history":[{"count":10,"href":"https:\/\/akupunktur-freystaetter.de\/de\/wp-json\/wp\/v2\/pages\/20\/revisions"}],"predecessor-version":[{"id":2222,"href":"https:\/\/akupunktur-freystaetter.de\/de\/wp-json\/wp\/v2\/pages\/20\/revisions\/2222"}],"wp:attachment":[{"href":"https:\/\/akupunktur-freystaetter.de\/de\/wp-json\/wp\/v2\/media?parent=20"}],"curies":[{"name":"wp","href":"https:\/\/api.w.org\/{rel}","templated":true}]}}