{"id":14,"date":"2016-03-10T19:01:00","date_gmt":"2016-03-10T18:01:00","guid":{"rendered":"https:\/\/akupunktur-freystaetter.de\/?page_id=14"},"modified":"2025-08-28T10:10:55","modified_gmt":"2025-08-28T08:10:55","slug":"impressum","status":"publish","type":"page","link":"https:\/\/akupunktur-freystaetter.de\/de\/impressum\/","title":{"rendered":"Impressum"},"content":{"rendered":"\n<p><strong>Heilpraktiker Werner Freyst\u00e4tter<\/strong><br>Praxisname: Two Rivers Acupuncture in der Praxis Ishikawa<br>Praxisr\u00e4ume: Sch\u00e4rfeng\u00e4\u00dfchen 4-6, 60311 Frankfurt<br>Mobiltelefon: + 49 1573 798 2037<br>E-mail: praxis@freystaetter.com<\/p>\n\n\n\n<p>Die Praxis liegt drei Fu\u00dfminuten (ca. 250 m) von der Hauptwache entfernt zwischen Zeil und Liebfrauenberg.<\/p>\n\n\n\n<p><a href=\"https:\/\/goo.gl\/maps\/QEzFNWXrKMA2\" target=\"_blank\" rel=\"noopener noreferrer\">Siehe Googlemaps<\/a><\/p>\n\n\n\n<p><strong>Inhaltlich Verantwortlicher gem\u00e4\u00df \u00a7 5 TMG<\/strong><br>Werner Freyst\u00e4tter<br>Sch\u00e4rfeng\u00e4\u00dfchen 4-6<br>60311 Frankfurt<br>Mobile: +49 1573 798 2037<\/p>\n\n\n\n<p>Als Heilpraktiker t\u00e4tig aufgrund der Erlaubnis zur berufsm\u00e4\u00dfigen Aus\u00fcbung der Heilkunde ohne Bestallung nach dem Heilpraktikergesetz vom 17. Februar 1939. Die Erlaubnis zur berufsm\u00e4\u00dfigen Aus\u00fcbung der Heilkunde wurde erteilt am 14. Juni 2014 durch das Gesundheitsamt Kreis Offenbach.<\/p>\n\n\n\n<p>Es gelten folgende berufsrechtliche Regelungen einsehbar unter:<\/p>\n\n\n\n<p><a title=\"Gesetz \u00fcber die berufsm\u00e4\u00dfige Aus\u00fcbung der Heilkunde ohne Bestallung\" href=\"https:\/\/www.gesetze-im-internet.de\/heilprg\/BJNR002510939.html\" target=\"_blank\" rel=\"noopener noreferrer\">Heilpraktikergesetz<\/a><\/p>\n\n\n\n<p>Die Praxis ist gemeldet beim zust\u00e4ndigen Gesundheitsamt in Frankfurt am Main:<\/p>\n\n\n\n<p>Gesundheitsamt Frankfurt<br>53.21 Heilpraktiker und Gesundheitsberufe<br>Breite Gasse 28<br>60313 Frankfurt am Main<\/p>\n\n\n\n<p><strong>Abbmahnungen oder Rechteverletzungen<\/strong><br>Sollten Sie nach Ihrer Meinung rechtswidrige Inhalte, insbesondere auch im Hinblick auf urheberrechtliche Vorschriften entdecken, fordere ich Sie auf, mich direkt und pers\u00f6nlich ohne kostenpflichtige Einschaltung eines<br>Rechtsbeistandes zu kontaktieren. Dieser ist nicht erforderlich, da ich zusichere, im Falle des berechtigten Vorbringens unverz\u00fcglich auf erstes Anfordern f\u00fcr Abhilfe zu sorgen und die bedenklichen Inhalte zu entfernen. Die Einschaltung eines Rechtsbeistandes ist somit nicht erforderlich. Gegen dabei entstehende Kosten werde ich Einspruch erheben.<\/p>\n\n\n\n<p><strong>Heilversprechen \u2013 Heilmittelwerbegesetz<\/strong><br>Aus rechtlichen Gr\u00fcnden weise ich darauf hin:<br>Grunds\u00e4tzlich soll bei der aufgef\u00fchrten Therapie nicht der Eindruck erweckt werden, dass diesem ein Heilversprechen zugrunde liegt.<\/p>\n\n\n\n<p>Ebenso wenig kann aus den Ausf\u00fchrungen abgeleitet werden, dass Linderung oder Verbesserung eines Krankheitszustandes garantiert oder versprochen werden.<\/p>\n\n\n\n<p><strong>\u00dcber die Traditionelle Chinesische Medizin (TCM)<\/strong><br>Aus rechtlichen Gr\u00fcnden weise ich darauf hin:<br>Wie die meisten Naturheilverfahren wird die Traditionelle Chinesische Medizin in ihren verschiedenen Therapieformen bw. nur in Teilbereichen von der evidenz-basierten Medizin nicht anerkannt. Die TCM geh\u00f6rt nicht zum allgemeinen medizinischen Standard in Deutschland.<\/p>\n\n\n\n<p>Wissenschaftliche Beweise seien noch nicht ausreichend erbracht worden und die Wirksamkeit ist nicht hinreichend gesichert und anerkannt.<\/p>\n\n\n\n<figure class=\"wp-block-image\"><a href=\"https:\/\/www.agtcm.de\/index.htm\" target=\"_blank\" rel=\"attachment wp-att-44 noopener noreferrer\"><img loading=\"lazy\" decoding=\"async\" width=\"349\" height=\"95\" src=\"https:\/\/akupunktur-freystaetter.de\/wp-content\/uploads\/logo-agtcm-werner-freystaetter-ist-vollmitglied.jpg\" alt=\"Werner Freyst\u00e4tter ist Vollmitglied der AGTCM.\" class=\"wp-image-44\" title=\"\" srcset=\"https:\/\/akupunktur-freystaetter.de\/wp-content\/uploads\/logo-agtcm-werner-freystaetter-ist-vollmitglied.jpg 349w, https:\/\/akupunktur-freystaetter.de\/wp-content\/uploads\/logo-agtcm-werner-freystaetter-ist-vollmitglied-200x54.jpg 200w\" sizes=\"auto, (max-width: 349px) 100vw, 349px\" \/><\/a><\/figure>\n\n\n\n<p><\/p>\n\n\n\n<p><strong>Werner Freyst\u00e4tter ist Mitglied der AGTCM<\/strong><br>Die AGTCM ist ein gemeinn\u00fctziger Interessenverband f\u00fcr Heilpraktiker und \u00c4rzte. <\/p>\n\n\n\n<p><\/p>\n","protected":false},"excerpt":{"rendered":"<p>Heilpraktiker Werner Freyst\u00e4tterPraxisname: Two Rivers Acupuncture in der Praxis IshikawaPraxisr\u00e4ume: Sch\u00e4rfeng\u00e4\u00dfchen 4-6, 60311 FrankfurtMobiltelefon: + 49 1573 798 2037E-mail: praxis@freystaetter.com Die Praxis liegt drei Fu\u00dfminuten (ca. 250 m) von der Hauptwache entfernt zwischen Zeil und Liebfrauenberg. Siehe Googlemaps Inhaltlich Verantwortlicher gem\u00e4\u00df \u00a7 5 TMGWerner Freyst\u00e4tterSch\u00e4rfeng\u00e4\u00dfchen 4-660311 FrankfurtMobile: +49 1573 798 2037 Als Heilpraktiker t\u00e4tig aufgrund der Erlaubnis zur berufsm\u00e4\u00dfigen Aus\u00fcbung der Heilkunde ohne Bestallung nach dem Heilpraktikergesetz vom 17. Februar 1939. Die Erlaubnis zur berufsm\u00e4\u00dfigen [&hellip;]<\/p>\n","protected":false},"author":2,"featured_media":0,"parent":0,"menu_order":70,"comment_status":"closed","ping_status":"closed","template":"","meta":{"footnotes":""},"class_list":["post-14","page","type-page","status-publish","hentry"],"_links":{"self":[{"href":"https:\/\/akupunktur-freystaetter.de\/de\/wp-json\/wp\/v2\/pages\/14","targetHints":{"allow":["GET"]}}],"collection":[{"href":"https:\/\/akupunktur-freystaetter.de\/de\/wp-json\/wp\/v2\/pages"}],"about":[{"href":"https:\/\/akupunktur-freystaetter.de\/de\/wp-json\/wp\/v2\/types\/page"}],"author":[{"embeddable":true,"href":"https:\/\/akupunktur-freystaetter.de\/de\/wp-json\/wp\/v2\/users\/2"}],"replies":[{"embeddable":true,"href":"https:\/\/akupunktur-freystaetter.de\/de\/wp-json\/wp\/v2\/comments?post=14"}],"version-history":[{"count":4,"href":"https:\/\/akupunktur-freystaetter.de\/de\/wp-json\/wp\/v2\/pages\/14\/revisions"}],"predecessor-version":[{"id":2133,"href":"https:\/\/akupunktur-freystaetter.de\/de\/wp-json\/wp\/v2\/pages\/14\/revisions\/2133"}],"wp:attachment":[{"href":"https:\/\/akupunktur-freystaetter.de\/de\/wp-json\/wp\/v2\/media?parent=14"}],"curies":[{"name":"wp","href":"https:\/\/api.w.org\/{rel}","templated":true}]}}