{"id":1063,"date":"2023-01-18T11:54:00","date_gmt":"2023-01-18T10:54:00","guid":{"rendered":"https:\/\/akupunktur-freystaetter.de\/?page_id=1063"},"modified":"2025-04-15T12:58:36","modified_gmt":"2025-04-15T10:58:36","slug":"qigong-tai-chi-und-gesundheitsuebungen-im-therapeutischen-kontext","status":"publish","type":"page","link":"https:\/\/akupunktur-freystaetter.de\/de\/qigong-tai-chi-und-gesundheitsuebungen-im-therapeutischen-kontext\/","title":{"rendered":"Qigong, Tai Chi und Gesundheits\u00fcbungen im therapeutischen Kontext"},"content":{"rendered":"\n<h2 class=\"wp-block-heading\">Qigong, Tai Chi und Gesundheits\u00fcbungen im therapeutischen Kontext<\/h2>\n\n\n\n<p>Die Chinesische Medizin setzt sich zusammen aus Therapie-ans\u00e4tzen und -methoden aus 5 Bereichen.<\/p>\n\n\n\n<p>Dies sind die weit bekannten <em>&#8222;5 S\u00e4ulen der chinesischen Medizin&#8220;<\/em>:<\/p>\n\n\n\n<ol class=\"wp-block-list\"><li>Akupunktur<\/li><li>Arzneimitteltherapie \/ Kr\u00e4uter<\/li><li>Tuina Anmo \/ die manuelle Therapie<\/li><li>Qigong \/ Tai Chi Chuan &#8211; Bewegungstherapien<\/li><li>Ern\u00e4hrung \/ Di\u00e4tetik &#8211; &#8222;5 Elemente Ern\u00e4hrung&#8220;<\/li><\/ol>\n\n\n\n<p>Aufgrund der \u00fcbergreifenden Diagnoseans\u00e4tze und Einteilungen in der chin. Medizintheorie lassen sich bei Patienten aus der Diagnose und Behandlungsstrategie z.B. f\u00fcr eine Akupunkturbehandlung oder Kr\u00e4uterrezeptur auch pr\u00e4zise und richtungsweisende Empfehlungen f\u00fcr die Ern\u00e4hrung und auch f\u00fcr den Sport bzw. Gesundheits\u00fcbungen ableiten.<\/p>\n\n\n\n<p>Dieses bereichs\u00fcbergreifende Eigenschaft ist meiner Meinung nach einer der fundamentalsten St\u00e4rken der chin. Medizin im Gegensatz z.B. zu den westlichen Diagnoseans\u00e4tzen in der Osteopathie, Physiotherapie usw.<\/p>\n\n\n\n<p>F\u00fcr Patienten \u00f6ffnet somit die Behandlung mit Akupunktur oder Tuina Anmo weitere Wege, wie sie in Eigenregie ihre Gesundheit st\u00e4rken k\u00f6nnnen und somit zum Therapieerfolg beitragen.<\/p>\n\n\n\n<h2 class=\"wp-block-heading\">Warum Qigong und Tai Chi?<\/h2>\n\n\n\n<p>Tai Chi Chuan sind choreographische Bewegungsabfolgen, die in Gruppenstunden ge\u00fcbt werden. Trotz Unterteilung in verschieden Laufformen, deren L\u00e4nge variiert, ist die Lernkurve am Anfang doch etwas steil. Hier ist es wichtig eine Gruppe u. einen Lehrer zu finden, der motiviert und eine sch\u00f6ne Lernumgebung bietet.<\/p>\n\n\n\n<p>Qigong ist ein Sammelbegriff und beinhaltet unz\u00e4hlige Stile und Ans\u00e4tze. Neben den klassischen \u00dcbungen (wie 8 Brokate) gibt es zahlreiche Online Angebote und Trainings vor Ort. Qigong setzt sich meist aus einzelnen \u00dcbungen zusammen, die je nach Ansatz starke oder sanfte Bewegungsabl\u00e4ufe haben und auch mit stille Meditationssequenzen sich abwechseln.<\/p>\n\n\n\n<p>Zur optimalen Nutzung des therapeutischen Potentials geh\u00f6rt neben dem regelm\u00e4\u00dfigen Training, eine Unterweisung und im besten Fall auch eine Korrektur bzw. Anleitung beim Ausf\u00fchren in den ersten Wochen und Monaten.<\/p>\n\n\n\n<p>Aber auch mit dem \u00dcben im online Modus und Videoclips k\u00f6nnen schon beachtliche Fortschritte gemacht werden.<\/p>\n\n\n\n<p>Vorraussetzung sind eine geduldige, sanfte Vorgehensweise und ein dem Gesundheitszustand angepasstes Trainieren.<\/p>\n\n\n\n<h2 class=\"wp-block-heading\">Der Mini Fragebogen<\/h2>\n\n\n\n<ol class=\"wp-block-list\"><li><em>Welche Qigong oder verwandte Literatur \/ B\u00fccher habe ich in meinem Regal?<\/em><\/li><\/ol>\n\n\n\n<p>Eine Auflistung der B\u00fccher, die ich in den letzten Jahren studiert, gelesen bzw. reingeschnuppert habe befindet sich hier auf Librarything: Qigong B\u00fccher Liste<\/p>\n\n\n\n<p>Qigong lernt man nicht bei der Lekt\u00fcre. Bei der Auflistung handelt es sich um Qigong Stile, Qigong Literatur und Publikationen, die ich aus beruflichem Interesse mir n\u00e4her angeschaut habe bzw. mit der Motivation ein Verst\u00e4ndnis f\u00fcr das eigentlich endlos komplexe und weite Thema von fern\u00f6stlichen Gesundheits\u00fcbungen zu bekommen.<\/p>\n\n\n\n<ol class=\"wp-block-list\" start=\"2\"><li><em>Welche Qigong Trainer\/innen habe ich auf Youtube ausprobiert und welche Clips kann ich empfehlen?<\/em><\/li><\/ol>\n\n\n\n<p>Auch hier hat sich inzwischen ein un\u00fcberschaubares Sammelsurium von gefilmten Lehrstunden \u00fcber schn\u00f6der Werbung f\u00fcr einen Qigong Stil oder Trainer bis zum perfekt ausgeleuchteten und ausgereiften Qigong \u00dcbungsequenz angesammelt.<\/p>\n\n\n\n<p>Zwei der popul\u00e4rsten Qigong Trainer im englischsprachigen Raum sind:<\/p>\n\n\n\n<p><strong><em>Mimi Kuo Deemer<\/em><\/strong> mit den 8 Brokaten (ca. 18 Minuten)<br><strong><em>Lee Holden<\/em><\/strong> mit seinem Morning and Evening Qigong (mit jeweils 10 Minuten bzw. 20 Minuten Versionen)<\/p>\n\n\n\n<p>Beide nehme ich oft als Ausgangspunkt, um Patienten zum erstenmal mit der Qigong Thematik vertraut zu machen.<\/p>\n\n\n\n<ol class=\"wp-block-list\" start=\"3\"><li>Welche Qigong und Tai Chi Angebote kann ich in Frankfurt empfehlen?<\/li><\/ol>\n\n\n\n<p>Pers\u00f6nlich kennengelernt, teilgenommen und profitiert habe ich von den Angeboten von:<\/p>\n\n\n\n<p>Gerhard Klein &#8211; <a href=\"https:\/\/abz-mitte.de\/das-abz-mitte\/die-schule-fuer-natuerliches-bewegen\" target=\"_blank\" rel=\"noopener\">Schule f\u00fcr nat\u00fcrliche Bewegung<\/a> im ABZ Mitte in Offenbach<\/p>\n\n\n\n<p>Peter Nowak, Nikolai Bosselmann u. Frank Behringer bei der [TGB Bornheim](<br>https:\/\/www.tgbornheim.de\/app\/ &#8222;https:\/\/www.tgbornheim.de\/app\/&#8220;)<\/p>\n\n\n\n<p>Das Team vom <a href=\"https:\/\/www.taozentrum-frankfurt.de\/\" target=\"_blank\" rel=\"noopener\">Tao Zentrum in Frankfurt<\/a> an der Hamburger Allee<\/p>\n\n\n\n<p>Mit Trainern aus den folgenden Schulen habe ich Erfahrungen gesammelt:<\/p>\n\n\n\n<p><a href=\"https:\/\/www.taichi-frankfurt.de\/\" target=\"_blank\" rel=\"noopener\">Tai Chi Forum<\/a> am Holzhausen Park<br><a href=\"https:\/\/vhs.frankfurt.de\/de\/\" target=\"_blank\" rel=\"noopener\">VHS Frankfurt<\/a> in der Sonnemann Stra\u00dfe.<\/p>\n\n\n\n<p>Schon lange in Frankfurt pr\u00e4sent mit eigenen Schulen und Angeboten sind:<\/p>\n\n\n\n<p><a href=\"https:\/\/www.taichi-weber.de\/\" target=\"_blank\" rel=\"noopener\">Rolf Weber: Tai Chi im Lee Stil<\/a><br>Kai Uwe Jettkandt<br><a href=\"https:\/\/www.taijiakademie.de\/\" target=\"_blank\" rel=\"noopener\">Frieder Anders<\/a><br><a href=\"http:\/\/qigong-in-frankfurt.de\/\" target=\"_blank\" rel=\"noopener\">Ursula Perras<\/a><\/p>\n\n\n\n<h3 class=\"wp-block-heading\">Qigong und Schnittstellen mit anderen Gesundheits\u00fcbungen u. Sportangeboten<\/h3>\n\n\n\n<p>Nach einem Jahrzehnt Besch\u00e4ftigung und Training mit Qigong und Tai Chi Chuan im therapeutischen Kontext kombiniere ich das gerne mit meinen Erfahrungen aus anderen Bereichen wie:<\/p>\n\n\n\n<ul class=\"wp-block-list\"><li>Alexandertechnik Pilates Yoga<\/li><li>Makko Ho (\u00dcbungen aus dem Shiatsu)<\/li><li>Meridian Dehn\u00fcbungen \/ Meridian Stretching<\/li><li>Functional Training und<br>Fitnesstrainings<\/li><\/ul>\n\n\n\n<p>Mein Ziel als Heilpraktiker ist es die Patienten, die ich in meiner Praxis behandle mit konkreten Darreichungen aus dem Bereich der Bewegungstherapien und Sport &amp; Fitnessangeboten in Frankfurt einen Weg zu zeigen, bei dem sie eigenst\u00e4ndige an ihrer Genesung mitwirken und durch die daraus gewonnen Erfahrungen durch regelm\u00e4\u00dfiges Training \u00fcber der Genesungsphase hinaus in ihren Alltag mitnehmen.<\/p>\n","protected":false},"excerpt":{"rendered":"<p>Qigong, Tai Chi und Gesundheits\u00fcbungen im therapeutischen Kontext Die Chinesische Medizin setzt sich zusammen aus Therapie-ans\u00e4tzen und -methoden aus 5 Bereichen. Dies sind die weit bekannten &#8222;5 S\u00e4ulen der chinesischen Medizin&#8220;: Akupunktur Arzneimitteltherapie \/ Kr\u00e4uter Tuina Anmo \/ die manuelle Therapie Qigong \/ Tai Chi Chuan &#8211; Bewegungstherapien Ern\u00e4hrung \/ Di\u00e4tetik &#8211; &#8222;5 Elemente Ern\u00e4hrung&#8220; Aufgrund der \u00fcbergreifenden Diagnoseans\u00e4tze und Einteilungen in der chin. Medizintheorie lassen sich bei Patienten aus der Diagnose und Behandlungsstrategie z.B. [&hellip;]<\/p>\n","protected":false},"author":1,"featured_media":0,"parent":0,"menu_order":0,"comment_status":"closed","ping_status":"closed","template":"","meta":{"footnotes":""},"class_list":["post-1063","page","type-page","status-publish","hentry"],"_links":{"self":[{"href":"https:\/\/akupunktur-freystaetter.de\/de\/wp-json\/wp\/v2\/pages\/1063","targetHints":{"allow":["GET"]}}],"collection":[{"href":"https:\/\/akupunktur-freystaetter.de\/de\/wp-json\/wp\/v2\/pages"}],"about":[{"href":"https:\/\/akupunktur-freystaetter.de\/de\/wp-json\/wp\/v2\/types\/page"}],"author":[{"embeddable":true,"href":"https:\/\/akupunktur-freystaetter.de\/de\/wp-json\/wp\/v2\/users\/1"}],"replies":[{"embeddable":true,"href":"https:\/\/akupunktur-freystaetter.de\/de\/wp-json\/wp\/v2\/comments?post=1063"}],"version-history":[{"count":0,"href":"https:\/\/akupunktur-freystaetter.de\/de\/wp-json\/wp\/v2\/pages\/1063\/revisions"}],"wp:attachment":[{"href":"https:\/\/akupunktur-freystaetter.de\/de\/wp-json\/wp\/v2\/media?parent=1063"}],"curies":[{"name":"wp","href":"https:\/\/api.w.org\/{rel}","templated":true}]}}